{"id":7288,"date":"2020-12-03T18:06:07","date_gmt":"2020-12-03T17:06:07","guid":{"rendered":"https:\/\/ondulit.it\/?page_id=7288"},"modified":"2024-07-29T12:53:52","modified_gmt":"2024-07-29T10:53:52","slug":"ventilcover","status":"publish","type":"page","link":"https:\/\/ondulit.it\/fr\/ventilcover\/","title":{"rendered":"Ventilcover"},"content":{"rendered":"<div class=\"wpb-content-wrapper\"><p>[vc_row css_animation=\u00a0\u00bb\u00a0\u00bb row_type=\u00a0\u00bbrow\u00a0\u00bb use_row_as_full_screen_section=\u00a0\u00bbno\u00a0\u00bb type=\u00a0\u00bbfull_width\u00a0\u00bb angled_section=\u00a0\u00bbno\u00a0\u00bb text_align=\u00a0\u00bbleft\u00a0\u00bb background_image_as_pattern=\u00a0\u00bbwithout_pattern\u00a0\u00bb css=\u00a0\u00bb.vc_custom_1588061097153{background-color: #ffffff !important;background-position: center !important;background-repeat: no-repeat !important;background-size: cover !important;}\u00a0\u00bb z_index=\u00a0\u00bb30&Prime;][vc_column][vc_empty_space height=\u00a0\u00bb80px\u00a0\u00bb el_class=\u00a0\u00bbno-desk\u00a0\u00bb][vc_empty_space height=\u00a0\u00bb100px\u00a0\u00bb el_class=\u00a0\u00bbno-mobile\u00a0\u00bb][vc_row_inner row_type=\u00a0\u00bbrow\u00a0\u00bb type=\u00a0\u00bbgrid\u00a0\u00bb text_align=\u00a0\u00bbcenter\u00a0\u00bb css_animation=\u00a0\u00bb\u00a0\u00bb css=\u00a0\u00bb.vc_custom_1588059442074{margin-bottom: 0px !important;padding-bottom: 0px !important;background-position: center !important;background-repeat: no-repeat !important;background-size: cover !important;}\u00a0\u00bb][vc_column_inner offset=\u00a0\u00bbvc_col-lg-offset-0 vc_col-lg-4 vc_col-md-offset-2 vc_col-md-6 vc_col-sm-offset-0 vc_col-xs-12&Prime;][vc_column_text el_class=\u00a0\u00bbextreme\u00a0\u00bb css=\u00a0\u00bb.vc_custom_1607015575716{margin-top: 0px !important;margin-bottom: -12% !important;padding-top: 0px !important;}\u00a0\u00bb]<\/p>\n<h1 style=\"text-align: left;\">Solutions mises en oeuvre<\/h1>\n<p>[\/vc_column_text][vc_column_text]<\/p>\n<h2 style=\"text-align: left;\"><span style=\"color: #e32219;\">Ventilcover<\/span><\/h2>\n<p>[\/vc_column_text][vc_column_text el_class=\u00a0\u00bbtesto3&Prime; css=\u00a0\u00bb.vc_custom_1607015944863{padding-top: 10px !important;}\u00a0\u00bb]<\/p>\n<h3 style=\"text-align: left;\"><span style=\"color: #e32219;\">Syst\u00e8me permettant la transformation de toitures planes en toitures \u00e0 versants<\/span><\/h3>\n<p>[\/vc_column_text][vc_empty_space][vc_column_text el_class=\u00a0\u00bbjustify\u00a0\u00bb css=\u00a0\u00bb.vc_custom_1607015952668{padding-bottom: 100px !important;}\u00a0\u00bb]Cette solution permet de r\u00e9soudre les probl\u00e8mes propres aux couvertures planes, permettant l\u2019\u00e9vacuation de l\u2019eau de pluie \u00e0 l\u2019ext\u00e9rieur, en \u00e9vitant les infiltrations. Le syst\u00e8me est modulable, l\u00e9ger et am\u00e9liore l\u2019efficacit\u00e9 \u00e9nerg\u00e9tique du b\u00e2timent.[\/vc_column_text][\/vc_column_inner][vc_column_inner css=\u00a0\u00bb.vc_custom_1596207933963{padding-left: 30px !important;}\u00a0\u00bb offset=\u00a0\u00bbvc_col-lg-offset-0 vc_col-lg-8 vc_col-md-offset-2 vc_col-md-6 vc_col-sm-offset-0 vc_col-xs-12&Prime;][vc_empty_space height=\u00a0\u00bb50px\u00a0\u00bb][vc_single_image image=\u00a0\u00bb1777&Prime; img_size=\u00a0\u00bbfull\u00a0\u00bb alignment=\u00a0\u00bbcenter\u00a0\u00bb qode_css_animation=\u00a0\u00bb\u00a0\u00bb][\/vc_column_inner][\/vc_row_inner][vc_row_inner row_type=\u00a0\u00bbrow\u00a0\u00bb type=\u00a0\u00bbfull_width\u00a0\u00bb text_align=\u00a0\u00bbleft\u00a0\u00bb css_animation=\u00a0\u00bb\u00a0\u00bb css=\u00a0\u00bb.vc_custom_1588061027048{padding-top: 50px !important;}\u00a0\u00bb][vc_column_inner width=\u00a0\u00bb1\/3&Prime;][\/vc_column_inner][vc_column_inner width=\u00a0\u00bb1\/3&Prime;]<span data-type=\"normal\"  class=\"qode_icon_shortcode  q_font_awsome_icon fa-lg pull-center \" style=\" \"><a class=\"anchor\" itemprop=\"url\" href=\"#caratteristiche\" target=\"_self\"><i class=\"qode_icon_font_awesome fa fa-apple qode_icon_element\" style=\"font-size: 80px;color: #e32219;\" ><\/i><\/a><\/span>[\/vc_column_inner][vc_column_inner width=\u00a0\u00bb1\/3&Prime;][\/vc_column_inner][\/vc_row_inner][\/vc_column][\/vc_row][vc_row css_animation=\u00a0\u00bb\u00a0\u00bb row_type=\u00a0\u00bbrow\u00a0\u00bb use_row_as_full_screen_section=\u00a0\u00bbno\u00a0\u00bb type=\u00a0\u00bbfull_width\u00a0\u00bb angled_section=\u00a0\u00bbno\u00a0\u00bb text_align=\u00a0\u00bbleft\u00a0\u00bb background_image_as_pattern=\u00a0\u00bbwithout_pattern\u00a0\u00bb css=\u00a0\u00bb.vc_custom_1588064081028{background-position: center !important;background-repeat: no-repeat !important;background-size: cover !important;}\u00a0\u00bb z_index=\u00a0\u00bb30&Prime; anchor=\u00a0\u00bbcaratteristiche\u00a0\u00bb][vc_column][vc_row_inner row_type=\u00a0\u00bbrow\u00a0\u00bb type=\u00a0\u00bbfull_width\u00a0\u00bb text_align=\u00a0\u00bbcenter\u00a0\u00bb css_animation=\u00a0\u00bb\u00a0\u00bb css=\u00a0\u00bb.vc_custom_1588059212993{margin-bottom: 0px !important;padding-bottom: 0px !important;background-position: center !important;background-repeat: no-repeat !important;background-size: cover !important;}\u00a0\u00bb][vc_column_inner][vc_single_image image=\u00a0\u00bb981&Prime; img_size=\u00a0\u00bbfull\u00a0\u00bb qode_css_animation=\u00a0\u00bb\u00a0\u00bb][\/vc_column_inner][\/vc_row_inner][vc_row_inner row_type=\u00a0\u00bbrow\u00a0\u00bb type=\u00a0\u00bbgrid\u00a0\u00bb text_align=\u00a0\u00bbcenter\u00a0\u00bb css_animation=\u00a0\u00bb\u00a0\u00bb css=\u00a0\u00bb.vc_custom_1588064030972{margin-bottom: 0px !important;padding-top: 20px !important;padding-bottom: 0px !important;background-color: #f2f2f2 !important;background-position: center !important;background-repeat: no-repeat !important;background-size: cover !important;}\u00a0\u00bb][vc_column_inner][vc_empty_space height=\u00a0\u00bb60px\u00a0\u00bb el_class=\u00a0\u00bbno-mobile\u00a0\u00bb][\/vc_column_inner][\/vc_row_inner][vc_row_inner row_type=\u00a0\u00bbrow\u00a0\u00bb type=\u00a0\u00bbgrid\u00a0\u00bb text_align=\u00a0\u00bbcenter\u00a0\u00bb css_animation=\u00a0\u00bb\u00a0\u00bb css=\u00a0\u00bb.vc_custom_1589470492130{background-color: #f2f2f2 !important;background-position: center !important;background-repeat: no-repeat !important;background-size: cover !important;}\u00a0\u00bb][vc_column_inner offset=\u00a0\u00bbvc_col-lg-4 vc_col-md-4 vc_col-xs-12&Prime;][vc_column_text]<\/p>\n<h2 style=\"text-align: center;\"><span style=\"color: #e32219;\">Avantages<\/span><\/h2>\n<p>[\/vc_column_text][vc_empty_space height=\u00a0\u00bb40px\u00a0\u00bb][\/vc_column_inner][vc_column_inner offset=\u00a0\u00bbvc_col-lg-8 vc_col-md-8 vc_col-xs-12&Prime;][vc_column_text el_class=\u00a0\u00bbdescrizione-icone\u00a0\u00bb]<\/p>\n<ol>\n<li style=\"text-align: left;\"><strong>Garantit l\u2019\u00e9tanch\u00e9it\u00e9 en r\u00e9gulant l\u2019\u00e9coulement des eaux pluviales <\/strong><\/li>\n<li style=\"text-align: left;\"><strong>Augmente l\u2019efficacit\u00e9 \u00e9nerg\u00e9tique du b\u00e2timent en transformant la toiture plane en toit isol\u00e9 et ventil\u00e9<\/strong><\/li>\n<li style=\"text-align: left;\"><strong>Sur le chantier, l\u2019installation du syst\u00e8me est rapide et propre et n\u2019interf\u00e8re pas avec les activit\u00e9s \u00e0 l\u2019int\u00e9rieur du b\u00e2timent<\/strong><\/li>\n<li style=\"text-align: left;\"><strong>C\u2019est un syst\u00e8me l\u00e9ger<\/strong><\/li>\n<li style=\"text-align: left;\"><strong>La technologie multicouche Ondulit en assure la durabilit\u00e9<\/strong><\/li>\n<li style=\"text-align: left;\"><strong>C\u2019est un syst\u00e8me certifi\u00e9 EN 1090:1-2009 + A1:2011<\/strong><\/li>\n<li style=\"text-align: left;\"><strong>Il ne modifie pas l\u2019aspect architectural de la fa\u00e7ade du b\u00e2timent<\/strong><\/li>\n<li style=\"text-align: left;\"><strong>S\u2019adapte \u00e0 toute forme de toit et stratification de couverture<\/strong><\/li>\n<\/ol>\n<p>[\/vc_column_text][\/vc_column_inner][\/vc_row_inner][vc_empty_space height=\u00a0\u00bb40px\u00a0\u00bb el_class=\u00a0\u00bbno-mobile\u00a0\u00bb css=\u00a0\u00bb.vc_custom_1589525952640{background-color: #f2f2f2 !important;}\u00a0\u00bb][vc_empty_space height=\u00a0\u00bb40px\u00a0\u00bb css=\u00a0\u00bb.vc_custom_1589525958389{background-color: #f2f2f2 !important;}\u00a0\u00bb][vc_row_inner row_type=\u00a0\u00bbrow\u00a0\u00bb type=\u00a0\u00bbgrid\u00a0\u00bb text_align=\u00a0\u00bbcenter\u00a0\u00bb css_animation=\u00a0\u00bb\u00a0\u00bb css=\u00a0\u00bb.vc_custom_1589470507844{margin-bottom: 0px !important;padding-bottom: 0px !important;background-color: #f2f2f2 !important;background-position: center !important;background-repeat: no-repeat !important;background-size: cover !important;}\u00a0\u00bb][vc_column_inner width=\u00a0\u00bb1\/6&Prime;][\/vc_column_inner][vc_column_inner width=\u00a0\u00bb2\/3&Prime;][vc_column_text el_class=\u00a0\u00bbtesto3&Prime;]<\/p>\n<h3 style=\"text-align: center;\"><span style=\"color: #e32219;\">Contactez-nous pour recevoir la fiche technique<\/span><\/h3>\n<h3 style=\"text-align: center;\"><span style=\"color: #e32219;\">et les instructions de montage<\/span><\/h3>\n<p>[\/vc_column_text][\/vc_column_inner][vc_column_inner width=\u00a0\u00bb1\/6&Prime;][\/vc_column_inner][\/vc_row_inner][vc_row_inner row_type=\u00a0\u00bbexpandable\u00a0\u00bb text_align=\u00a0\u00bbleft\u00a0\u00bb button_position=\u00a0\u00bbcenter\u00a0\u00bb css=\u00a0\u00bb.vc_custom_1588063157361{margin-top: 0px !important;margin-right: 0px !important;padding-top: 0px !important;}\u00a0\u00bb background_color=\u00a0\u00bb#f2f2f2&Prime; expandable_content_top_padding=\u00a0\u00bb20&Prime; el_class=\u00a0\u00bbslantedDivA\u00a0\u00bb][vc_column_inner css=\u00a0\u00bb.vc_custom_1589559216091{margin-top: 0px !important;padding-top: 0px !important;background-color: #f2f2f2 !important;}\u00a0\u00bb][qode_elements_holder background_color=\u00a0\u00bbf2f2f2&Prime; number_of_columns=\u00a0\u00bbtwo_columns\u00a0\u00bb][qode_elements_holder_item vertical_alignment=\u00a0\u00bbmiddle\u00a0\u00bb horizontal_alignment=\u00a0\u00bbcenter\u00a0\u00bb advanced_animations=\u00a0\u00bbno\u00a0\u00bb background_color=\u00a0\u00bb#f2f2f2&Prime;][vc_raw_html]JTNDc2NyaXB0JTIwZGF0YS1iMjQtZm9ybSUzRCUyMmlubGluZSUyRjQzJTJGMmIwMjRpJTIyJTIwZGF0YS1za2lwLW1vdmluZyUzRCUyMnRydWUlMjIlM0UlQzIlQTAlMjhmdW5jdGlvbiUyOHclMkNkJTJDdSUyOSU3QiVDMiVBMHZhciUyMHMlM0RkLmNyZWF0ZUVsZW1lbnQlMjglMjdzY3JpcHQlMjclMjklM0JzLmFzeW5jJTNEdHJ1ZSUzQnMuc3JjJTNEdSUyQiUyNyUzRiUyNyUyQiUyOERhdGUubm93JTI4JTI5JTJGMTgwMDAwJTdDMCUyOSUzQiVDMiVBMHZhciUyMGglM0RkLmdldEVsZW1lbnRzQnlUYWdOYW1lJTI4JTI3c2NyaXB0JTI3JTI5JTVCMCU1RCUzQmgucGFyZW50Tm9kZS5pbnNlcnRCZWZvcmUlMjhzJTJDaCUyOSUzQiVDMiVBMCU3RCUyOSUyOHdpbmRvdyUyQ2RvY3VtZW50JTJDJTI3aHR0cHMlM0ElMkYlMkZteS5vbmR1bGl0Lml0JTJGdXBsb2FkJTJGY3JtJTJGZm9ybSUyRmxvYWRlcl80M18yYjAyNGkuanMlMjclMjklM0IlMjAlM0MlMkZzY3JpcHQlM0UlMEE=[\/vc_raw_html][\/qode_elements_holder_item][qode_elements_holder_item vertical_alignment=\u00a0\u00bbmiddle\u00a0\u00bb horizontal_alignment=\u00a0\u00bbleft\u00a0\u00bb advanced_animations=\u00a0\u00bbno\u00a0\u00bb background_color=\u00a0\u00bb#f2f2f2&Prime; item_padding_1280_1440=\u00a0\u00bb0px 30px 0px 30px\u00a0\u00bb item_padding_1024_1280=\u00a0\u00bb0px 30px 0px 30px\u00a0\u00bb item_padding_768_1024=\u00a0\u00bb0px 20px 0px 20px\u00a0\u00bb item_padding_600_768=\u00a0\u00bb0px 10px 0px 100px\u00a0\u00bb item_padding_480_600=\u00a0\u00bb0px 10px 300px 10px\u00a0\u00bb item_padding_480=\u00a0\u00bb0px 10px 0px 10px\u00a0\u00bb][vc_column_text css=\u00a0\u00bb.vc_custom_1607016104773{padding-bottom: 20px !important;}\u00a0\u00bb]<\/p>\n<h3><span style=\"color: #e32219;\">Contactez-nous<\/span><\/h3>\n<p>[\/vc_column_text][vc_column_text el_class=\u00a0\u00bbdescrizione-icone pad-bottom\u00a0\u00bb]<span style=\"color: #818181;\"><strong>Vous avez besoin de:<\/strong><\/span>[\/vc_column_text][vc_column_text el_class=\u00a0\u00bbdescrizione-icone variante-par\u00a0\u00bb css=\u00a0\u00bb.vc_custom_1607016119067{padding-bottom: 20px !important;}\u00a0\u00bb]<\/p>\n<p style=\"padding-left: 40px;\"><span style=\"color: #818181;\"><strong><span style=\"color: #ff2f20;\">\u2022<\/span> assistance pour vos projets<br \/>\n<\/strong><\/span><span style=\"color: #818181;\"><strong><span style=\"color: #ff2f20;\">\u2022<\/span> plus d&rsquo;informations techniques<br \/>\n<\/strong><\/span><span style=\"color: #818181;\"><strong><span style=\"color: #ff2f20;\">\u2022<\/span> prix, tarifs et d\u00e9lais de livraison<br \/>\n<\/strong><\/span><\/p>\n<p>[\/vc_column_text][vc_column_text el_class=\u00a0\u00bbdescrizione-icone pad-bottom\u00a0\u00bb]<span style=\"color: #818181;\"><strong>Nous vous contacterons au plus vite<\/strong><\/span>[\/vc_column_text][vc_separator type=\u00a0\u00bbsmall\u00a0\u00bb position=\u00a0\u00bbleft\u00a0\u00bb width_in_percentages=\u00a0\u00bbyes\u00a0\u00bb color=\u00a0\u00bb#e32219&Prime; width=\u00a0\u00bb10&Prime; thickness=\u00a0\u00bb5&Prime;][\/qode_elements_holder_item][\/qode_elements_holder][\/vc_column_inner][\/vc_row_inner][\/vc_column][\/vc_row][vc_row css_animation=\u00a0\u00bb\u00a0\u00bb row_type=\u00a0\u00bbrow\u00a0\u00bb use_row_as_full_screen_section=\u00a0\u00bbno\u00a0\u00bb type=\u00a0\u00bbfull_width\u00a0\u00bb angled_section=\u00a0\u00bbno\u00a0\u00bb text_align=\u00a0\u00bbleft\u00a0\u00bb background_image_as_pattern=\u00a0\u00bbwithout_pattern\u00a0\u00bb css=\u00a0\u00bb.vc_custom_1588058820641{margin-top: -30px !important;background-color: #ffffff !important;background-position: center !important;background-repeat: no-repeat !important;background-size: cover !important;}\u00a0\u00bb z_index=\u00a0\u00bb\u00a0\u00bb][vc_column][qode_elements_holder number_of_columns=\u00a0\u00bbtwo_columns\u00a0\u00bb][qode_elements_holder_item vertical_alignment=\u00a0\u00bbmiddle\u00a0\u00bb horizontal_alignment=\u00a0\u00bbleft\u00a0\u00bb advanced_animations=\u00a0\u00bbno\u00a0\u00bb item_padding=\u00a0\u00bb0px 0px 100px 0px\u00a0\u00bb item_padding_1280_1440=\u00a0\u00bb0px 30px 0px 30px\u00a0\u00bb item_padding_1024_1280=\u00a0\u00bb0px 30px 0px 30px\u00a0\u00bb item_padding_768_1024=\u00a0\u00bb0px 50px 0px 50px\u00a0\u00bb item_padding_600_768=\u00a0\u00bb0px 10px 0px 10px\u00a0\u00bb item_padding_480_600=\u00a0\u00bb0px 10px 0px 10px\u00a0\u00bb item_padding_480=\u00a0\u00bb0px 10px 0px 10px\u00a0\u00bb custom_class=\u00a0\u00bbtesto-no-padding\u00a0\u00bb][vc_empty_space height=\u00a0\u00bb70px\u00a0\u00bb el_class=\u00a0\u00bbno-desk\u00a0\u00bb][vc_column_text el_class=\u00a0\u00bbtesto3&Prime; el_id=\u00a0\u00bbrientro\u00a0\u00bb]<\/p>\n<h3><span style=\"color: #e32219;\">Syst\u00e8me de construction certifi\u00e9, l\u00e9ger et pi\u00e9tinable. Ne modifie par la conformation du b\u00e2timent<\/span><\/h3>\n<p>[\/vc_column_text][vc_empty_space height=\u00a0\u00bb30px\u00a0\u00bb][vc_column_text el_class=\u00a0\u00bbjustify testo-gallery\u00a0\u00bb]Gr\u00e2ce \u00e0 une conception sur mesure, Ventilcover permet de r\u00e9aliser des couvertures \u00e0 versants inclin\u00e9s, m\u00eame complexes. Par rapport aux solutions en \u0153uvre avec panneaux sandwich ou imperm\u00e9abilisations, Ventilcover garantit confort thermique et acoustique et \u00e9tanch\u00e9it\u00e9 totale. C\u2019est donc la solution id\u00e9ale pour tout type de construction r\u00e9sidentielle, sociale, industrielle, qu\u2019il s\u2019agisse de construction nouvelle ou de r\u00e9novation. Le syst\u00e8me peut facilement accueillir une installation photovolta\u00efque.[\/vc_column_text][\/qode_elements_holder_item][qode_elements_holder_item vertical_alignment=\u00a0\u00bbmiddle\u00a0\u00bb horizontal_alignment=\u00a0\u00bbcenter\u00a0\u00bb advanced_animations=\u00a0\u00bbno\u00a0\u00bb][vc_gallery interval=\u00a0\u00bb3&Prime; images=\u00a0\u00bb2459,2458,2460,1763&Prime; img_size=\u00a0\u00bbfull\u00a0\u00bb][\/qode_elements_holder_item][\/qode_elements_holder][\/vc_column][\/vc_row][vc_row css_animation=\u00a0\u00bb\u00a0\u00bb row_type=\u00a0\u00bbrow\u00a0\u00bb use_row_as_full_screen_section=\u00a0\u00bbno\u00a0\u00bb type=\u00a0\u00bbfull_width\u00a0\u00bb angled_section=\u00a0\u00bbno\u00a0\u00bb text_align=\u00a0\u00bbleft\u00a0\u00bb background_image_as_pattern=\u00a0\u00bbwithout_pattern\u00a0\u00bb css=\u00a0\u00bb.vc_custom_1590509315790{margin-top: -250px !important;background-image: url(https:\/\/ondulit.it\/wp-content\/uploads\/2020\/05\/Coverib1000_Unal1000_Texture_diagonale.png?id=1244) !important;}\u00a0\u00bb z_index=\u00a0\u00bb20&Prime; el_class=\u00a0\u00bbbg-diagonal\u00a0\u00bb el_id=\u00a0\u00bbmobileremoved\u00a0\u00bb][vc_column][vc_empty_space height=\u00a0\u00bb450px\u00a0\u00bb][\/vc_column][\/vc_row][vc_row css_animation=\u00a0\u00bb\u00a0\u00bb row_type=\u00a0\u00bbrow\u00a0\u00bb use_row_as_full_screen_section=\u00a0\u00bbno\u00a0\u00bb type=\u00a0\u00bbfull_width\u00a0\u00bb angled_section=\u00a0\u00bbno\u00a0\u00bb text_align=\u00a0\u00bbleft\u00a0\u00bb background_image_as_pattern=\u00a0\u00bbwithout_pattern\u00a0\u00bb][vc_column][vc_column_text css=\u00a0\u00bb.vc_custom_1607015714322{padding-bottom: 20px !important;}\u00a0\u00bb]<\/p>\n<h2 style=\"text-align: center;\"><span style=\"color: #e32219;\"><span class=\"ng-star-inserted\">Zone de t\u00e9l\u00e9chargement <\/span><\/span><\/h2>\n<p>[\/vc_column_text][vc_column_text el_class=\u00a0\u00bbdescrizione-icone\u00a0\u00bb]<\/p>\n<h5 style=\"text-align: center;\">Acc\u00e9dez \u00e0 l&rsquo;espace r\u00e9serv\u00e9 et t\u00e9l\u00e9chargez toutes les donn\u00e9es techniques sur les produits Ondulit.<\/h5>\n<p>[\/vc_column_text][vc_empty_space height=\u00a0\u00bb40px\u00a0\u00bb][\/vc_column][\/vc_row][vc_row css_animation=\u00a0\u00bb\u00a0\u00bb row_type=\u00a0\u00bbrow\u00a0\u00bb use_row_as_full_screen_section=\u00a0\u00bbno\u00a0\u00bb type=\u00a0\u00bbgrid\u00a0\u00bb angled_section=\u00a0\u00bbno\u00a0\u00bb text_align=\u00a0\u00bbleft\u00a0\u00bb background_image_as_pattern=\u00a0\u00bbwithout_pattern\u00a0\u00bb css=\u00a0\u00bb.vc_custom_1590571025926{padding-top: 40px !important;padding-bottom: 100px !important;background-color: #ffffff !important;}\u00a0\u00bb z_index=\u00a0\u00bb\u00a0\u00bb][vc_column width=\u00a0\u00bb1\/3&Prime; css=\u00a0\u00bb.vc_custom_1589981930794{padding-top: 0px !important;}\u00a0\u00bb el_id=\u00a0\u00bbno-border\u00a0\u00bb][vc_row_inner row_type=\u00a0\u00bbrow\u00a0\u00bb type=\u00a0\u00bbfull_width\u00a0\u00bb text_align=\u00a0\u00bbleft\u00a0\u00bb css_animation=\u00a0\u00bb\u00a0\u00bb][vc_column_inner width=\u00a0\u00bb1\/3&Prime; css=\u00a0\u00bb.vc_custom_1588025972179{margin-left: 0px !important;padding-left: 0px !important;}\u00a0\u00bb][vc_single_image image=\u00a0\u00bb287&Prime; img_size=\u00a0\u00bbfull\u00a0\u00bb qode_css_animation=\u00a0\u00bb\u00a0\u00bb css=\u00a0\u00bb.vc_custom_1589527299434{padding-bottom: 20px !important;}\u00a0\u00bb el_class=\u00a0\u00bbicona-dwg\u00a0\u00bb][\/vc_column_inner][vc_column_inner width=\u00a0\u00bb2\/3&Prime;][vc_empty_space height=\u00a0\u00bb30px\u00a0\u00bb el_class=\u00a0\u00bbno-mobile-tablet\u00a0\u00bb][vc_column_text el_class=\u00a0\u00bblink-hover dwg\u00a0\u00bb]<span style=\"color: #d1d1d1;\"><strong>T\u00e9l\u00e9chargement file dwg<\/strong><\/span>[\/vc_column_text][vc_empty_space height=\u00a0\u00bb70px\u00a0\u00bb][\/vc_column_inner][vc_column_inner][\/vc_column_inner][\/vc_row_inner][\/vc_column][vc_column css=\u00a0\u00bb.vc_custom_1722250397376{padding-top: 0px !important;}\u00a0\u00bb offset=\u00a0\u00bbvc_col-lg-4 vc_col-md-8 vc_col-xs-12&Prime;][vc_empty_space height=\u00a0\u00bb20px\u00a0\u00bb]<a  itemprop=\"url\" href=\"https:\/\/my.ondulit.it\/~p7Evt\" target=\"_self\" data-hover-background-color=\"#ff2f20\" data-hover-border-color=\"#ff2f20\" data-hover-color=\"#ffffff\" class=\"qbutton  large center default button-ondulit\" style=\"color: #ffffff; border-color: #ff2f20; background-color:#ff2f20;\">Fiche Technique<\/a>[\/vc_column][vc_column offset=\u00a0\u00bbvc_col-lg-4 vc_hidden-lg vc_col-md-8 vc_hidden-md vc_hidden-sm vc_col-xs-12 vc_hidden-xs\u00a0\u00bb][vc_empty_space height=\u00a0\u00bb20px\u00a0\u00bb]<a  itemprop=\"url\" href=\"https:\/\/ondulit.it\/en\/download\/\" target=\"_self\" data-hover-background-color=\"#ff2f20\" data-hover-border-color=\"#ff2f20\" data-hover-color=\"#ffffff\" class=\"qbutton  large center default button-ondulit\" style=\"color: #ffffff; border-color: #ff2f20; background-color:#ff2f20;\">Instructions de Montage<\/a>[\/vc_column][\/vc_row][vc_row css_animation=\u00a0\u00bb\u00a0\u00bb row_type=\u00a0\u00bbrow\u00a0\u00bb use_row_as_full_screen_section=\u00a0\u00bbno\u00a0\u00bb type=\u00a0\u00bbfull_width\u00a0\u00bb angled_section=\u00a0\u00bbno\u00a0\u00bb text_align=\u00a0\u00bbleft\u00a0\u00bb background_image_as_pattern=\u00a0\u00bbwithout_pattern\u00a0\u00bb css=\u00a0\u00bb.vc_custom_1590571168538{margin-top: 0px !important;margin-bottom: 0px !important;padding-top: 0px !important;padding-bottom: 0px !important;background-color: #ffffff !important;background-position: center !important;background-repeat: no-repeat !important;background-size: cover !important;}\u00a0\u00bb z_index=\u00a0\u00bb\u00a0\u00bb el_class=\u00a0\u00bbflag\u00a0\u00bb side_padding=\u00a0\u00bb0&Prime; padding_top=\u00a0\u00bb0&Prime;][vc_column css=\u00a0\u00bb.vc_custom_1588178891415{margin-top: 0px !important;margin-bottom: 0px !important;padding-top: 0px !important;padding-bottom: 0px !important;}\u00a0\u00bb][vc_single_image image=\u00a0\u00bb73&Prime; img_size=\u00a0\u00bbfull\u00a0\u00bb qode_css_animation=\u00a0\u00bb\u00a0\u00bb css=\u00a0\u00bb.vc_custom_1588178725142{margin-top: 0px !important;margin-bottom: 0px !important;padding-top: 0px !important;padding-bottom: 0px !important;}\u00a0\u00bb][\/vc_column][\/vc_row]<\/p>\n<\/div>","protected":false},"excerpt":{"rendered":"<p>[vc_row css_animation=\u00a0\u00bb\u00a0\u00bb row_type=\u00a0\u00bbrow\u00a0\u00bb use_row_as_full_screen_section=\u00a0\u00bbno\u00a0\u00bb type=\u00a0\u00bbfull_width\u00a0\u00bb angled_section=\u00a0\u00bbno\u00a0\u00bb text_align=\u00a0\u00bbleft\u00a0\u00bb background_image_as_pattern=\u00a0\u00bbwithout_pattern\u00a0\u00bb css=\u00a0\u00bb.vc_custom_1588061097153{background-color: #ffffff !important;background-position: center !important;background-repeat: no-repeat !important;background-size: cover !important;}\u00a0\u00bb z_index=\u00a0\u00bb30&Prime;][vc_column][vc_empty_space height=\u00a0\u00bb80px\u00a0\u00bb el_class=\u00a0\u00bbno-desk\u00a0\u00bb][vc_empty_space height=\u00a0\u00bb100px\u00a0\u00bb el_class=\u00a0\u00bbno-mobile\u00a0\u00bb][vc_row_inner row_type=\u00a0\u00bbrow\u00a0\u00bb type=\u00a0\u00bbgrid\u00a0\u00bb text_align=\u00a0\u00bbcenter\u00a0\u00bb css_animation=\u00a0\u00bb\u00a0\u00bb css=\u00a0\u00bb.vc_custom_1588059442074{margin-bottom: 0px !important;padding-bottom: 0px !important;background-position: center !important;background-repeat: no-repeat !important;background-size: cover !important;}\u00a0\u00bb][vc_column_inner offset=\u00a0\u00bbvc_col-lg-offset-0 vc_col-lg-4 vc_col-md-offset-2 vc_col-md-6 vc_col-sm-offset-0 vc_col-xs-12&Prime;][vc_column_text el_class=\u00a0\u00bbextreme\u00a0\u00bb css=\u00a0\u00bb.vc_custom_1607015575716{margin-top:&#8230;<\/p>\n","protected":false},"author":2,"featured_media":0,"parent":0,"menu_order":0,"comment_status":"closed","ping_status":"closed","template":"full_width.php","meta":{"footnotes":""},"categories":[],"tags":[],"class_list":["post-7288","page","type-page","status-publish","hentry"],"_links":{"self":[{"href":"https:\/\/ondulit.it\/fr\/wp-json\/wp\/v2\/pages\/7288","targetHints":{"allow":["GET"]}}],"collection":[{"href":"https:\/\/ondulit.it\/fr\/wp-json\/wp\/v2\/pages"}],"about":[{"href":"https:\/\/ondulit.it\/fr\/wp-json\/wp\/v2\/types\/page"}],"author":[{"embeddable":true,"href":"https:\/\/ondulit.it\/fr\/wp-json\/wp\/v2\/users\/2"}],"replies":[{"embeddable":true,"href":"https:\/\/ondulit.it\/fr\/wp-json\/wp\/v2\/comments?post=7288"}],"version-history":[{"count":6,"href":"https:\/\/ondulit.it\/fr\/wp-json\/wp\/v2\/pages\/7288\/revisions"}],"predecessor-version":[{"id":15657,"href":"https:\/\/ondulit.it\/fr\/wp-json\/wp\/v2\/pages\/7288\/revisions\/15657"}],"wp:attachment":[{"href":"https:\/\/ondulit.it\/fr\/wp-json\/wp\/v2\/media?parent=7288"}],"wp:term":[{"taxonomy":"category","embeddable":true,"href":"https:\/\/ondulit.it\/fr\/wp-json\/wp\/v2\/categories?post=7288"},{"taxonomy":"post_tag","embeddable":true,"href":"https:\/\/ondulit.it\/fr\/wp-json\/wp\/v2\/tags?post=7288"}],"curies":[{"name":"wp","href":"https:\/\/api.w.org\/{rel}","templated":true}]}}