{"id":4736,"date":"2020-10-20T18:36:33","date_gmt":"2020-10-20T17:36:33","guid":{"rendered":"https:\/\/ondulit.it\/?page_id=4736"},"modified":"2025-06-05T14:40:01","modified_gmt":"2025-06-05T12:40:01","slug":"nous-contacter","status":"publish","type":"page","link":"https:\/\/ondulit.it\/fr\/nous-contacter\/","title":{"rendered":"Nous contacter"},"content":{"rendered":"<div class=\"wpb-content-wrapper\"><p>[vc_row css_animation=\u00a0\u00bb\u00a0\u00bb row_type=\u00a0\u00bbrow\u00a0\u00bb use_row_as_full_screen_section=\u00a0\u00bbno\u00a0\u00bb type=\u00a0\u00bbfull_width\u00a0\u00bb angled_section=\u00a0\u00bbno\u00a0\u00bb text_align=\u00a0\u00bbleft\u00a0\u00bb background_image_as_pattern=\u00a0\u00bbwithout_pattern\u00a0\u00bb z_index=\u00a0\u00bb0&Prime;][vc_column css=\u00a0\u00bb.vc_custom_1587666993726{margin-top: 0px !important;padding-top: 0px !important;}\u00a0\u00bb]\n\t\t\t<!-- START Contatti REVOLUTION SLIDER 6.7.21 --><p class=\"rs-p-wp-fix\"><\/p>\n\t\t\t<rs-module-wrap id=\"rev_slider_3_1_wrapper\" data-source=\"gallery\" style=\"visibility:hidden;background:transparent;padding:0;margin:0px auto;margin-top:0;margin-bottom:0;\">\n\t\t\t\t<rs-module id=\"rev_slider_3_1\" style=\"\" data-version=\"6.7.21\">\n\t\t\t\t\t<rs-slides style=\"overflow: hidden; position: absolute;\">\n\t\t\t\t\t\t<rs-slide style=\"position: absolute;\" data-key=\"rs-5\" data-title=\"Slide\" data-anim=\"ms:1000;r:0;\" data-in=\"o:0;\" data-out=\"a:false;\">\n\t\t\t\t\t\t\t<img decoding=\"async\" src=\"\/\/ondulit.it\/wp-content\/plugins\/revslider\/sr6\/assets\/assets\/dummy.png\" alt=\"\" title=\"contatti\" width=\"1920\" height=\"1122\" class=\"rev-slidebg tp-rs-img rs-lazyload\" data-lazyload=\"\/\/ondulit.it\/wp-content\/uploads\/2020\/05\/contatti-1.jpg\" data-bg=\"p:center top;\" data-no-retina>\n<!---->\t\t\t\t\t<\/rs-slide>\n\t\t\t\t\t<\/rs-slides>\n\t\t\t\t<\/rs-module>\n\t\t\t\t<script>\n\t\t\t\t\tsetREVStartSize({c: 'rev_slider_3_1',rl:[1240,1240,778,480],el:[700,700,960,720],gw:[1240,1240,778,480],gh:[700,700,600,650],type:'standard',justify:'',layout:'fullwidth',mh:\"0\"});if (window.RS_MODULES!==undefined && window.RS_MODULES.modules!==undefined && window.RS_MODULES.modules[\"revslider31\"]!==undefined) {window.RS_MODULES.modules[\"revslider31\"].once = false;window.revapi3 = undefined;if (window.RS_MODULES.checkMinimal!==undefined) window.RS_MODULES.checkMinimal()}\n\t\t\t\t<\/script>\n\t\t\t<\/rs-module-wrap>\n\t\t\t<!-- END REVOLUTION SLIDER -->\n[\/vc_column][\/vc_row][vc_row css_animation=\u00a0\u00bb\u00a0\u00bb row_type=\u00a0\u00bbrow\u00a0\u00bb use_row_as_full_screen_section=\u00a0\u00bbno\u00a0\u00bb type=\u00a0\u00bbfull_width\u00a0\u00bb angled_section=\u00a0\u00bbno\u00a0\u00bb text_align=\u00a0\u00bbleft\u00a0\u00bb background_image_as_pattern=\u00a0\u00bbwithout_pattern\u00a0\u00bb z_index=\u00a0\u00bb99&Prime;][vc_column][vc_row_inner row_type=\u00a0\u00bbrow\u00a0\u00bb type=\u00a0\u00bbfull_width\u00a0\u00bb text_align=\u00a0\u00bbcenter\u00a0\u00bb css_animation=\u00a0\u00bb\u00a0\u00bb css=\u00a0\u00bb.vc_custom_1589988322040{margin-top: -300px !important;margin-bottom: 0px !important;padding-bottom: 60px !important;background-image: url(https:\/\/ondulit.it\/wp-content\/uploads\/2020\/05\/Diagonal_contatti-1.png?id=1297) !important;background-position: center !important;background-repeat: no-repeat !important;background-size: cover !important;}\u00a0\u00bb el_id=\u00a0\u00bbmobilepadding\u00a0\u00bb][vc_column_inner width=\u00a0\u00bb1\/4&Prime;][\/vc_column_inner][vc_column_inner width=\u00a0\u00bb1\/2&Prime;][vc_empty_space height=\u00a0\u00bb200px\u00a0\u00bb][vc_column_text]<\/p>\n<h3 style=\"text-align: center;\"><span style=\"color: #ffffff;\">Nous contacter<\/span><\/h3>\n<p>[\/vc_column_text][vc_empty_space height=\u00a0\u00bb200px\u00a0\u00bb][\/vc_column_inner][vc_column_inner width=\u00a0\u00bb1\/4&Prime;][\/vc_column_inner][\/vc_row_inner][\/vc_column][\/vc_row][vc_row css_animation=\u00a0\u00bb\u00a0\u00bb row_type=\u00a0\u00bbrow\u00a0\u00bb use_row_as_full_screen_section=\u00a0\u00bbno\u00a0\u00bb type=\u00a0\u00bbfull_width\u00a0\u00bb angled_section=\u00a0\u00bbno\u00a0\u00bb text_align=\u00a0\u00bbleft\u00a0\u00bb background_image_as_pattern=\u00a0\u00bbwithout_pattern\u00a0\u00bb css=\u00a0\u00bb.vc_custom_1589988519495{padding-top: 0px !important;background-color: #ffffff !important;}\u00a0\u00bb z_index=\u00a0\u00bb\u00a0\u00bb background_color=\u00a0\u00bb#ffffff\u00a0\u00bb][vc_column css=\u00a0\u00bb.vc_custom_1589987905356{background-color: #ffffff !important;}\u00a0\u00bb][vc_row_inner row_type=\u00a0\u00bbrow\u00a0\u00bb type=\u00a0\u00bbfull_width\u00a0\u00bb text_align=\u00a0\u00bbleft\u00a0\u00bb css_animation=\u00a0\u00bb\u00a0\u00bb css=\u00a0\u00bb.vc_custom_1592591495451{padding-top: 0px !important;padding-right: 30px !important;padding-left: 30px !important;background-color: #ffffff !important;}\u00a0\u00bb background_color=\u00a0\u00bbrgba(255,47,32,0.01)\u00a0\u00bb border_color=\u00a0\u00bbrgba(255,47,32,0.01)\u00a0\u00bb el_id=\u00a0\u00bbexpand\u00a0\u00bb][vc_column_inner css=\u00a0\u00bb.vc_custom_1589988527269{padding-top: 0px !important;background-color: #ffffff !important;}\u00a0\u00bb][qode_elements_holder background_color=\u00a0\u00bb#ffffff\u00a0\u00bb number_of_columns=\u00a0\u00bbtwo_columns\u00a0\u00bb][qode_elements_holder_item vertical_alignment=\u00a0\u00bbtop\u00a0\u00bb horizontal_alignment=\u00a0\u00bbcenter\u00a0\u00bb advanced_animations=\u00a0\u00bbno\u00a0\u00bb background_color=\u00a0\u00bb#ffffff\u00a0\u00bb item_padding=\u00a0\u00bb0px 0 0 0&Prime;][vc_raw_html css=\u00a0\u00bb.vc_custom_1621291918072{padding-top: 30px !important;background-color: #ffffff !important;}\u00a0\u00bb]JTNDc2NyaXB0JTIwZGF0YS1iMjQtZm9ybSUzRCUyMmlubGluZSUyRjQzJTJGMmIwMjRpJTIyJTIwZGF0YS1za2lwLW1vdmluZyUzRCUyMnRydWUlMjIlM0UlQzIlQTAlMjhmdW5jdGlvbiUyOHclMkNkJTJDdSUyOSU3QiVDMiVBMHZhciUyMHMlM0RkLmNyZWF0ZUVsZW1lbnQlMjglMjdzY3JpcHQlMjclMjklM0JzLmFzeW5jJTNEdHJ1ZSUzQnMuc3JjJTNEdSUyQiUyNyUzRiUyNyUyQiUyOERhdGUubm93JTI4JTI5JTJGMTgwMDAwJTdDMCUyOSUzQiVDMiVBMHZhciUyMGglM0RkLmdldEVsZW1lbnRzQnlUYWdOYW1lJTI4JTI3c2NyaXB0JTI3JTI5JTVCMCU1RCUzQmgucGFyZW50Tm9kZS5pbnNlcnRCZWZvcmUlMjhzJTJDaCUyOSUzQiVDMiVBMCU3RCUyOSUyOHdpbmRvdyUyQ2RvY3VtZW50JTJDJTI3aHR0cHMlM0ElMkYlMkZteS5vbmR1bGl0Lml0JTJGdXBsb2FkJTJGY3JtJTJGZm9ybSUyRmxvYWRlcl80M18yYjAyNGkuanMlMjclMjklM0IlMjAlM0MlMkZzY3JpcHQlM0UlMEE=[\/vc_raw_html][\/qode_elements_holder_item][qode_elements_holder_item vertical_alignment=\u00a0\u00bbtop\u00a0\u00bb horizontal_alignment=\u00a0\u00bbleft\u00a0\u00bb advanced_animations=\u00a0\u00bbno\u00a0\u00bb background_color=\u00a0\u00bb#ffffff\u00a0\u00bb item_padding_1280_1440=\u00a0\u00bb0px 30px 0px 30px\u00a0\u00bb item_padding_1024_1280=\u00a0\u00bb0px 30px 0px 30px\u00a0\u00bb item_padding_768_1024=\u00a0\u00bb0px 20px 0px 20px\u00a0\u00bb item_padding_600_768=\u00a0\u00bb0px 10px 0px 130px\u00a0\u00bb item_padding_480_600=\u00a0\u00bb0px 10px 0px 10px\u00a0\u00bb item_padding_480=\u00a0\u00bb0px 10px 0px 10px\u00a0\u00bb item_padding=\u00a0\u00bb0 0 0 0&Prime;][vc_empty_space height=\u00a0\u00bb160px\u00a0\u00bb el_class=\u00a0\u00bbno-mobile\u00a0\u00bb][vc_column_text css=\u00a0\u00bb\u00a0\u00bb el_class=\u00a0\u00bbdescrizione-icone pad-bottom\u00a0\u00bb]<\/p>\n<h4><span style=\"color: #e32219;\"><strong>Service client<\/strong><\/span><\/h4>\n<p class=\"rosa\"><strong>Actif \u00e0 partir du 17 juin 2025<\/strong><br \/>\n+39 0620199935<br \/>\n<a href=\"mailto:servizio.clienti@ondulit.it\">servizio.clienti@ondulit.it<\/a><\/p>\n<p>&nbsp;<\/p>\n<h4><span style=\"color: #707372;\"><strong>Direction g\u00e9n\u00e9rale et si\u00e8ge social<\/strong><\/span><\/h4>\n<p class=\"rosa\">95\/E via Portuense<br \/>\n00153 Roma Italie<br \/>\nTel. +39 0658330880<br \/>\nFax +39 065812977<br \/>\ne-mail <a href=\"mailto:info@ondulit.it\">info@ondulit.it<\/a><\/p>\n<p>&nbsp;<\/p>\n<h4><span style=\"color: #707372;\"><strong>Usine<\/strong><\/span><\/h4>\n<p class=\"rosa\">Km 49.300 via Appia<br \/>\n04012 LT Cisterna di Latina Italie<\/p>\n<p>[\/vc_column_text][vc_separator type=\u00a0\u00bbsmall\u00a0\u00bb position=\u00a0\u00bbleft\u00a0\u00bb width_in_percentages=\u00a0\u00bbyes\u00a0\u00bb color=\u00a0\u00bb#e32219&Prime; width=\u00a0\u00bb10&Prime; thickness=\u00a0\u00bb5&Prime; up=\u00a0\u00bb20&Prime;][vc_empty_space height=\u00a0\u00bb30px\u00a0\u00bb][\/qode_elements_holder_item][\/qode_elements_holder][\/vc_column_inner][\/vc_row_inner][\/vc_column][\/vc_row][vc_row css_animation=\u00a0\u00bb\u00a0\u00bb row_type=\u00a0\u00bbrow\u00a0\u00bb use_row_as_full_screen_section=\u00a0\u00bbno\u00a0\u00bb type=\u00a0\u00bbfull_width\u00a0\u00bb angled_section=\u00a0\u00bbno\u00a0\u00bb text_align=\u00a0\u00bbleft\u00a0\u00bb background_image_as_pattern=\u00a0\u00bbwithout_pattern\u00a0\u00bb][vc_column][vc_empty_space height=\u00a0\u00bb70px\u00a0\u00bb][\/vc_column][\/vc_row][vc_row css_animation=\u00a0\u00bb\u00a0\u00bb row_type=\u00a0\u00bbrow\u00a0\u00bb use_row_as_full_screen_section=\u00a0\u00bbno\u00a0\u00bb type=\u00a0\u00bbfull_width\u00a0\u00bb angled_section=\u00a0\u00bbno\u00a0\u00bb text_align=\u00a0\u00bbleft\u00a0\u00bb background_image_as_pattern=\u00a0\u00bbwithout_pattern\u00a0\u00bb css=\u00a0\u00bb.vc_custom_1587680908739{background-image: url(https:\/\/ondulit.it\/wp-content\/uploads\/2020\/04\/ondulit_italia-e15821427206731.png?id=73) !important;background-position: center !important;background-repeat: no-repeat !important;background-size: cover !important;}\u00a0\u00bb z_index=\u00a0\u00bb\u00a0\u00bb][vc_column][vc_empty_space height=\u00a0\u00bb20px\u00a0\u00bb][\/vc_column][\/vc_row]<\/p>\n<\/div>","protected":false},"excerpt":{"rendered":"<p>[vc_row css_animation=\u00a0\u00bb\u00a0\u00bb row_type=\u00a0\u00bbrow\u00a0\u00bb use_row_as_full_screen_section=\u00a0\u00bbno\u00a0\u00bb type=\u00a0\u00bbfull_width\u00a0\u00bb angled_section=\u00a0\u00bbno\u00a0\u00bb text_align=\u00a0\u00bbleft\u00a0\u00bb background_image_as_pattern=\u00a0\u00bbwithout_pattern\u00a0\u00bb z_index=\u00a0\u00bb0&Prime;][vc_column css=\u00a0\u00bb.vc_custom_1587666993726{margin-top: 0px !important;padding-top: 0px !important;}\u00a0\u00bb][\/vc_column][\/vc_row][vc_row css_animation=\u00a0\u00bb\u00a0\u00bb row_type=\u00a0\u00bbrow\u00a0\u00bb use_row_as_full_screen_section=\u00a0\u00bbno\u00a0\u00bb type=\u00a0\u00bbfull_width\u00a0\u00bb angled_section=\u00a0\u00bbno\u00a0\u00bb text_align=\u00a0\u00bbleft\u00a0\u00bb background_image_as_pattern=\u00a0\u00bbwithout_pattern\u00a0\u00bb z_index=\u00a0\u00bb99&Prime;][vc_column][vc_row_inner row_type=\u00a0\u00bbrow\u00a0\u00bb type=\u00a0\u00bbfull_width\u00a0\u00bb text_align=\u00a0\u00bbcenter\u00a0\u00bb css_animation=\u00a0\u00bb\u00a0\u00bb css=\u00a0\u00bb.vc_custom_1589988322040{margin-top: -300px !important;margin-bottom: 0px !important;padding-bottom: 60px !important;background-image: url(https:\/\/ondulit.it\/wp-content\/uploads\/2020\/05\/Diagonal_contatti-1.png?id=1297) !important;background-position: center !important;background-repeat: no-repeat !important;background-size: cover !important;}\u00a0\u00bb el_id=\u00a0\u00bbmobilepadding\u00a0\u00bb][vc_column_inner width=\u00a0\u00bb1\/4&Prime;][\/vc_column_inner][vc_column_inner width=\u00a0\u00bb1\/2&Prime;][vc_empty_space height=\u00a0\u00bb200px\u00a0\u00bb][vc_column_text]&#8230;<\/p>\n","protected":false},"author":2,"featured_media":0,"parent":0,"menu_order":0,"comment_status":"closed","ping_status":"closed","template":"full_width.php","meta":{"footnotes":""},"categories":[],"tags":[],"class_list":["post-4736","page","type-page","status-publish","hentry"],"_links":{"self":[{"href":"https:\/\/ondulit.it\/fr\/wp-json\/wp\/v2\/pages\/4736","targetHints":{"allow":["GET"]}}],"collection":[{"href":"https:\/\/ondulit.it\/fr\/wp-json\/wp\/v2\/pages"}],"about":[{"href":"https:\/\/ondulit.it\/fr\/wp-json\/wp\/v2\/types\/page"}],"author":[{"embeddable":true,"href":"https:\/\/ondulit.it\/fr\/wp-json\/wp\/v2\/users\/2"}],"replies":[{"embeddable":true,"href":"https:\/\/ondulit.it\/fr\/wp-json\/wp\/v2\/comments?post=4736"}],"version-history":[{"count":3,"href":"https:\/\/ondulit.it\/fr\/wp-json\/wp\/v2\/pages\/4736\/revisions"}],"predecessor-version":[{"id":16722,"href":"https:\/\/ondulit.it\/fr\/wp-json\/wp\/v2\/pages\/4736\/revisions\/16722"}],"wp:attachment":[{"href":"https:\/\/ondulit.it\/fr\/wp-json\/wp\/v2\/media?parent=4736"}],"wp:term":[{"taxonomy":"category","embeddable":true,"href":"https:\/\/ondulit.it\/fr\/wp-json\/wp\/v2\/categories?post=4736"},{"taxonomy":"post_tag","embeddable":true,"href":"https:\/\/ondulit.it\/fr\/wp-json\/wp\/v2\/tags?post=4736"}],"curies":[{"name":"wp","href":"https:\/\/api.w.org\/{rel}","templated":true}]}}