{"id":4422,"date":"2020-10-09T17:40:55","date_gmt":"2020-10-09T16:40:55","guid":{"rendered":"https:\/\/ondulit.it\/?page_id=4422"},"modified":"2024-01-16T17:32:09","modified_gmt":"2024-01-16T15:32:09","slug":"stratification-sur-plancher-bois-et-protection-multicouche","status":"publish","type":"page","link":"https:\/\/ondulit.it\/fr\/stratification-sur-plancher-bois-et-protection-multicouche\/","title":{"rendered":"Solution 9"},"content":{"rendered":"<div class=\"wpb-content-wrapper\"><p>[vc_row css_animation=\u00a0\u00bb\u00a0\u00bb row_type=\u00a0\u00bbrow\u00a0\u00bb use_row_as_full_screen_section=\u00a0\u00bbno\u00a0\u00bb type=\u00a0\u00bbfull_width\u00a0\u00bb angled_section=\u00a0\u00bbno\u00a0\u00bb text_align=\u00a0\u00bbleft\u00a0\u00bb background_image_as_pattern=\u00a0\u00bbwithout_pattern\u00a0\u00bb css=\u00a0\u00bb.vc_custom_1588061097153{background-color: #ffffff !important;background-position: center !important;background-repeat: no-repeat !important;background-size: cover !important;}\u00a0\u00bb z_index=\u00a0\u00bb30&Prime;][vc_column][vc_empty_space height=\u00a0\u00bb80px\u00a0\u00bb el_class=\u00a0\u00bbno-desk\u00a0\u00bb][vc_empty_space height=\u00a0\u00bb100px\u00a0\u00bb el_class=\u00a0\u00bbno-mobile\u00a0\u00bb][vc_row_inner row_type=\u00a0\u00bbrow\u00a0\u00bb type=\u00a0\u00bbgrid\u00a0\u00bb text_align=\u00a0\u00bbcenter\u00a0\u00bb css_animation=\u00a0\u00bb\u00a0\u00bb css=\u00a0\u00bb.vc_custom_1588059442074{margin-bottom: 0px !important;padding-bottom: 0px !important;background-position: center !important;background-repeat: no-repeat !important;background-size: cover !important;}\u00a0\u00bb][vc_column_inner offset=\u00a0\u00bbvc_col-lg-offset-0 vc_col-lg-4 vc_col-md-offset-2 vc_col-md-4 vc_col-sm-offset-0 vc_col-xs-12&Prime;][vc_column_text el_class=\u00a0\u00bbextreme\u00a0\u00bb css=\u00a0\u00bb.vc_custom_1607704628617{margin-top: 0px !important;margin-bottom: -12% !important;padding-top: 0px !important;}\u00a0\u00bb]<\/p>\n<h1 style=\"text-align: left;\">Toiture<\/h1>\n<p>[\/vc_column_text][vc_column_text]<\/p>\n<h2 style=\"text-align: left;\"><span style=\"color: #e32219;\">Solution 9<br \/>\n<\/span><\/h2>\n<p>[\/vc_column_text][vc_column_text el_class=\u00a0\u00bbtesto3&Prime; css=\u00a0\u00bb.vc_custom_1607704637809{padding-top: 10px !important;}\u00a0\u00bb]<\/p>\n<h3 style=\"text-align: left;\"><span style=\"color: #e32219;\">Stratification sur plancher bois avec partie sup\u00e9rieure en panneau \u00e0 protection multicouche CoverPi\u00f9<\/span><\/h3>\n<p>[\/vc_column_text][vc_empty_space][vc_column_text el_class=\u00a0\u00bbjustify\u00a0\u00bb]Solution pour plancher bois, avec finition interne en planches de bois. Le panneau Coverpi\u00f9 est fix\u00e9 \u00e0 la structure interm\u00e9diaire en bois qui est elle m\u00eame fix\u00e9e aux poutres de bois. Pour garantir la continuit\u00e9 des mat\u00e9riaux, les espaces vides entre les chevrons seront remplis par des panneaux en fibre de bois. Un frein vapeur pos\u00e9 sur le plancher bois compl\u00e8te la stratification.[\/vc_column_text][\/vc_column_inner][vc_column_inner css=\u00a0\u00bb.vc_custom_1596210306244{padding-left: 30px !important;}\u00a0\u00bb offset=\u00a0\u00bbvc_col-lg-offset-0 vc_col-lg-8 vc_col-md-offset-2 vc_col-md-8 vc_col-sm-offset-0 vc_col-xs-12&Prime;][vc_empty_space height=\u00a0\u00bb50px\u00a0\u00bb][vc_single_image image=\u00a0\u00bb1819&Prime; img_size=\u00a0\u00bbfull\u00a0\u00bb alignment=\u00a0\u00bbcenter\u00a0\u00bb qode_css_animation=\u00a0\u00bb\u00a0\u00bb][\/vc_column_inner][\/vc_row_inner][vc_row_inner row_type=\u00a0\u00bbrow\u00a0\u00bb type=\u00a0\u00bbfull_width\u00a0\u00bb text_align=\u00a0\u00bbleft\u00a0\u00bb css_animation=\u00a0\u00bb\u00a0\u00bb css=\u00a0\u00bb.vc_custom_1588061027048{padding-top: 50px !important;}\u00a0\u00bb][vc_column_inner width=\u00a0\u00bb1\/3&Prime;][\/vc_column_inner][vc_column_inner width=\u00a0\u00bb1\/3&Prime;]<span data-type=\"normal\"  class=\"qode_icon_shortcode  q_font_awsome_icon fa-lg pull-center \" style=\" \"><a class=\"anchor\" itemprop=\"url\" href=\"#caratteristiche\" target=\"_self\"><i class=\"qode_icon_font_awesome fa fa-apple qode_icon_element\" style=\"font-size: 80px;color: #e32219;\" ><\/i><\/a><\/span>[\/vc_column_inner][vc_column_inner width=\u00a0\u00bb1\/3&Prime;][\/vc_column_inner][\/vc_row_inner][\/vc_column][\/vc_row][vc_row css_animation=\u00a0\u00bb\u00a0\u00bb row_type=\u00a0\u00bbrow\u00a0\u00bb use_row_as_full_screen_section=\u00a0\u00bbno\u00a0\u00bb type=\u00a0\u00bbfull_width\u00a0\u00bb angled_section=\u00a0\u00bbno\u00a0\u00bb text_align=\u00a0\u00bbleft\u00a0\u00bb background_image_as_pattern=\u00a0\u00bbwithout_pattern\u00a0\u00bb css=\u00a0\u00bb.vc_custom_1588064081028{background-position: center !important;background-repeat: no-repeat !important;background-size: cover !important;}\u00a0\u00bb z_index=\u00a0\u00bb30&Prime; anchor=\u00a0\u00bbcaratteristiche\u00a0\u00bb][vc_column][vc_row_inner row_type=\u00a0\u00bbrow\u00a0\u00bb type=\u00a0\u00bbfull_width\u00a0\u00bb text_align=\u00a0\u00bbcenter\u00a0\u00bb css_animation=\u00a0\u00bb\u00a0\u00bb css=\u00a0\u00bb.vc_custom_1588059212993{margin-bottom: 0px !important;padding-bottom: 0px !important;background-position: center !important;background-repeat: no-repeat !important;background-size: cover !important;}\u00a0\u00bb][vc_column_inner][vc_single_image image=\u00a0\u00bb981&Prime; img_size=\u00a0\u00bbfull\u00a0\u00bb qode_css_animation=\u00a0\u00bb\u00a0\u00bb][\/vc_column_inner][\/vc_row_inner][vc_row_inner row_type=\u00a0\u00bbrow\u00a0\u00bb type=\u00a0\u00bbgrid\u00a0\u00bb text_align=\u00a0\u00bbcenter\u00a0\u00bb css_animation=\u00a0\u00bb\u00a0\u00bb css=\u00a0\u00bb.vc_custom_1588064030972{margin-bottom: 0px !important;padding-top: 20px !important;padding-bottom: 0px !important;background-color: #f2f2f2 !important;background-position: center !important;background-repeat: no-repeat !important;background-size: cover !important;}\u00a0\u00bb][vc_column_inner][vc_empty_space height=\u00a0\u00bb60px\u00a0\u00bb el_class=\u00a0\u00bbno-mobile\u00a0\u00bb][\/vc_column_inner][\/vc_row_inner][vc_row_inner row_type=\u00a0\u00bbrow\u00a0\u00bb type=\u00a0\u00bbgrid\u00a0\u00bb text_align=\u00a0\u00bbcenter\u00a0\u00bb css_animation=\u00a0\u00bb\u00a0\u00bb css=\u00a0\u00bb.vc_custom_1589470492130{background-color: #f2f2f2 !important;background-position: center !important;background-repeat: no-repeat !important;background-size: cover !important;}\u00a0\u00bb][vc_column_inner width=\u00a0\u00bb1\/3&Prime;][vc_column_text]<\/p>\n<h2 style=\"text-align: center;\"><span style=\"color: #e32219;\">Avantages<\/span><\/h2>\n<p>[\/vc_column_text][vc_empty_space][\/vc_column_inner][vc_column_inner width=\u00a0\u00bb2\/3&Prime;][vc_column_text el_class=\u00a0\u00bbdescrizione-icone\u00a0\u00bb]<\/p>\n<ol>\n<li style=\"text-align: left;\"><strong>Facilit\u00e9 d&rsquo;installation des chevrons en bois pos\u00e9s directement sur le plancher bois.<\/strong><\/li>\n<li style=\"text-align: left;\"><strong>L&rsquo;utilisation de plusieurs types d&rsquo;isolants sous le panneau, comme la fibre de bois, permet de contenir les d\u00e9phasages thermiques en \u00e9t\u00e9.<\/strong><\/li>\n<li style=\"text-align: left;\"><strong>Ventilation int\u00e9gr\u00e9e Rapide dispersion de la chaleur accumul\u00e9e.<\/strong><\/li>\n<li style=\"text-align: left;\"><strong>Importante \u00e9paisseur de l&rsquo;isolant sans ponts thermiques.<\/strong><\/li>\n<li style=\"text-align: left;\"><strong>Etanch\u00e9it\u00e9 \u00e0 l&rsquo;air sur la face interne (garantie par la premi\u00e8re membrane pos\u00e9e sur le rev\u00eatement en bois).<\/strong><\/li>\n<li style=\"text-align: left;\"><strong>Elimination de la condensation intersticielle.<\/strong><\/li>\n<li style=\"text-align: left;\"><strong>L&rsquo;utilisation du panneau CoverPi\u00f9 garantit en un seul \u00e9l\u00e9ment isolation et ventilation.<\/strong><\/li>\n<li style=\"text-align: left;\"><strong>Installation rapide.<\/strong><\/li>\n<li style=\"text-align: left;\"><strong>Vis et cavaliers d&rsquo;aspect identique \u00e0 la couverture.<\/strong><\/li>\n<\/ol>\n<p>[\/vc_column_text][\/vc_column_inner][\/vc_row_inner][vc_empty_space height=\u00a0\u00bb40px\u00a0\u00bb el_class=\u00a0\u00bbno-mobile\u00a0\u00bb css=\u00a0\u00bb.vc_custom_1589525952640{background-color: #f2f2f2 !important;}\u00a0\u00bb][vc_empty_space height=\u00a0\u00bb40px\u00a0\u00bb css=\u00a0\u00bb.vc_custom_1589525958389{background-color: #f2f2f2 !important;}\u00a0\u00bb][vc_row_inner row_type=\u00a0\u00bbrow\u00a0\u00bb type=\u00a0\u00bbgrid\u00a0\u00bb text_align=\u00a0\u00bbcenter\u00a0\u00bb css_animation=\u00a0\u00bb\u00a0\u00bb css=\u00a0\u00bb.vc_custom_1589470507844{margin-bottom: 0px !important;padding-bottom: 0px !important;background-color: #f2f2f2 !important;background-position: center !important;background-repeat: no-repeat !important;background-size: cover !important;}\u00a0\u00bb][vc_column_inner width=\u00a0\u00bb1\/6&Prime;][\/vc_column_inner][vc_column_inner width=\u00a0\u00bb2\/3&Prime;][vc_column_text el_class=\u00a0\u00bbtesto3&Prime;]<\/p>\n<h3 style=\"text-align: center;\"><span style=\"color: #e32219;\">Contactez-nous pour recevoir la fiche technique<\/span><\/h3>\n<h3 style=\"text-align: center;\"><span style=\"color: #e32219;\">et les instructions de montage<\/span><\/h3>\n<p>[\/vc_column_text][\/vc_column_inner][vc_column_inner width=\u00a0\u00bb1\/6&Prime;][\/vc_column_inner][\/vc_row_inner][vc_row_inner row_type=\u00a0\u00bbexpandable\u00a0\u00bb text_align=\u00a0\u00bbleft\u00a0\u00bb button_position=\u00a0\u00bbcenter\u00a0\u00bb css=\u00a0\u00bb.vc_custom_1588063157361{margin-top: 0px !important;margin-right: 0px !important;padding-top: 0px !important;}\u00a0\u00bb background_color=\u00a0\u00bb#f2f2f2&Prime; expandable_content_top_padding=\u00a0\u00bb20&Prime; el_class=\u00a0\u00bbslantedDivA\u00a0\u00bb][vc_column_inner css=\u00a0\u00bb.vc_custom_1589559216091{margin-top: 0px !important;padding-top: 0px !important;background-color: #f2f2f2 !important;}\u00a0\u00bb][qode_elements_holder background_color=\u00a0\u00bbf2f2f2&Prime; number_of_columns=\u00a0\u00bbtwo_columns\u00a0\u00bb][qode_elements_holder_item vertical_alignment=\u00a0\u00bbmiddle\u00a0\u00bb horizontal_alignment=\u00a0\u00bbcenter\u00a0\u00bb advanced_animations=\u00a0\u00bbno\u00a0\u00bb background_color=\u00a0\u00bb#f2f2f2&Prime;][vc_raw_html]JTNDc2NyaXB0JTIwZGF0YS1iMjQtZm9ybSUzRCUyMmlubGluZSUyRjQzJTJGMmIwMjRpJTIyJTIwZGF0YS1za2lwLW1vdmluZyUzRCUyMnRydWUlMjIlM0UlQzIlQTAlMjhmdW5jdGlvbiUyOHclMkNkJTJDdSUyOSU3QiVDMiVBMHZhciUyMHMlM0RkLmNyZWF0ZUVsZW1lbnQlMjglMjdzY3JpcHQlMjclMjklM0JzLmFzeW5jJTNEdHJ1ZSUzQnMuc3JjJTNEdSUyQiUyNyUzRiUyNyUyQiUyOERhdGUubm93JTI4JTI5JTJGMTgwMDAwJTdDMCUyOSUzQiVDMiVBMHZhciUyMGglM0RkLmdldEVsZW1lbnRzQnlUYWdOYW1lJTI4JTI3c2NyaXB0JTI3JTI5JTVCMCU1RCUzQmgucGFyZW50Tm9kZS5pbnNlcnRCZWZvcmUlMjhzJTJDaCUyOSUzQiVDMiVBMCU3RCUyOSUyOHdpbmRvdyUyQ2RvY3VtZW50JTJDJTI3aHR0cHMlM0ElMkYlMkZteS5vbmR1bGl0Lml0JTJGdXBsb2FkJTJGY3JtJTJGZm9ybSUyRmxvYWRlcl80M18yYjAyNGkuanMlMjclMjklM0IlMjAlM0MlMkZzY3JpcHQlM0UlMEE=[\/vc_raw_html][\/qode_elements_holder_item][qode_elements_holder_item vertical_alignment=\u00a0\u00bbmiddle\u00a0\u00bb horizontal_alignment=\u00a0\u00bbleft\u00a0\u00bb advanced_animations=\u00a0\u00bbno\u00a0\u00bb background_color=\u00a0\u00bb#f2f2f2&Prime; item_padding_1280_1440=\u00a0\u00bb0px 30px 0px 30px\u00a0\u00bb item_padding_1024_1280=\u00a0\u00bb0px 30px 0px 30px\u00a0\u00bb item_padding_768_1024=\u00a0\u00bb0px 20px 0px 20px\u00a0\u00bb item_padding_600_768=\u00a0\u00bb0px 10px 0px 100px\u00a0\u00bb item_padding_480_600=\u00a0\u00bb0px 10px 300px 10px\u00a0\u00bb item_padding_480=\u00a0\u00bb0px 10px 0px 10px\u00a0\u00bb][vc_column_text css=\u00a0\u00bb.vc_custom_1607704825236{padding-bottom: 20px !important;}\u00a0\u00bb]<\/p>\n<h3><span style=\"color: #e32219;\">Contactez-nous<\/span><\/h3>\n<p>[\/vc_column_text][vc_column_text el_class=\u00a0\u00bbdescrizione-icone pad-bottom\u00a0\u00bb]<span style=\"color: #818181;\"><strong>Vous avez besoin de:<\/strong><\/span>[\/vc_column_text][vc_column_text el_class=\u00a0\u00bbdescrizione-icone variante-par\u00a0\u00bb css=\u00a0\u00bb.vc_custom_1607704779188{padding-bottom: 20px !important;}\u00a0\u00bb]<\/p>\n<p style=\"padding-left: 40px;\"><span style=\"color: #818181;\"><strong><span style=\"color: #ff2f20;\">\u2022<\/span> assistance pour vos projets<br \/>\n<\/strong><\/span><span style=\"color: #818181;\"><strong><span style=\"color: #ff2f20;\">\u2022<\/span> plus d&rsquo;informations techniques<br \/>\n<\/strong><\/span><span style=\"color: #818181;\"><strong><span style=\"color: #ff2f20;\">\u2022<\/span> prix, tarifs et d\u00e9lais de livraison<br \/>\n<\/strong><\/span><\/p>\n<p>[\/vc_column_text][vc_column_text el_class=\u00a0\u00bbdescrizione-icone pad-bottom\u00a0\u00bb]<span style=\"color: #818181;\"><strong>Nous vous contacterons au plus vite<\/strong><\/span>[\/vc_column_text][vc_separator type=\u00a0\u00bbsmall\u00a0\u00bb position=\u00a0\u00bbleft\u00a0\u00bb width_in_percentages=\u00a0\u00bbyes\u00a0\u00bb color=\u00a0\u00bb#e32219&Prime; width=\u00a0\u00bb10&Prime; thickness=\u00a0\u00bb5&Prime;][\/qode_elements_holder_item][\/qode_elements_holder][\/vc_column_inner][\/vc_row_inner][\/vc_column][\/vc_row][vc_row css_animation=\u00a0\u00bb\u00a0\u00bb row_type=\u00a0\u00bbrow\u00a0\u00bb use_row_as_full_screen_section=\u00a0\u00bbno\u00a0\u00bb type=\u00a0\u00bbfull_width\u00a0\u00bb angled_section=\u00a0\u00bbno\u00a0\u00bb text_align=\u00a0\u00bbleft\u00a0\u00bb background_image_as_pattern=\u00a0\u00bbwithout_pattern\u00a0\u00bb css=\u00a0\u00bb.vc_custom_1590597757443{margin-top: -250px !important;background-image: url(https:\/\/ondulit.it\/wp-content\/uploads\/2020\/05\/Texture_diagonale-01.png?id=1833) !important;}\u00a0\u00bb z_index=\u00a0\u00bb20&Prime; el_class=\u00a0\u00bbbg-diagonal\u00a0\u00bb el_id=\u00a0\u00bbmobileremoved\u00a0\u00bb][vc_column][vc_empty_space height=\u00a0\u00bb450px\u00a0\u00bb][\/vc_column][\/vc_row][vc_row css_animation=\u00a0\u00bb\u00a0\u00bb row_type=\u00a0\u00bbrow\u00a0\u00bb use_row_as_full_screen_section=\u00a0\u00bbno\u00a0\u00bb type=\u00a0\u00bbfull_width\u00a0\u00bb angled_section=\u00a0\u00bbno\u00a0\u00bb text_align=\u00a0\u00bbleft\u00a0\u00bb background_image_as_pattern=\u00a0\u00bbwithout_pattern\u00a0\u00bb css=\u00a0\u00bb.vc_custom_1590596996208{padding-bottom: 80px !important;background-color: #ffffff !important;}\u00a0\u00bb z_index=\u00a0\u00bb\u00a0\u00bb][vc_column][vc_row_inner row_type=\u00a0\u00bbrow\u00a0\u00bb type=\u00a0\u00bbgrid\u00a0\u00bb text_align=\u00a0\u00bbleft\u00a0\u00bb css_animation=\u00a0\u00bb\u00a0\u00bb css=\u00a0\u00bb.vc_custom_1588063716342{padding-top: 30px !important;}\u00a0\u00bb][vc_column_inner width=\u00a0\u00bb1\/6&Prime;][\/vc_column_inner][vc_column_inner width=\u00a0\u00bb2\/3&Prime;][vc_column_text el_class=\u00a0\u00bbextreme\u00a0\u00bb css=\u00a0\u00bb.vc_custom_1607704880363{margin-bottom: -6% !important;}\u00a0\u00bb]<\/p>\n<h1 style=\"text-align: center;\">Stratification<\/h1>\n<p>[\/vc_column_text][vc_column_text]<\/p>\n<h2 style=\"text-align: center;\"><span style=\"color: #e32219;\">Fiche technique<\/span><\/h2>\n<p>[\/vc_column_text][\/vc_column_inner][vc_column_inner width=\u00a0\u00bb1\/6&Prime;][\/vc_column_inner][\/vc_row_inner][\/vc_column][\/vc_row][vc_row css_animation=\u00a0\u00bb\u00a0\u00bb row_type=\u00a0\u00bbrow\u00a0\u00bb use_row_as_full_screen_section=\u00a0\u00bbno\u00a0\u00bb type=\u00a0\u00bbgrid\u00a0\u00bb angled_section=\u00a0\u00bbno\u00a0\u00bb text_align=\u00a0\u00bbleft\u00a0\u00bb background_image_as_pattern=\u00a0\u00bbwithout_pattern\u00a0\u00bb css=\u00a0\u00bb.vc_custom_1589527165007{padding-top: 40px !important;background-color: #ffffff !important;}\u00a0\u00bb z_index=\u00a0\u00bb\u00a0\u00bb][vc_column width=\u00a0\u00bb1\/4&Prime; css=\u00a0\u00bb.vc_custom_1589981930794{padding-top: 0px !important;}\u00a0\u00bb el_id=\u00a0\u00bbno-border\u00a0\u00bb][vc_column_text]<\/p>\n<ol>\n<li class=\"p1\">\n<p class=\"p1\">Groupe de fixation<br \/>\nVis autotaraudeuse + Cavalier<\/li>\n<li class=\"p1\">\n<p class=\"p1\">Panneau \u00e0 protection multicouche CoverPi\u00f9 Mono avec canaux de ventilation et rev\u00eatement inf\u00e9rieur en feuille d&rsquo;aluminium<\/p>\n<\/li>\n<li class=\"p1\">\n<p class=\"p1\">Mat\u00e9riau isolant<\/p>\n<\/li>\n<li class=\"p1\">\n<p class=\"p1\">Frein \/ Pare vapeur<\/p>\n<\/li>\n<li class=\"p1\">\n<p class=\"p1\">Lattes de bois<\/p>\n<\/li>\n<li class=\"p1\">\n<p class=\"p1\">Poutre en bois<\/p>\n<\/li>\n<\/ol>\n<p>[\/vc_column_text][vc_empty_space][vc_row_inner row_type=\u00a0\u00bbrow\u00a0\u00bb type=\u00a0\u00bbfull_width\u00a0\u00bb text_align=\u00a0\u00bbleft\u00a0\u00bb css_animation=\u00a0\u00bb\u00a0\u00bb][vc_column_inner width=\u00a0\u00bb1\/3&Prime; css=\u00a0\u00bb.vc_custom_1588025972179{margin-left: 0px !important;padding-left: 0px !important;}\u00a0\u00bb][vc_single_image image=\u00a0\u00bb287&Prime; img_size=\u00a0\u00bbfull\u00a0\u00bb qode_css_animation=\u00a0\u00bb\u00a0\u00bb css=\u00a0\u00bb.vc_custom_1589527299434{padding-bottom: 20px !important;}\u00a0\u00bb el_class=\u00a0\u00bbicona-dwg\u00a0\u00bb][\/vc_column_inner][vc_column_inner width=\u00a0\u00bb2\/3&Prime;][vc_empty_space height=\u00a0\u00bb30px\u00a0\u00bb el_class=\u00a0\u00bbno-mobile-tablet\u00a0\u00bb][vc_empty_space height=\u00a0\u00bb70px\u00a0\u00bb][vc_column_text el_class=\u00a0\u00bblink-hover dwg\u00a0\u00bb]<span style=\"color: #d1d1d1;\"><strong>T\u00e9l\u00e9chargement file dwg<\/strong><\/span>[\/vc_column_text][\/vc_column_inner][vc_column_inner][vc_empty_space][\/vc_column_inner][\/vc_row_inner][\/vc_column][vc_column width=\u00a0\u00bb3\/4&Prime; css=\u00a0\u00bb.vc_custom_1590597957867{margin-top: 0px !important;border-left-width: 1px !important;padding-top: 0px !important;padding-left: 10px !important;border-left-color: #c4c4c4 !important;border-left-style: solid !important;}\u00a0\u00bb el_class=\u00a0\u00bbborder-col\u00a0\u00bb][vc_row_inner row_type=\u00a0\u00bbrow\u00a0\u00bb type=\u00a0\u00bbfull_width\u00a0\u00bb text_align=\u00a0\u00bbleft\u00a0\u00bb css_animation=\u00a0\u00bb\u00a0\u00bb css=\u00a0\u00bb.vc_custom_1590597265484{padding-top: 0px !important;padding-left: 50px !important;}\u00a0\u00bb el_class=\u00a0\u00bbsezione-colori\u00a0\u00bb][vc_column_inner][vc_single_image image=\u00a0\u00bb2093&Prime; img_size=\u00a0\u00bbfull\u00a0\u00bb alignment=\u00a0\u00bbcenter\u00a0\u00bb qode_css_animation=\u00a0\u00bb\u00a0\u00bb css=\u00a0\u00bb.vc_custom_1591003504519{margin-top: 0px !important;padding-top: 0px !important;}\u00a0\u00bb][vc_empty_space height=\u00a0\u00bb35px\u00a0\u00bb][vc_column_text css=\u00a0\u00bb.vc_custom_1676982926068{padding-bottom: 10px !important;}\u00a0\u00bb]<\/p>\n<h5>D\u00e9couvrez comment assembler les stratifications avec le <span style=\"color: #e32219;\"><a style=\"color: #e32219;\" href=\"https:\/\/ondulit.it\/fr\/cover-tray\/\">Cover Tray<\/a><\/span> Ondulit.<\/h5>\n<p>[\/vc_column_text][\/vc_column_inner][\/vc_row_inner][vc_empty_space height=\u00a0\u00bb55&Prime;][vc_row_inner row_type=\u00a0\u00bbrow\u00a0\u00bb type=\u00a0\u00bbfull_width\u00a0\u00bb text_align=\u00a0\u00bbleft\u00a0\u00bb css_animation=\u00a0\u00bb\u00a0\u00bb css=\u00a0\u00bb.vc_custom_1589982154410{padding-left: 50px !important;}\u00a0\u00bb el_class=\u00a0\u00bbsezione-colori\u00a0\u00bb][vc_column_inner width=\u00a0\u00bb1\/2&Prime; offset=\u00a0\u00bbvc_col-lg-6 vc_hidden-lg vc_col-md-6 vc_hidden-md vc_col-sm-offset-0 vc_hidden-sm vc_col-xs-12 vc_hidden-xs\u00a0\u00bb]<a  itemprop=\"url\" href=\"https:\/\/ondulit.it\/en\/download\/\" target=\"_self\" data-hover-background-color=\"#ff2f20\" data-hover-border-color=\"#ff2f20\" data-hover-color=\"#ffffff\" class=\"qbutton  large center default button-ondulit\" style=\"color: #ffffff; border-color: #ff2f20; background-color:#ff2f20;\">Fiche Technique<\/a>[vc_empty_space el_class=\u00a0\u00bbno-desk\u00a0\u00bb][\/vc_column_inner][vc_column_inner width=\u00a0\u00bb1\/2&Prime; offset=\u00a0\u00bbvc_col-lg-6 vc_hidden-lg vc_col-md-6 vc_hidden-md vc_hidden-sm vc_col-xs-12 vc_hidden-xs\u00a0\u00bb]<a  itemprop=\"url\" href=\"https:\/\/ondulit.it\/en\/download\/\" target=\"_self\" data-hover-background-color=\"#ff2f20\" data-hover-border-color=\"#ff2f20\" data-hover-color=\"#ffffff\" class=\"qbutton  large center default button-ondulit\" style=\"color: #ffffff; border-color: #ff2f20; background-color:#ff2f20;\">Instructions de Montage<\/a>[\/vc_column_inner][\/vc_row_inner][vc_empty_space height=\u00a0\u00bb70px\u00a0\u00bb][\/vc_column][\/vc_row][vc_row css_animation=\u00a0\u00bb\u00a0\u00bb row_type=\u00a0\u00bbrow\u00a0\u00bb use_row_as_full_screen_section=\u00a0\u00bbno\u00a0\u00bb type=\u00a0\u00bbfull_width\u00a0\u00bb angled_section=\u00a0\u00bbno\u00a0\u00bb text_align=\u00a0\u00bbleft\u00a0\u00bb background_image_as_pattern=\u00a0\u00bbwithout_pattern\u00a0\u00bb css=\u00a0\u00bb.vc_custom_1590597870419{margin-top: 0px !important;margin-bottom: 0px !important;padding-top: 0px !important;padding-bottom: 0px !important;}\u00a0\u00bb z_index=\u00a0\u00bb\u00a0\u00bb][vc_column][vc_empty_space height=\u00a0\u00bb150px\u00a0\u00bb el_class=\u00a0\u00bbno-mobile\u00a0\u00bb][\/vc_column][\/vc_row]<\/p>\n<\/div>","protected":false},"excerpt":{"rendered":"<p>[vc_row css_animation=\u00a0\u00bb\u00a0\u00bb row_type=\u00a0\u00bbrow\u00a0\u00bb use_row_as_full_screen_section=\u00a0\u00bbno\u00a0\u00bb type=\u00a0\u00bbfull_width\u00a0\u00bb angled_section=\u00a0\u00bbno\u00a0\u00bb text_align=\u00a0\u00bbleft\u00a0\u00bb background_image_as_pattern=\u00a0\u00bbwithout_pattern\u00a0\u00bb css=\u00a0\u00bb.vc_custom_1588061097153{background-color: #ffffff !important;background-position: center !important;background-repeat: no-repeat !important;background-size: cover !important;}\u00a0\u00bb z_index=\u00a0\u00bb30&Prime;][vc_column][vc_empty_space height=\u00a0\u00bb80px\u00a0\u00bb el_class=\u00a0\u00bbno-desk\u00a0\u00bb][vc_empty_space height=\u00a0\u00bb100px\u00a0\u00bb el_class=\u00a0\u00bbno-mobile\u00a0\u00bb][vc_row_inner row_type=\u00a0\u00bbrow\u00a0\u00bb type=\u00a0\u00bbgrid\u00a0\u00bb text_align=\u00a0\u00bbcenter\u00a0\u00bb css_animation=\u00a0\u00bb\u00a0\u00bb css=\u00a0\u00bb.vc_custom_1588059442074{margin-bottom: 0px !important;padding-bottom: 0px !important;background-position: center !important;background-repeat: no-repeat !important;background-size: cover !important;}\u00a0\u00bb][vc_column_inner offset=\u00a0\u00bbvc_col-lg-offset-0 vc_col-lg-4 vc_col-md-offset-2 vc_col-md-4 vc_col-sm-offset-0 vc_col-xs-12&Prime;][vc_column_text el_class=\u00a0\u00bbextreme\u00a0\u00bb css=\u00a0\u00bb.vc_custom_1607704628617{margin-top:&#8230;<\/p>\n","protected":false},"author":2,"featured_media":0,"parent":0,"menu_order":0,"comment_status":"closed","ping_status":"closed","template":"full_width.php","meta":{"footnotes":""},"categories":[],"tags":[],"class_list":["post-4422","page","type-page","status-publish","hentry"],"_links":{"self":[{"href":"https:\/\/ondulit.it\/fr\/wp-json\/wp\/v2\/pages\/4422","targetHints":{"allow":["GET"]}}],"collection":[{"href":"https:\/\/ondulit.it\/fr\/wp-json\/wp\/v2\/pages"}],"about":[{"href":"https:\/\/ondulit.it\/fr\/wp-json\/wp\/v2\/types\/page"}],"author":[{"embeddable":true,"href":"https:\/\/ondulit.it\/fr\/wp-json\/wp\/v2\/users\/2"}],"replies":[{"embeddable":true,"href":"https:\/\/ondulit.it\/fr\/wp-json\/wp\/v2\/comments?post=4422"}],"version-history":[{"count":2,"href":"https:\/\/ondulit.it\/fr\/wp-json\/wp\/v2\/pages\/4422\/revisions"}],"predecessor-version":[{"id":14870,"href":"https:\/\/ondulit.it\/fr\/wp-json\/wp\/v2\/pages\/4422\/revisions\/14870"}],"wp:attachment":[{"href":"https:\/\/ondulit.it\/fr\/wp-json\/wp\/v2\/media?parent=4422"}],"wp:term":[{"taxonomy":"category","embeddable":true,"href":"https:\/\/ondulit.it\/fr\/wp-json\/wp\/v2\/categories?post=4422"},{"taxonomy":"post_tag","embeddable":true,"href":"https:\/\/ondulit.it\/fr\/wp-json\/wp\/v2\/tags?post=4422"}],"curies":[{"name":"wp","href":"https:\/\/api.w.org\/{rel}","templated":true}]}}