{"id":12653,"date":"2023-08-05T21:42:57","date_gmt":"2023-08-05T19:42:57","guid":{"rendered":"https:\/\/ondulit.it\/?page_id=12653"},"modified":"2023-09-01T17:53:31","modified_gmt":"2023-09-01T15:53:31","slug":"panneaux-sandwich","status":"publish","type":"page","link":"https:\/\/ondulit.it\/fr\/panneaux-sandwich\/","title":{"rendered":"Panneaux Sandwich"},"content":{"rendered":"<div class=\"wpb-content-wrapper\"><p>[vc_row css_animation=\u00a0\u00bb\u00a0\u00bb row_type=\u00a0\u00bbrow\u00a0\u00bb use_row_as_full_screen_section=\u00a0\u00bbno\u00a0\u00bb type=\u00a0\u00bbfull_width\u00a0\u00bb angled_section=\u00a0\u00bbno\u00a0\u00bb text_align=\u00a0\u00bbleft\u00a0\u00bb background_image_as_pattern=\u00a0\u00bbwithout_pattern\u00a0\u00bb z_index=\u00a0\u00bb0&Prime;][vc_column css=\u00a0\u00bb.vc_custom_1587666993726{margin-top: 0px !important;padding-top: 0px !important;}\u00a0\u00bb]\n\t\t\t<!-- START Pannelli REVOLUTION SLIDER 6.7.21 --><p class=\"rs-p-wp-fix\"><\/p>\n\t\t\t<rs-module-wrap id=\"rev_slider_5_1_wrapper\" data-source=\"gallery\" style=\"visibility:hidden;background:transparent;padding:0;margin:0px auto;margin-top:0;margin-bottom:0;\">\n\t\t\t\t<rs-module id=\"rev_slider_5_1\" style=\"\" data-version=\"6.7.21\">\n\t\t\t\t\t<rs-slides style=\"overflow: hidden; position: absolute;\">\n\t\t\t\t\t\t<rs-slide style=\"position: absolute;\" data-key=\"rs-14\" data-title=\"Slide\" data-in=\"o:0;\" data-out=\"a:false;\">\n\t\t\t\t\t\t\t<img decoding=\"async\" src=\"\/\/ondulit.it\/wp-content\/plugins\/revslider\/sr6\/assets\/assets\/dummy.png\" alt=\"Pannelli, pannelli coibentati, pannelli sandwich, sandwich panels, paneles sandwich, panneaux sandwich, Ondulit, Ondulit Italiana. \" title=\"Pannelli, pannelli coibentati, pannelli sandwich, sandwich panels, paneles sandwich, panneaux sandwich, Ondulit, Ondulit Italiana.\" width=\"1920\" height=\"868\" class=\"rev-slidebg tp-rs-img rs-lazyload\" data-lazyload=\"\/\/ondulit.it\/wp-content\/uploads\/2020\/06\/pannelli.jpg\" data-no-retina>\n<!---->\t\t\t\t\t<\/rs-slide>\n\t\t\t\t\t\t<rs-slide style=\"position: absolute;\" data-key=\"rs-118\" data-title=\"Slide\" data-in=\"o:0;\" data-out=\"a:false;\">\n\t\t\t\t\t\t\t<img decoding=\"async\" src=\"\/\/ondulit.it\/wp-content\/plugins\/revslider\/sr6\/assets\/assets\/dummy.png\" alt=\"Pannelli, pannelli coibentati, pannelli sandwich, sandwich panels, paneles sandwich, panneaux sandwich, Ondulit, Ondulit Italiana. \" title=\"Pannelli, pannelli coibentati, pannelli sandwich, sandwich panels, paneles sandwich, panneaux sandwich, Ondulit, Ondulit Italiana.\" width=\"1920\" height=\"868\" class=\"rev-slidebg tp-rs-img rs-lazyload\" data-lazyload=\"\/\/ondulit.it\/wp-content\/uploads\/2020\/06\/pannelli-02.jpg\" data-no-retina>\n<!---->\t\t\t\t\t<\/rs-slide>\n\t\t\t\t\t<\/rs-slides>\n\t\t\t\t<\/rs-module>\n\t\t\t\t<script>\n\t\t\t\t\tsetREVStartSize({c: 'rev_slider_5_1',rl:[1240,1240,778,480],el:[700,700,960,720],gw:[1240,1240,778,480],gh:[700,700,600,650],type:'standard',justify:'',layout:'fullwidth',mh:\"0\"});if (window.RS_MODULES!==undefined && window.RS_MODULES.modules!==undefined && window.RS_MODULES.modules[\"revslider51\"]!==undefined) {window.RS_MODULES.modules[\"revslider51\"].once = false;window.revapi5 = undefined;if (window.RS_MODULES.checkMinimal!==undefined) window.RS_MODULES.checkMinimal()}\n\t\t\t\t<\/script>\n\t\t\t<\/rs-module-wrap>\n\t\t\t<!-- END REVOLUTION SLIDER -->\n[\/vc_column][\/vc_row][vc_row css_animation=\u00a0\u00bb\u00a0\u00bb row_type=\u00a0\u00bbrow\u00a0\u00bb use_row_as_full_screen_section=\u00a0\u00bbno\u00a0\u00bb type=\u00a0\u00bbfull_width\u00a0\u00bb angled_section=\u00a0\u00bbno\u00a0\u00bb text_align=\u00a0\u00bbleft\u00a0\u00bb background_image_as_pattern=\u00a0\u00bbwithout_pattern\u00a0\u00bb z_index=\u00a0\u00bb99&Prime;][vc_column][vc_row_inner row_type=\u00a0\u00bbrow\u00a0\u00bb type=\u00a0\u00bbfull_width\u00a0\u00bb text_align=\u00a0\u00bbcenter\u00a0\u00bb css_animation=\u00a0\u00bb\u00a0\u00bb css=\u00a0\u00bb.vc_custom_1690532509340{margin-top: -300px !important;margin-bottom: 0px !important;padding-bottom: 60px !important;background-image: url(https:\/\/ondulit.it\/wp-content\/uploads\/2023\/07\/Diagonal_contatti-1.png?id=12589) !important;background-position: center !important;background-repeat: no-repeat !important;background-size: cover !important;}\u00a0\u00bb el_id=\u00a0\u00bbmobilepadding\u00a0\u00bb][vc_column_inner width=\u00a0\u00bb1\/4&Prime;][\/vc_column_inner][vc_column_inner width=\u00a0\u00bb1\/2&Prime;][vc_empty_space height=\u00a0\u00bb220px\u00a0\u00bb][vc_column_text]<\/p>\n<h3 style=\"text-align: center;\"><span style=\"color: #ffffff;\">D\u00e9couvrez la gamme des panneaux isol\u00e9s Ondulit<\/span><\/h3>\n<p>[\/vc_column_text][vc_empty_space height=\u00a0\u00bb220px\u00a0\u00bb][\/vc_column_inner][vc_column_inner width=\u00a0\u00bb1\/4&Prime;][\/vc_column_inner][\/vc_row_inner][\/vc_column][\/vc_row][vc_row css_animation=\u00a0\u00bb\u00a0\u00bb row_type=\u00a0\u00bbrow\u00a0\u00bb use_row_as_full_screen_section=\u00a0\u00bbno\u00a0\u00bb type=\u00a0\u00bbgrid\u00a0\u00bb angled_section=\u00a0\u00bbno\u00a0\u00bb text_align=\u00a0\u00bbleft\u00a0\u00bb background_image_as_pattern=\u00a0\u00bbwithout_pattern\u00a0\u00bb z_index=\u00a0\u00bb\u00a0\u00bb css=\u00a0\u00bb.vc_custom_1588789704764{padding-top: 50px !important;}\u00a0\u00bb][vc_column][vc_row_inner row_type=\u00a0\u00bbrow\u00a0\u00bb type=\u00a0\u00bbfull_width\u00a0\u00bb text_align=\u00a0\u00bbleft\u00a0\u00bb css_animation=\u00a0\u00bb\u00a0\u00bb][vc_column_inner][vc_column_text el_class=\u00a0\u00bbh2subcategory\u00a0\u00bb css=\u00a0\u00bb.vc_custom_1690979654730{margin-bottom: -4% !important;}\u00a0\u00bb]<\/p>\n<h2 style=\"text-align: center;\">Panneaux sandwich<\/h2>\n<p>[\/vc_column_text][vc_column_text el_class=\u00a0\u00bbh1category\u00a0\u00bb]<\/p>\n<h1 style=\"text-align: center;\"><span style=\"color: #e32219;\">Panneaux<\/span><\/h1>\n<p>[\/vc_column_text][vc_empty_space height=\u00a0\u00bb60px\u00a0\u00bb el_class=\u00a0\u00bbno-mobile\u00a0\u00bb][\/vc_column_inner][\/vc_row_inner][vc_row_inner row_type=\u00a0\u00bbrow\u00a0\u00bb type=\u00a0\u00bbfull_width\u00a0\u00bb text_align=\u00a0\u00bbleft\u00a0\u00bb css_animation=\u00a0\u00bb\u00a0\u00bb][vc_column_inner offset=\u00a0\u00bbvc_hidden-lg vc_hidden-md vc_hidden-sm vc_hidden-xs\u00a0\u00bb][vc_column_text el_class=\u00a0\u00bbdescrizione-lastra\u00a0\u00bb]<\/p>\n<p style=\"text-align: center;\">Scegliere i pannelli sandwich Ondulit significa migliorare l&rsquo;impatto ambientale degli edifici.<\/p>\n<p>[\/vc_column_text][vc_empty_space height=\u00a0\u00bb60px\u00a0\u00bb el_class=\u00a0\u00bbno-mobile\u00a0\u00bb][\/vc_column_inner][\/vc_row_inner][\/vc_column][\/vc_row][vc_row css_animation=\u00a0\u00bb\u00a0\u00bb row_type=\u00a0\u00bbrow\u00a0\u00bb use_row_as_full_screen_section=\u00a0\u00bbno\u00a0\u00bb type=\u00a0\u00bbgrid\u00a0\u00bb angled_section=\u00a0\u00bbno\u00a0\u00bb text_align=\u00a0\u00bbleft\u00a0\u00bb background_image_as_pattern=\u00a0\u00bbwithout_pattern\u00a0\u00bb css=\u00a0\u00bb.vc_custom_1589524529142{padding-top: 40px !important;padding-bottom: 100px !important;background-position: center !important;background-repeat: no-repeat !important;background-size: cover !important;}\u00a0\u00bb z_index=\u00a0\u00bb\u00a0\u00bb][vc_column css=\u00a0\u00bb.vc_custom_1588082248059{margin-bottom: 0px !important;padding-bottom: 0px !important;}\u00a0\u00bb][vc_row_inner row_type=\u00a0\u00bbrow\u00a0\u00bb type=\u00a0\u00bbfull_width\u00a0\u00bb text_align=\u00a0\u00bbleft\u00a0\u00bb css_animation=\u00a0\u00bb\u00a0\u00bb][vc_column_inner width=\u00a0\u00bb1\/4&Prime; offset=\u00a0\u00bbvc_col-sm-offset-0&Prime;][vc_single_image image=\u00a0\u00bb11499&Prime; img_size=\u00a0\u00bbfull\u00a0\u00bb onclick=\u00a0\u00bbcustom_link\u00a0\u00bb qode_css_animation=\u00a0\u00bb\u00a0\u00bb qode_hover_animation=\u00a0\u00bbzoom_in\u00a0\u00bb el_class=\u00a0\u00bbbottom-red\u00a0\u00bb css=\u00a0\u00bb.vc_custom_1691264499683{background-color: #f7f7f7 !important;}\u00a0\u00bb link=\u00a0\u00bbhttps:\/\/ondulit.it\/fr\/coverpan\/\u00a0\u00bb][vc_empty_space height=\u00a0\u00bb20px\u00a0\u00bb][vc_column_text el_class=\u00a0\u00bbh2product\u00a0\u00bb]<\/p>\n<h2><span style=\"color: #e31818;\"><strong>CoverPan<\/strong><\/span><\/h2>\n<p>[\/vc_column_text][vc_column_text el_class=\u00a0\u00bbdescrizione-lastra\u00a0\u00bb]Panneau isol\u00e9 \u00e0 protection multicouche pour support discontinu.[\/vc_column_text][vc_empty_space height=\u00a0\u00bb30&Prime; el_class=\u00a0\u00bbno-mobile-tablet\u00a0\u00bb][vc_empty_space height=\u00a0\u00bb10&Prime;]<a id=\"h3\" itemprop=\"url\" href=\"https:\/\/ondulit.it\/fr\/coverpan\/\" target=\"_self\"  class=\"qbutton  medium default button-ondulit\" style=\"color: #ffffff; \">Voir<\/a>[vc_empty_space height=\u00a0\u00bb100&Prime;][\/vc_column_inner][vc_column_inner width=\u00a0\u00bb1\/4&Prime;][vc_single_image image=\u00a0\u00bb11509&Prime; img_size=\u00a0\u00bbfull\u00a0\u00bb onclick=\u00a0\u00bbcustom_link\u00a0\u00bb qode_css_animation=\u00a0\u00bb\u00a0\u00bb qode_hover_animation=\u00a0\u00bbzoom_in\u00a0\u00bb el_class=\u00a0\u00bbbottom-red\u00a0\u00bb css=\u00a0\u00bb.vc_custom_1691264417911{background-color: #f7f7f7 !important;}\u00a0\u00bb link=\u00a0\u00bbhttps:\/\/ondulit.it\/fr\/coverpan-mono\/\u00a0\u00bb][vc_empty_space height=\u00a0\u00bb20px\u00a0\u00bb][vc_column_text el_class=\u00a0\u00bbh2product\u00a0\u00bb]<\/p>\n<h2><span style=\"color: #e31818;\"><strong>CoverPan Mono<\/strong><\/span><\/h2>\n<p>[\/vc_column_text][vc_column_text el_class=\u00a0\u00bbdescrizione-lastra\u00a0\u00bb]Panneau simple peau isol\u00e9 \u00e0 protection multicouche pour support continu.[\/vc_column_text][vc_empty_space height=\u00a0\u00bb30&Prime; el_class=\u00a0\u00bbno-mobile-tablet\u00a0\u00bb][vc_empty_space height=\u00a0\u00bb10&Prime;]<a  itemprop=\"url\" href=\"https:\/\/ondulit.it\/fr\/coverpan-mono\/\" target=\"_self\"  class=\"qbutton  medium default button-ondulit\" style=\"color: #ffffff; \">Voir<\/a>[vc_empty_space height=\u00a0\u00bb100&Prime;][\/vc_column_inner][vc_column_inner width=\u00a0\u00bb1\/4&Prime;][vc_single_image image=\u00a0\u00bb11519&Prime; img_size=\u00a0\u00bbfull\u00a0\u00bb onclick=\u00a0\u00bbcustom_link\u00a0\u00bb qode_css_animation=\u00a0\u00bb\u00a0\u00bb qode_hover_animation=\u00a0\u00bbzoom_in\u00a0\u00bb el_class=\u00a0\u00bbbottom-red\u00a0\u00bb css=\u00a0\u00bb.vc_custom_1691264325069{background-color: #f7f7f7 !important;}\u00a0\u00bb link=\u00a0\u00bbhttps:\/\/ondulit.it\/fr\/coverpan-agri\/\u00a0\u00bb][vc_empty_space height=\u00a0\u00bb20px\u00a0\u00bb][vc_column_text el_class=\u00a0\u00bbh2product\u00a0\u00bb]<\/p>\n<h2><strong><span style=\"color: #e31818;\">CoverPan Agri<\/span><\/strong><\/h2>\n<p>[\/vc_column_text][vc_column_text el_class=\u00a0\u00bbdescrizione-lastra\u00a0\u00bb]Panneau isol\u00e9 \u00e0 protection multicouche en fibre de verre pour la zootechnie.[\/vc_column_text][vc_empty_space height=\u00a0\u00bb30&Prime; el_class=\u00a0\u00bbno-mobile-tablet\u00a0\u00bb][vc_empty_space height=\u00a0\u00bb10&Prime;]<a  itemprop=\"url\" href=\"https:\/\/ondulit.it\/fr\/coverpan-agri\/\" target=\"_self\"  class=\"qbutton  medium default button-ondulit\" style=\"color: #ffffff; \">Voir<\/a>[vc_empty_space height=\u00a0\u00bb100&Prime;][\/vc_column_inner][vc_column_inner width=\u00a0\u00bb1\/4&Prime;][vc_single_image image=\u00a0\u00bb11473&Prime; img_size=\u00a0\u00bbfull\u00a0\u00bb onclick=\u00a0\u00bbcustom_link\u00a0\u00bb qode_css_animation=\u00a0\u00bb\u00a0\u00bb qode_hover_animation=\u00a0\u00bbzoom_in\u00a0\u00bb el_class=\u00a0\u00bbbottom-red\u00a0\u00bb css=\u00a0\u00bb.vc_custom_1691264227112{background-color: #f7f7f7 !important;}\u00a0\u00bb link=\u00a0\u00bbhttps:\/\/ondulit.it\/fr\/ondulpan\/\u00a0\u00bb][vc_empty_space height=\u00a0\u00bb20px\u00a0\u00bb][vc_column_text el_class=\u00a0\u00bbh2product\u00a0\u00bb]<\/p>\n<h2><strong><span style=\"color: #e31818;\">OndulPan<\/span><\/strong><\/h2>\n<p>[\/vc_column_text][vc_column_text el_class=\u00a0\u00bbdescrizione-lastra\u00a0\u00bb]Panneau isol\u00e9 avec plaque ondul\u00e9e \u00e0 protection multicouche sup\u00e9rieure.[\/vc_column_text][vc_empty_space height=\u00a0\u00bb30&Prime; el_class=\u00a0\u00bbno-mobile-tablet\u00a0\u00bb][vc_empty_space height=\u00a0\u00bb10&Prime;]<a  itemprop=\"url\" href=\"https:\/\/ondulit.it\/fr\/ondulpan\/\" target=\"_self\"  class=\"qbutton  medium default button-ondulit\" style=\"color: #ffffff; \">Voir<\/a>[vc_empty_space height=\u00a0\u00bb100&Prime;][\/vc_column_inner][\/vc_row_inner][vc_empty_space height=\u00a0\u00bb50px\u00a0\u00bb el_class=\u00a0\u00bbno-mobile\u00a0\u00bb][vc_row_inner row_type=\u00a0\u00bbrow\u00a0\u00bb type=\u00a0\u00bbfull_width\u00a0\u00bb text_align=\u00a0\u00bbleft\u00a0\u00bb css_animation=\u00a0\u00bb\u00a0\u00bb][vc_column_inner width=\u00a0\u00bb1\/4&Prime; offset=\u00a0\u00bbvc_col-sm-offset-0&Prime;][vc_single_image image=\u00a0\u00bb1542&Prime; img_size=\u00a0\u00bbfull\u00a0\u00bb onclick=\u00a0\u00bbcustom_link\u00a0\u00bb qode_css_animation=\u00a0\u00bb\u00a0\u00bb qode_hover_animation=\u00a0\u00bbzoom_in\u00a0\u00bb el_class=\u00a0\u00bbbottom-red\u00a0\u00bb css=\u00a0\u00bb.vc_custom_1691263991133{background-color: #f7f7f7 !important;}\u00a0\u00bb link=\u00a0\u00bbhttps:\/\/ondulit.it\/fr\/coverpiu\/\u00a0\u00bb][vc_empty_space height=\u00a0\u00bb20px\u00a0\u00bb][vc_column_text el_class=\u00a0\u00bbh2product\u00a0\u00bb]<\/p>\n<h2><span style=\"color: #e31818;\"><strong>CoverPi\u00f9<\/strong><\/span><\/h2>\n<p>[\/vc_column_text][vc_column_text el_class=\u00a0\u00bbdescrizione-lastra\u00a0\u00bb]Panneau isol\u00e9 et micro-ventil\u00e9 \u00e0 protection multicouche.[\/vc_column_text][vc_empty_space height=\u00a0\u00bb30&Prime; el_class=\u00a0\u00bbno-mobile-tablet\u00a0\u00bb][vc_empty_space height=\u00a0\u00bb10&Prime;]<a  itemprop=\"url\" href=\"https:\/\/ondulit.it\/fr\/coverpiu\/\" target=\"_self\"  class=\"qbutton  medium default button-ondulit\" style=\"color: #ffffff; \">Voir<\/a>[vc_empty_space height=\u00a0\u00bb100&Prime;][\/vc_column_inner][vc_column_inner width=\u00a0\u00bb1\/4&Prime;][vc_single_image image=\u00a0\u00bb1543&Prime; img_size=\u00a0\u00bbfull\u00a0\u00bb onclick=\u00a0\u00bbcustom_link\u00a0\u00bb qode_css_animation=\u00a0\u00bb\u00a0\u00bb qode_hover_animation=\u00a0\u00bbzoom_in\u00a0\u00bb el_class=\u00a0\u00bbbottom-red\u00a0\u00bb css=\u00a0\u00bb.vc_custom_1691263846221{background-color: #f7f7f7 !important;}\u00a0\u00bb link=\u00a0\u00bbhttps:\/\/ondulit.it\/fr\/coverpiu-mono\/\u00a0\u00bb][vc_empty_space height=\u00a0\u00bb20px\u00a0\u00bb][vc_column_text el_class=\u00a0\u00bbh2product\u00a0\u00bb]<\/p>\n<h2><span style=\"color: #e31818;\"><strong>CoverPi\u00f9 Mono<\/strong><\/span><\/h2>\n<p>[\/vc_column_text][vc_column_text el_class=\u00a0\u00bbdescrizione-lastra\u00a0\u00bb]Panneau simple peau isol\u00e9 micro-ventil\u00e9 \u00e0 protection multicouche.[\/vc_column_text][vc_empty_space height=\u00a0\u00bb30&Prime; el_class=\u00a0\u00bbno-mobile-tablet\u00a0\u00bb][vc_empty_space height=\u00a0\u00bb10&Prime;]<a  itemprop=\"url\" href=\"https:\/\/ondulit.it\/fr\/coverpiu-mono\/\" target=\"_self\"  class=\"qbutton  medium default button-ondulit\" style=\"color: #ffffff; \">Voir<\/a>[vc_empty_space height=\u00a0\u00bb100&Prime;][\/vc_column_inner][vc_column_inner width=\u00a0\u00bb1\/4&Prime;][vc_single_image image=\u00a0\u00bb1545&Prime; img_size=\u00a0\u00bbfull\u00a0\u00bb onclick=\u00a0\u00bbcustom_link\u00a0\u00bb qode_css_animation=\u00a0\u00bb\u00a0\u00bb qode_hover_animation=\u00a0\u00bbzoom_in\u00a0\u00bb el_class=\u00a0\u00bbbottom-red\u00a0\u00bb css=\u00a0\u00bb.vc_custom_1691263703420{background-color: #f7f7f7 !important;}\u00a0\u00bb link=\u00a0\u00bbhttps:\/\/ondulit.it\/fr\/coverpiu-cintrable\/\u00a0\u00bb][vc_empty_space height=\u00a0\u00bb20px\u00a0\u00bb][vc_column_text el_class=\u00a0\u00bbh2product\u00a0\u00bb]<\/p>\n<h2><strong><span style=\"color: #e31818;\">CoverPi\u00f9 Cintrable<\/span><\/strong><\/h2>\n<p>[\/vc_column_text][vc_column_text el_class=\u00a0\u00bbdescrizione-lastra\u00a0\u00bb]Panneau cintrable isol\u00e9 et micro-ventil\u00e9.[\/vc_column_text][vc_empty_space height=\u00a0\u00bb30&Prime; el_class=\u00a0\u00bbno-mobile-tablet\u00a0\u00bb][vc_empty_space height=\u00a0\u00bb10&Prime;]<a  itemprop=\"url\" href=\"https:\/\/ondulit.it\/fr\/coverpiu-cintrable\/\" target=\"_self\"  class=\"qbutton  medium default button-ondulit\" style=\"color: #ffffff; \">Voir<\/a>[vc_empty_space height=\u00a0\u00bb100&Prime;][\/vc_column_inner][vc_column_inner width=\u00a0\u00bb1\/4&Prime;][vc_single_image image=\u00a0\u00bb11479&Prime; img_size=\u00a0\u00bbfull\u00a0\u00bb onclick=\u00a0\u00bbcustom_link\u00a0\u00bb qode_css_animation=\u00a0\u00bb\u00a0\u00bb qode_hover_animation=\u00a0\u00bbzoom_in\u00a0\u00bb el_class=\u00a0\u00bbbottom-red\u00a0\u00bb css=\u00a0\u00bb.vc_custom_1691264131801{background-color: #f7f7f7 !important;}\u00a0\u00bb link=\u00a0\u00bbhttps:\/\/ondulit.it\/fr\/covertilepan\/\u00a0\u00bb][vc_empty_space height=\u00a0\u00bb20px\u00a0\u00bb][vc_column_text el_class=\u00a0\u00bbh2product\u00a0\u00bb]<\/p>\n<h2><strong><span style=\"color: #e31818;\">CoverTilePan<\/span><\/strong><\/h2>\n<p>[\/vc_column_text][vc_column_text el_class=\u00a0\u00bbdescrizione-lastra\u00a0\u00bb]Panneau isol\u00e9 avec rev\u00eatement sup\u00e9rieur effet tuile \u00e0 protection multicouche.[\/vc_column_text][vc_empty_space height=\u00a0\u00bb30&Prime; el_class=\u00a0\u00bbno-mobile-tablet\u00a0\u00bb][vc_empty_space height=\u00a0\u00bb10&Prime;]<a  itemprop=\"url\" href=\"https:\/\/ondulit.it\/fr\/covertilepan\/\" target=\"_self\"  class=\"qbutton  medium default button-ondulit\" style=\"color: #ffffff; \">Voir<\/a>[vc_empty_space height=\u00a0\u00bb100&Prime;][\/vc_column_inner][\/vc_row_inner][\/vc_column][\/vc_row][vc_row css_animation=\u00a0\u00bb\u00a0\u00bb row_type=\u00a0\u00bbrow\u00a0\u00bb use_row_as_full_screen_section=\u00a0\u00bbno\u00a0\u00bb type=\u00a0\u00bbfull_width\u00a0\u00bb angled_section=\u00a0\u00bbno\u00a0\u00bb text_align=\u00a0\u00bbleft\u00a0\u00bb background_image_as_pattern=\u00a0\u00bbwithout_pattern\u00a0\u00bb css=\u00a0\u00bb.vc_custom_1588839040885{margin-top: 0px !important;margin-bottom: 0px !important;padding-top: 0px !important;padding-bottom: 0px !important;background-color: #ffffff !important;background-position: center !important;background-repeat: no-repeat !important;background-size: cover !important;}\u00a0\u00bb z_index=\u00a0\u00bb\u00a0\u00bb el_class=\u00a0\u00bbflag\u00a0\u00bb side_padding=\u00a0\u00bb0&Prime; padding_top=\u00a0\u00bb0&Prime;][vc_column css=\u00a0\u00bb.vc_custom_1588178891415{margin-top: 0px !important;margin-bottom: 0px !important;padding-top: 0px !important;padding-bottom: 0px !important;}\u00a0\u00bb][vc_single_image image=\u00a0\u00bb73&Prime; img_size=\u00a0\u00bbfull\u00a0\u00bb qode_css_animation=\u00a0\u00bb\u00a0\u00bb css=\u00a0\u00bb.vc_custom_1588178725142{margin-top: 0px !important;margin-bottom: 0px !important;padding-top: 0px !important;padding-bottom: 0px !important;}\u00a0\u00bb][\/vc_column][\/vc_row]<\/p>\n<\/div>","protected":false},"excerpt":{"rendered":"<p>[vc_row css_animation=\u00a0\u00bb\u00a0\u00bb row_type=\u00a0\u00bbrow\u00a0\u00bb use_row_as_full_screen_section=\u00a0\u00bbno\u00a0\u00bb type=\u00a0\u00bbfull_width\u00a0\u00bb angled_section=\u00a0\u00bbno\u00a0\u00bb text_align=\u00a0\u00bbleft\u00a0\u00bb background_image_as_pattern=\u00a0\u00bbwithout_pattern\u00a0\u00bb z_index=\u00a0\u00bb0&Prime;][vc_column css=\u00a0\u00bb.vc_custom_1587666993726{margin-top: 0px !important;padding-top: 0px !important;}\u00a0\u00bb][\/vc_column][\/vc_row][vc_row css_animation=\u00a0\u00bb\u00a0\u00bb row_type=\u00a0\u00bbrow\u00a0\u00bb use_row_as_full_screen_section=\u00a0\u00bbno\u00a0\u00bb type=\u00a0\u00bbfull_width\u00a0\u00bb angled_section=\u00a0\u00bbno\u00a0\u00bb text_align=\u00a0\u00bbleft\u00a0\u00bb background_image_as_pattern=\u00a0\u00bbwithout_pattern\u00a0\u00bb z_index=\u00a0\u00bb99&Prime;][vc_column][vc_row_inner row_type=\u00a0\u00bbrow\u00a0\u00bb type=\u00a0\u00bbfull_width\u00a0\u00bb text_align=\u00a0\u00bbcenter\u00a0\u00bb css_animation=\u00a0\u00bb\u00a0\u00bb css=\u00a0\u00bb.vc_custom_1690532509340{margin-top: -300px !important;margin-bottom: 0px !important;padding-bottom: 60px !important;background-image: url(https:\/\/ondulit.it\/wp-content\/uploads\/2023\/07\/Diagonal_contatti-1.png?id=12589) !important;background-position: center !important;background-repeat: no-repeat !important;background-size: cover !important;}\u00a0\u00bb el_id=\u00a0\u00bbmobilepadding\u00a0\u00bb][vc_column_inner width=\u00a0\u00bb1\/4&Prime;][\/vc_column_inner][vc_column_inner width=\u00a0\u00bb1\/2&Prime;][vc_empty_space height=\u00a0\u00bb220px\u00a0\u00bb][vc_column_text]&#8230;<\/p>\n","protected":false},"author":2,"featured_media":11318,"parent":0,"menu_order":0,"comment_status":"closed","ping_status":"closed","template":"full_width.php","meta":{"footnotes":""},"categories":[],"tags":[],"class_list":["post-12653","page","type-page","status-publish","has-post-thumbnail","hentry"],"_links":{"self":[{"href":"https:\/\/ondulit.it\/fr\/wp-json\/wp\/v2\/pages\/12653","targetHints":{"allow":["GET"]}}],"collection":[{"href":"https:\/\/ondulit.it\/fr\/wp-json\/wp\/v2\/pages"}],"about":[{"href":"https:\/\/ondulit.it\/fr\/wp-json\/wp\/v2\/types\/page"}],"author":[{"embeddable":true,"href":"https:\/\/ondulit.it\/fr\/wp-json\/wp\/v2\/users\/2"}],"replies":[{"embeddable":true,"href":"https:\/\/ondulit.it\/fr\/wp-json\/wp\/v2\/comments?post=12653"}],"version-history":[{"count":13,"href":"https:\/\/ondulit.it\/fr\/wp-json\/wp\/v2\/pages\/12653\/revisions"}],"predecessor-version":[{"id":13121,"href":"https:\/\/ondulit.it\/fr\/wp-json\/wp\/v2\/pages\/12653\/revisions\/13121"}],"wp:featuredmedia":[{"embeddable":true,"href":"https:\/\/ondulit.it\/fr\/wp-json\/wp\/v2\/media\/11318"}],"wp:attachment":[{"href":"https:\/\/ondulit.it\/fr\/wp-json\/wp\/v2\/media?parent=12653"}],"wp:term":[{"taxonomy":"category","embeddable":true,"href":"https:\/\/ondulit.it\/fr\/wp-json\/wp\/v2\/categories?post=12653"},{"taxonomy":"post_tag","embeddable":true,"href":"https:\/\/ondulit.it\/fr\/wp-json\/wp\/v2\/tags?post=12653"}],"curies":[{"name":"wp","href":"https:\/\/api.w.org\/{rel}","templated":true}]}}