{"id":11954,"date":"2023-08-05T21:27:34","date_gmt":"2023-08-05T19:27:34","guid":{"rendered":"https:\/\/ondulit.it\/?page_id=11954"},"modified":"2024-07-23T18:13:40","modified_gmt":"2024-07-23T16:13:40","slug":"coverpiu-cintrable","status":"publish","type":"page","link":"https:\/\/ondulit.it\/fr\/coverpiu-cintrable\/","title":{"rendered":"CoverPi\u00f9 Cintrable"},"content":{"rendered":"<div class=\"wpb-content-wrapper\"><p>[vc_row css_animation=\u00a0\u00bb\u00a0\u00bb row_type=\u00a0\u00bbrow\u00a0\u00bb use_row_as_full_screen_section=\u00a0\u00bbno\u00a0\u00bb type=\u00a0\u00bbfull_width\u00a0\u00bb angled_section=\u00a0\u00bbno\u00a0\u00bb text_align=\u00a0\u00bbleft\u00a0\u00bb background_image_as_pattern=\u00a0\u00bbwithout_pattern\u00a0\u00bb css=\u00a0\u00bb.vc_custom_1588061097153{background-color: #ffffff !important;background-position: center !important;background-repeat: no-repeat !important;background-size: cover !important;}\u00a0\u00bb z_index=\u00a0\u00bb30&Prime;][vc_column][vc_empty_space height=\u00a0\u00bb80px\u00a0\u00bb el_class=\u00a0\u00bbno-desk\u00a0\u00bb][vc_empty_space height=\u00a0\u00bb100px\u00a0\u00bb el_class=\u00a0\u00bbno-mobile\u00a0\u00bb][vc_row_inner row_type=\u00a0\u00bbrow\u00a0\u00bb type=\u00a0\u00bbgrid\u00a0\u00bb text_align=\u00a0\u00bbcenter\u00a0\u00bb css_animation=\u00a0\u00bb\u00a0\u00bb css=\u00a0\u00bb.vc_custom_1588059442074{margin-bottom: 0px !important;padding-bottom: 0px !important;background-position: center !important;background-repeat: no-repeat !important;background-size: cover !important;}\u00a0\u00bb][vc_column_inner offset=\u00a0\u00bbvc_col-lg-offset-0 vc_col-lg-4 vc_col-md-offset-2 vc_col-md-4 vc_col-sm-offset-0 vc_col-xs-12&Prime;][vc_column_text el_class=\u00a0\u00bbh3category\u00a0\u00bb css=\u00a0\u00bb.vc_custom_1690985451860{margin-top: 0px !important;margin-bottom: -2.5em !important;padding-top: 0px !important;}\u00a0\u00bb]<\/p>\n<h3 style=\"text-align: left;\">Panneaux sandwich<\/h3>\n<p>[\/vc_column_text][vc_column_text el_class=\u00a0\u00bbh1product\u00a0\u00bb]<\/p>\n<h1 style=\"text-align: left;\"><span style=\"color: #e32219;\">CoverPi\u00f9 Cintrable<\/span><\/h1>\n<p>[\/vc_column_text][vc_column_text el_class=\u00a0\u00bbh2text\u00a0\u00bb css=\u00a0\u00bb.vc_custom_1690985483820{padding-top: 10px !important;}\u00a0\u00bb]<\/p>\n<h2 style=\"text-align: left;\"><span style=\"color: #e32219;\">Panneau sandwich cintrable, isol\u00e9 et micro-ventil\u00e9<\/span><\/h2>\n<p>[\/vc_column_text][vc_empty_space][vc_column_text el_class=\u00a0\u00bbjustify\u00a0\u00bb]CoverPi\u00f9 Cintrable est le panneau sandwich simple peau qui na\u00eet cintr\u00e9, voyage droit et redevient cintr\u00e9 sur le chantier. Il s\u2019adapte naturellement \u00e0 la g\u00e9om\u00e9trie de la structure du b\u00e2timent. Il est micro-ventil\u00e9 et insonoris\u00e9.[\/vc_column_text]\n\n\t<a href=\"#\" target=\"_self\" style=\"color: #ff2f20;font-size: 20px;font-weight: 600;text-transform: none;margin: 30px 0px 10px 0px\" class=\"qode-btn qode-btn-medium qode-btn-simple qode-btn-icon scopri_align qode-btn-default-hover\"  >\n\t    <span class=\"qode-btn-text\">Voir les d\u00e9tails<\/span><span class=\"qode-button-v2-icon-holder\" style=\"font-size: 30px;border-color: #ffffff\" ><span aria-hidden=\"true\" class=\"qode_icon_font_elegant arrow_right qode-button-v2-icon-holder-inner\" ><\/span><\/span>\t<\/a>\n\n[\/vc_column_inner][vc_column_inner css=\u00a0\u00bb.vc_custom_1596207233039{padding-left: 30px !important;}\u00a0\u00bb offset=\u00a0\u00bbvc_col-lg-offset-0 vc_col-lg-8 vc_col-md-offset-2 vc_col-md-8 vc_col-sm-offset-0 vc_col-xs-12&Prime;][vc_empty_space height=\u00a0\u00bb50px\u00a0\u00bb][vc_single_image image=\u00a0\u00bb1556&Prime; img_size=\u00a0\u00bbfull\u00a0\u00bb alignment=\u00a0\u00bbcenter\u00a0\u00bb style=\u00a0\u00bbzoooom\u00a0\u00bb qode_css_animation=\u00a0\u00bb\u00a0\u00bb][\/vc_column_inner][\/vc_row_inner][vc_row_inner row_type=\u00a0\u00bbrow\u00a0\u00bb type=\u00a0\u00bbfull_width\u00a0\u00bb text_align=\u00a0\u00bbleft\u00a0\u00bb css_animation=\u00a0\u00bb\u00a0\u00bb css=\u00a0\u00bb.vc_custom_1588061027048{padding-top: 50px !important;}\u00a0\u00bb][vc_column_inner width=\u00a0\u00bb1\/3&Prime;][\/vc_column_inner][vc_column_inner width=\u00a0\u00bb1\/3&Prime;]<span data-type=\"normal\"  class=\"qode_icon_shortcode  q_font_awsome_icon fa-lg pull-center \" style=\" \"><a class=\"anchor\" itemprop=\"url\" href=\"#caratteristiche\" target=\"_self\"><i class=\"qode_icon_font_awesome fa fa-apple qode_icon_element\" style=\"font-size: 80px;color: #e32219;\" ><\/i><\/a><\/span>[\/vc_column_inner][vc_column_inner width=\u00a0\u00bb1\/3&Prime;][\/vc_column_inner][\/vc_row_inner][\/vc_column][\/vc_row][vc_row css_animation=\u00a0\u00bb\u00a0\u00bb row_type=\u00a0\u00bbrow\u00a0\u00bb use_row_as_full_screen_section=\u00a0\u00bbno\u00a0\u00bb type=\u00a0\u00bbfull_width\u00a0\u00bb angled_section=\u00a0\u00bbno\u00a0\u00bb text_align=\u00a0\u00bbleft\u00a0\u00bb background_image_as_pattern=\u00a0\u00bbwithout_pattern\u00a0\u00bb css=\u00a0\u00bb.vc_custom_1588064081028{background-position: center !important;background-repeat: no-repeat !important;background-size: cover !important;}\u00a0\u00bb z_index=\u00a0\u00bb30&Prime; anchor=\u00a0\u00bbcaratteristiche\u00a0\u00bb][vc_column][vc_row_inner row_type=\u00a0\u00bbrow\u00a0\u00bb type=\u00a0\u00bbfull_width\u00a0\u00bb text_align=\u00a0\u00bbcenter\u00a0\u00bb css_animation=\u00a0\u00bb\u00a0\u00bb css=\u00a0\u00bb.vc_custom_1588059212993{margin-bottom: 0px !important;padding-bottom: 0px !important;background-position: center !important;background-repeat: no-repeat !important;background-size: cover !important;}\u00a0\u00bb][vc_column_inner][vc_single_image image=\u00a0\u00bb981&Prime; img_size=\u00a0\u00bbfull\u00a0\u00bb qode_css_animation=\u00a0\u00bb\u00a0\u00bb][\/vc_column_inner][\/vc_row_inner][vc_row_inner row_type=\u00a0\u00bbrow\u00a0\u00bb type=\u00a0\u00bbgrid\u00a0\u00bb text_align=\u00a0\u00bbcenter\u00a0\u00bb css_animation=\u00a0\u00bb\u00a0\u00bb css=\u00a0\u00bb.vc_custom_1588064030972{margin-bottom: 0px !important;padding-top: 20px !important;padding-bottom: 0px !important;background-color: #f2f2f2 !important;background-position: center !important;background-repeat: no-repeat !important;background-size: cover !important;}\u00a0\u00bb][vc_column_inner][vc_empty_space height=\u00a0\u00bb40px\u00a0\u00bb el_class=\u00a0\u00bbno-desk\u00a0\u00bb][vc_column_text]<\/p>\n<h2 style=\"text-align: center;\"><span style=\"color: #e32219;\">Caract\u00e9ristiques du panneau Coverpi\u00f9 Cintrable<\/span><\/h2>\n<p>[\/vc_column_text][vc_empty_space height=\u00a0\u00bb60px\u00a0\u00bb el_class=\u00a0\u00bbno-mobile\u00a0\u00bb][\/vc_column_inner][\/vc_row_inner][vc_row_inner row_type=\u00a0\u00bbrow\u00a0\u00bb type=\u00a0\u00bbgrid\u00a0\u00bb text_align=\u00a0\u00bbcenter\u00a0\u00bb css_animation=\u00a0\u00bb\u00a0\u00bb css=\u00a0\u00bb.vc_custom_1681391985519{background-color: #f2f2f2 !important;background-position: center !important;background-repeat: no-repeat !important;background-size: cover !important;}\u00a0\u00bb][vc_column_inner width=\u00a0\u00bb1\/3&Prime; offset=\u00a0\u00bbvc_col-md-1\/5 vc_col-xs-12&Prime;][vc_single_image image=\u00a0\u00bb1516&Prime; img_size=\u00a0\u00bbfull\u00a0\u00bb alignment=\u00a0\u00bbcenter\u00a0\u00bb qode_css_animation=\u00a0\u00bb\u00a0\u00bb el_class=\u00a0\u00bbicona-ondulit\u00a0\u00bb][vc_column_text el_class=\u00a0\u00bbdescrizione-icone\u00a0\u00bb]<\/p>\n<p style=\"text-align: center;\"><b>Transport et logistique sur le chantier simplifi\u00e9s <\/b><\/p>\n<p>[\/vc_column_text][vc_empty_space height=\u00a0\u00bb20px\u00a0\u00bb][\/vc_column_inner][vc_column_inner width=\u00a0\u00bb1\/3&Prime; offset=\u00a0\u00bbvc_col-md-1\/5 vc_col-xs-12&Prime;][vc_single_image image=\u00a0\u00bb1218&Prime; img_size=\u00a0\u00bbfull\u00a0\u00bb alignment=\u00a0\u00bbcenter\u00a0\u00bb qode_css_animation=\u00a0\u00bb\u00a0\u00bb el_class=\u00a0\u00bbicona-ondulit\u00a0\u00bb][vc_column_text el_class=\u00a0\u00bbdescrizione-icone\u00a0\u00bb]<\/p>\n<p style=\"text-align: center;\"><strong>Facile \u00e0 monter<\/strong><\/p>\n<p>[\/vc_column_text][vc_empty_space height=\u00a0\u00bb20px\u00a0\u00bb][\/vc_column_inner][vc_column_inner width=\u00a0\u00bb1\/3&Prime; offset=\u00a0\u00bbvc_col-md-1\/5 vc_col-xs-12&Prime;][vc_single_image image=\u00a0\u00bb1439&Prime; img_size=\u00a0\u00bbfull\u00a0\u00bb alignment=\u00a0\u00bbcenter\u00a0\u00bb qode_css_animation=\u00a0\u00bb\u00a0\u00bb el_class=\u00a0\u00bbicona-ondulit\u00a0\u00bb][vc_column_text el_class=\u00a0\u00bbdescrizione-icone\u00a0\u00bb]<\/p>\n<p style=\"text-align: center;\"><strong>Durabilit\u00e9<\/strong><\/p>\n<p>[\/vc_column_text][vc_empty_space height=\u00a0\u00bb20px\u00a0\u00bb][\/vc_column_inner][vc_column_inner width=\u00a0\u00bb1\/3&Prime; offset=\u00a0\u00bbvc_col-md-1\/5 vc_col-xs-12&Prime;][vc_single_image image=\u00a0\u00bb1204&Prime; img_size=\u00a0\u00bbfull\u00a0\u00bb alignment=\u00a0\u00bbcenter\u00a0\u00bb qode_css_animation=\u00a0\u00bb\u00a0\u00bb el_class=\u00a0\u00bbicona-ondulit\u00a0\u00bb][vc_column_text el_class=\u00a0\u00bbdescrizione-icone\u00a0\u00bb]<\/p>\n<p style=\"text-align: center;\"><b>Confort thermique<\/b><\/p>\n<p>[\/vc_column_text][vc_empty_space height=\u00a0\u00bb20px\u00a0\u00bb][\/vc_column_inner][vc_column_inner width=\u00a0\u00bb1\/3&Prime; offset=\u00a0\u00bbvc_col-md-1\/5 vc_col-xs-12&Prime;][vc_single_image image=\u00a0\u00bb1207&Prime; img_size=\u00a0\u00bbfull\u00a0\u00bb alignment=\u00a0\u00bbcenter\u00a0\u00bb qode_css_animation=\u00a0\u00bb\u00a0\u00bb el_class=\u00a0\u00bbicona-ondulit\u00a0\u00bb][vc_column_text el_class=\u00a0\u00bbdescrizione-icone\u00a0\u00bb]<\/p>\n<p style=\"text-align: center;\"><strong>Insonorisation<\/strong><\/p>\n<p>[\/vc_column_text][vc_empty_space height=\u00a0\u00bb20px\u00a0\u00bb][\/vc_column_inner][\/vc_row_inner][vc_empty_space height=\u00a0\u00bb60px\u00a0\u00bb el_class=\u00a0\u00bbno-mobile\u00a0\u00bb css=\u00a0\u00bb.vc_custom_1681480664453{background-color: #f2f2f2 !important;}\u00a0\u00bb][vc_empty_space height=\u00a0\u00bb40px\u00a0\u00bb css=\u00a0\u00bb.vc_custom_1589525958389{background-color: #f2f2f2 !important;}\u00a0\u00bb][\/vc_column][\/vc_row][vc_row css_animation=\u00a0\u00bb\u00a0\u00bb row_type=\u00a0\u00bbrow\u00a0\u00bb use_row_as_full_screen_section=\u00a0\u00bbno\u00a0\u00bb type=\u00a0\u00bbgrid\u00a0\u00bb angled_section=\u00a0\u00bbno\u00a0\u00bb text_align=\u00a0\u00bbleft\u00a0\u00bb background_image_as_pattern=\u00a0\u00bbwithout_pattern\u00a0\u00bb css=\u00a0\u00bb.vc_custom_1684488572753{margin-bottom: 0px !important;border-top-width: 1px !important;padding-bottom: 0px !important;background-color: #ffffff !important;border-top-color: #ffffff !important;border-top-style: none !important;}\u00a0\u00bb z_index=\u00a0\u00bb\u00a0\u00bb][vc_column]<div class=\"qode-accordion-holder clearfix qode-toggle qode-initial \">\n\t<h3 class=\"clearfix qode-title-holder\">\n<span class=\"qode-tab-title\">\n\t    <span class=\"qode-tab-title-inner\">\n        Certifications    <\/span>\n<\/span>\n<span class=\"qode-accordion-mark\">\n    <span class=\"qode-accordion-mark-icon\">\n        <span class=\"icon_plus\"><\/span>\n        <span class=\"icon_minus-06\"><\/span>\n    <\/span>\n<\/span>\n<\/h3>\n<div  class=\"qode-accordion-content \" >\n    <div class=\"qode-accordion-content-inner\">\n        [vc_column_text css=\u00a0\u00bb.vc_custom_1693478649994{padding-bottom: 50px !important;}\u00a0\u00bb]<strong>L\u2019\u00e9l\u00e9ment de couverture assure les caract\u00e9ristiques suivantes:<\/strong><\/p>\n<p>&nbsp;<\/p>\n<table class=\"t1 alignleft\" style=\"width: 100%;\" cellspacing=\"0\" cellpadding=\"0\">\n<tbody>\n<tr>\n<td class=\"td1\" valign=\"top\">\n<p class=\"p2\"><b>R\u00e9action au feu:<\/b><\/p>\n<\/td>\n<td class=\"td2\" valign=\"top\">\n<p class=\"p1\"><strong>B, s2-d0<\/strong><\/p>\n<p class=\"p2\">UNI EN 13501-1; EN 13823; EN ISO 11925-2<\/p>\n<\/td>\n<\/tr>\n<tr>\n<td class=\"td1\" valign=\"top\">\n<p class=\"p2\"><b>Comportement au feu ext\u00e9rieur:<\/b><\/p>\n<\/td>\n<td class=\"td2\" valign=\"top\">\n<p class=\"p1\"><strong>BRoof T3<\/strong><\/p>\n<p class=\"p2\">UNI EN 13501-5; UNI CEN\/TS 1187<\/p>\n<\/td>\n<\/tr>\n<tr>\n<td class=\"td1\" valign=\"top\">\n<p class=\"p1\"><strong>Trasmission thermique:<\/strong><\/p>\n<\/td>\n<td class=\"td2\" valign=\"top\">\n<p class=\"p1\"><strong>0,31 W\/m2 K<\/strong> pour \u00e9paisseur 100 mm<\/p>\n<p class=\"p2\"><strong>0,26 W\/m2 K<\/strong> pour \u00e9paisseur 120 mm<\/p>\n<p class=\"p2\"><strong>0,22 W\/m2 K<\/strong> pour \u00e9paisseur 140 mm<\/p>\n<p class=\"p2\"><strong>0,19 W\/m2 K<\/strong> pour \u00e9paisseur 160 mm<\/p>\n<\/td>\n<\/tr>\n<tr>\n<td class=\"td1\" valign=\"top\">\n<p class=\"p1\"><strong>Solar Reflectance Index (SRI):<\/strong><\/p>\n<\/td>\n<td class=\"td2\" valign=\"top\">\n<p class=\"p1\"><strong>Finition ext\u00e9rieure:<\/strong><\/p>\n<p class=\"p2\">Aluminium Naturel (N) <strong>107%<\/strong><\/p>\n<p class=\"p2\"><strong>AAluminium couleur:<\/strong><\/p>\n<p class=\"p2\">Gris Clair RAL 9002 (W) <strong>73%<\/strong><br \/>\nGris RAL 7023 (GR) <strong>42,6%<\/strong><br \/>\nTerre-Cuite RAL 8004 (T) <strong>37,6%<\/strong><br \/>\nASTM E1980-11<\/p>\n<\/td>\n<\/tr>\n<tr>\n<td class=\"td1\" valign=\"top\">\n<p class=\"p1\"><strong>Capacit\u00e9 de courbure:<\/strong><\/p>\n<\/td>\n<td class=\"td2\" valign=\"top\">\n<p class=\"p1\">Panneau droit avec la capacit\u00e9 de se plier sur des structures avec un rayon minimum de 15 m<\/p>\n<\/td>\n<\/tr>\n<\/tbody>\n<\/table>\n<p>[\/vc_column_text][vc_empty_space height=\u00a0\u00bb50px\u00a0\u00bb]    <\/div>\n<\/div><\/div>[\/vc_column][\/vc_row][vc_row css_animation=\u00a0\u00bb\u00a0\u00bb row_type=\u00a0\u00bbrow\u00a0\u00bb use_row_as_full_screen_section=\u00a0\u00bbno\u00a0\u00bb type=\u00a0\u00bbfull_width\u00a0\u00bb angled_section=\u00a0\u00bbno\u00a0\u00bb text_align=\u00a0\u00bbleft\u00a0\u00bb background_image_as_pattern=\u00a0\u00bbwithout_pattern\u00a0\u00bb css=\u00a0\u00bb.vc_custom_1684488632933{margin-bottom: 0px !important;border-top-width: 1px !important;padding-bottom: 0px !important;background-color: #d1d1d1 !important;border-top-color: #ffffff !important;border-top-style: solid !important;}\u00a0\u00bb z_index=\u00a0\u00bb\u00a0\u00bb][vc_column width=\u00a0\u00bb2\/3&Prime; offset=\u00a0\u00bbvc_col-sm-offset-2 vc_col-xs-offset-1 vc_col-xs-10&Prime;][vc_empty_space height=\u00a0\u00bb100px\u00a0\u00bb][vc_column_text el_class=\u00a0\u00bbprodotto_lavoro left_align_mobile\u00a0\u00bb css=\u00a0\u00bb.vc_custom_1688563221080{margin-bottom: -2.5em !important;}\u00a0\u00bb]<\/p>\n<h2>CoverPi\u00f9 Curvabile<\/h2>\n<p>[\/vc_column_text][vc_column_text el_class=\u00a0\u00bbh3lavoro left_align_mobile\u00a0\u00bb]<\/p>\n<h3><span style=\"color: #e32219;\">Pour votre projet<\/span><\/h3>\n<p>[\/vc_column_text][vc_empty_space height=\u00a0\u00bb100px\u00a0\u00bb el_class=\u00a0\u00bbno-mobile\u00a0\u00bb][vc_empty_space height=\u00a0\u00bb70px\u00a0\u00bb el_class=\u00a0\u00bbno-desk no-tab\u00a0\u00bb][\/vc_column][\/vc_row][vc_row css_animation=\u00a0\u00bb\u00a0\u00bb row_type=\u00a0\u00bbrow\u00a0\u00bb use_row_as_full_screen_section=\u00a0\u00bbno\u00a0\u00bb type=\u00a0\u00bbfull_width\u00a0\u00bb angled_section=\u00a0\u00bbno\u00a0\u00bb text_align=\u00a0\u00bbleft\u00a0\u00bb background_image_as_pattern=\u00a0\u00bbwithout_pattern\u00a0\u00bb css=\u00a0\u00bb.vc_custom_1717066951797{margin-bottom: 0px !important;border-top-width: 0px !important;padding-bottom: 80px !important;background-color: #d1d1d1 !important;border-top-color: #ffffff !important;border-top-style: none !important;}\u00a0\u00bb z_index=\u00a0\u00bb\u00a0\u00bb][vc_column width=\u00a0\u00bb2\/3&Prime; offset=\u00a0\u00bbvc_col-md-4 vc_col-sm-offset-2 vc_col-xs-offset-1 vc_col-xs-10&Prime;][vc_column_text]<\/p>\n<h3 style=\"font-family: rene-bieder-semibo, sans-serif; font-size: 28px; line-height: 34px; text-transform: none;\">T\u00e9l\u00e9chargez la documentation technique<\/h3>\n<p>[\/vc_column_text][vc_empty_space height=\u00a0\u00bb40px\u00a0\u00bb el_class=\u00a0\u00bbno-mobile no-tab\u00a0\u00bb][vc_empty_space height=\u00a0\u00bb14px\u00a0\u00bb el_class=\u00a0\u00bbno-desk\u00a0\u00bb][vc_column_text]<\/p>\n<p style=\"font-family: rene-bieder-semibo, sans-serif; font-size: 24px; line-height: 18px; text-transform: none;\"><a href=\"https:\/\/my.ondulit.it\/~JOn1q\">Fichier DWG<\/a><\/p>\n<p>[\/vc_column_text][vc_empty_space height=\u00a0\u00bb10px\u00a0\u00bb][vc_column_text el_class=\u00a0\u00bbhide\u00a0\u00bb]<\/p>\n<p style=\"font-family: rene-bieder-semibo, sans-serif; font-size: 24px; line-height: 18px; text-transform: none;\"><a href=\"https:\/\/my.ondulit.it\/~Ioy6d\">Fiche technique<\/a><\/p>\n<p>[\/vc_column_text][vc_empty_space height=\u00a0\u00bb10px\u00a0\u00bb][vc_column_text el_class=\u00a0\u00bbhide\u00a0\u00bb]<\/p>\n<p style=\"font-family: rene-bieder-semibo, sans-serif; font-size: 24px; line-height: 18px; text-transform: none;\"><a href=\"https:\/\/my.ondulit.it\/~zK1YB\">Instructions de Montage<\/a><\/p>\n<p>[\/vc_column_text][vc_empty_space height=\u00a0\u00bb10px\u00a0\u00bb][vc_column_text el_class=\u00a0\u00bbhide\u00a0\u00bb]<\/p>\n<p style=\"font-family: rene-bieder-semibo, sans-serif; font-size: 24px; line-height: 18px; text-transform: none;\"><a href=\"https:\/\/my.ondulit.it\/~mePxd\">Descriptif<\/a><\/p>\n<p>[\/vc_column_text][vc_empty_space height=\u00a0\u00bb160px\u00a0\u00bb el_class=\u00a0\u00bbno-mobile no-tab\u00a0\u00bb][vc_empty_space height=\u00a0\u00bb70px\u00a0\u00bb el_class=\u00a0\u00bbno-desk\u00a0\u00bb][vc_column_text]<\/p>\n<h3 style=\"font-family: rene-bieder-semibo, sans-serif; font-size: 30px; line-height: 34px; text-transform: none;\">Contactez-nous<\/h3>\n<p>[\/vc_column_text][vc_empty_space height=\u00a0\u00bb14px\u00a0\u00bb el_class=\u00a0\u00bbno-desk\u00a0\u00bb][vc_empty_space height=\u00a0\u00bb40px\u00a0\u00bb el_class=\u00a0\u00bbno-mobile no-tab\u00a0\u00bb][vc_column_text]<\/p>\n<p style=\"font-family: rene-bieder-semibo, sans-serif; font-size: 20px; line-height: 18px; text-transform: none;\">Tel: <a href=\"tel:+390658330880\">+39 0658330880<\/a><\/p>\n<p>[\/vc_column_text][vc_empty_space height=\u00a0\u00bb10px\u00a0\u00bb][vc_column_text]<\/p>\n<p style=\"font-family: rene-bieder-semibo, sans-serif; font-size: 20px; line-height: 18px; text-transform: none;\">Email: <a href=\"mailto:info@ondulit.it\">info@ondulit.it<\/a><\/p>\n<p>[\/vc_column_text][vc_empty_space height=\u00a0\u00bb70px\u00a0\u00bb el_class=\u00a0\u00bbno-desk no-mobile\u00a0\u00bb css=\u00a0\u00bb.vc_custom_1683538396926{background-color: #d1d1d1 !important;}\u00a0\u00bb][\/vc_column][vc_column width=\u00a0\u00bb2\/3&Prime; offset=\u00a0\u00bbvc_col-md-offset-0 vc_col-md-4 vc_col-sm-offset-2 vc_hidden-xs\u00a0\u00bb][vc_column_text]<\/p>\n<h3 style=\"font-family: rene-bieder-semibo, sans-serif; font-size: 28px; line-height: 34px; text-transform: none; text-align: left;\">Ecrivez votre demande<\/h3>\n<p>[\/vc_column_text][vc_raw_html]JTNDc2NyaXB0JTIwZGF0YS1iMjQtZm9ybSUzRCUyMmlubGluZSUyRjQzJTJGMmIwMjRpJTIyJTIwZGF0YS1za2lwLW1vdmluZyUzRCUyMnRydWUlMjIlM0UlMjhmdW5jdGlvbiUyOHclMkNkJTJDdSUyOSU3QnZhciUyMHMlM0RkLmNyZWF0ZUVsZW1lbnQlMjglMjdzY3JpcHQlMjclMjklM0JzLmFzeW5jJTNEdHJ1ZSUzQnMuc3JjJTNEdSUyQiUyNyUzRiUyNyUyQiUyOERhdGUubm93JTI4JTI5JTJGMTgwMDAwJTdDMCUyOSUzQnZhciUyMGglM0RkLmdldEVsZW1lbnRzQnlUYWdOYW1lJTI4JTI3c2NyaXB0JTI3JTI5JTVCMCU1RCUzQmgucGFyZW50Tm9kZS5pbnNlcnRCZWZvcmUlMjhzJTJDaCUyOSUzQiU3RCUyOSUyOHdpbmRvdyUyQ2RvY3VtZW50JTJDJTI3aHR0cHMlM0ElMkYlMkZteS5vbmR1bGl0Lml0JTJGdXBsb2FkJTJGY3JtJTJGZm9ybSUyRmxvYWRlcl80M18yYjAyNGkuanMlMjclMjklM0IlM0MlMkZzY3JpcHQlM0UlMEE=[\/vc_raw_html][\/vc_column][\/vc_row][vc_row css_animation=\u00a0\u00bb\u00a0\u00bb row_type=\u00a0\u00bbrow\u00a0\u00bb use_row_as_full_screen_section=\u00a0\u00bbno\u00a0\u00bb type=\u00a0\u00bbfull_width\u00a0\u00bb angled_section=\u00a0\u00bbno\u00a0\u00bb text_align=\u00a0\u00bbleft\u00a0\u00bb background_image_as_pattern=\u00a0\u00bbwithout_pattern\u00a0\u00bb css=\u00a0\u00bb.vc_custom_1687361918526{background-color: #f2f2f2 !important;background-position: center !important;background-repeat: no-repeat !important;background-size: cover !important;}\u00a0\u00bb z_index=\u00a0\u00bb\u00a0\u00bb][vc_column width=\u00a0\u00bb5\/6&Prime; offset=\u00a0\u00bbvc_col-lg-offset-1 vc_col-lg-4 vc_col-md-offset-1 vc_col-md-5 vc_col-sm-offset-1 vc_col-xs-offset-1 vc_col-xs-10&Prime;][vc_empty_space height=\u00a0\u00bb100px\u00a0\u00bb][vc_column_text el_class=\u00a0\u00bbh2text\u00a0\u00bb]<\/p>\n<h2><span style=\"color: #e32219; white-space: normal !important;\">Le panneau sandwich qui simplifie le transport sur le chantier<\/span><\/h2>\n<p>[\/vc_column_text][vc_empty_space height=\u00a0\u00bb30px\u00a0\u00bb][vc_column_text el_class=\u00a0\u00bbjustify\u00a0\u00bb]<\/p>\n<p style=\"text-align: left;\">Coverpi\u00f9 Cintrable est le seul panneau multicouche avec un rev\u00eatement int\u00e9rieur en feuille d&rsquo;aluminium qui s\u2019adapte au rayon de la toiture. Le panneau voyage droit et prend naturellement la courbure requise sur le chantier. Il est \u00e9galement adapt\u00e9 \u00e0 accueillir les installations photovolta\u00efques.<\/p>\n<p>[\/vc_column_text][vc_empty_space height=\u00a0\u00bb60px\u00a0\u00bb][vc_column_text el_class=\u00a0\u00bbh2text\u00a0\u00bb]<a href=\"https:\/\/ondulit.it\/fr\/panneaux-sandwich\/\"><span style=\"color: #ff2f20; white-space: normal !important; font-size: 18px;\">Revenir aux panneaux<\/span><\/a>[\/vc_column_text][vc_empty_space height=\u00a0\u00bb60px\u00a0\u00bb el_class=\u00a0\u00bbno-desk\u00a0\u00bb][\/vc_column][vc_column offset=\u00a0\u00bbvc_col-lg-offset-1 vc_col-lg-6 vc_col-md-offset-0 vc_col-md-6 vc_col-sm-offset-0 vc_col-xs-12&Prime;][vc_gallery interval=\u00a0\u00bb3&Prime; images=\u00a0\u00bb2436,1450,1444&Prime; img_size=\u00a0\u00bbfull\u00a0\u00bb css=\u00a0\u00bb.vc_custom_1688549638884{margin-bottom: 0px !important;}\u00a0\u00bb][\/vc_column][\/vc_row][vc_row css_animation=\u00a0\u00bb\u00a0\u00bb row_type=\u00a0\u00bbrow\u00a0\u00bb use_row_as_full_screen_section=\u00a0\u00bbno\u00a0\u00bb type=\u00a0\u00bbfull_width\u00a0\u00bb angled_section=\u00a0\u00bbno\u00a0\u00bb text_align=\u00a0\u00bbleft\u00a0\u00bb background_image_as_pattern=\u00a0\u00bbwithout_pattern\u00a0\u00bb css=\u00a0\u00bb.vc_custom_1684489831349{margin-top: 0px !important;margin-bottom: 0px !important;padding-top: 0px !important;padding-bottom: 0px !important;background-color: #f2f2f2 !important;background-position: center !important;background-repeat: no-repeat !important;background-size: cover !important;}\u00a0\u00bb z_index=\u00a0\u00bb\u00a0\u00bb el_class=\u00a0\u00bbflag\u00a0\u00bb side_padding=\u00a0\u00bb0&Prime; padding_top=\u00a0\u00bb0&Prime;][vc_column css=\u00a0\u00bb.vc_custom_1588178891415{margin-top: 0px !important;margin-bottom: 0px !important;padding-top: 0px !important;padding-bottom: 0px !important;}\u00a0\u00bb][vc_single_image image=\u00a0\u00bb73&Prime; img_size=\u00a0\u00bbfull\u00a0\u00bb qode_css_animation=\u00a0\u00bb\u00a0\u00bb css=\u00a0\u00bb.vc_custom_1588178725142{margin-top: 0px !important;margin-bottom: 0px !important;padding-top: 0px !important;padding-bottom: 0px !important;}\u00a0\u00bb][\/vc_column][\/vc_row]<\/p>\n<\/div>","protected":false},"excerpt":{"rendered":"<p>[vc_row css_animation=\u00a0\u00bb\u00a0\u00bb row_type=\u00a0\u00bbrow\u00a0\u00bb use_row_as_full_screen_section=\u00a0\u00bbno\u00a0\u00bb type=\u00a0\u00bbfull_width\u00a0\u00bb angled_section=\u00a0\u00bbno\u00a0\u00bb text_align=\u00a0\u00bbleft\u00a0\u00bb background_image_as_pattern=\u00a0\u00bbwithout_pattern\u00a0\u00bb css=\u00a0\u00bb.vc_custom_1588061097153{background-color: #ffffff !important;background-position: center !important;background-repeat: no-repeat !important;background-size: cover !important;}\u00a0\u00bb z_index=\u00a0\u00bb30&Prime;][vc_column][vc_empty_space height=\u00a0\u00bb80px\u00a0\u00bb el_class=\u00a0\u00bbno-desk\u00a0\u00bb][vc_empty_space height=\u00a0\u00bb100px\u00a0\u00bb el_class=\u00a0\u00bbno-mobile\u00a0\u00bb][vc_row_inner row_type=\u00a0\u00bbrow\u00a0\u00bb type=\u00a0\u00bbgrid\u00a0\u00bb text_align=\u00a0\u00bbcenter\u00a0\u00bb css_animation=\u00a0\u00bb\u00a0\u00bb css=\u00a0\u00bb.vc_custom_1588059442074{margin-bottom: 0px !important;padding-bottom: 0px !important;background-position: center !important;background-repeat: no-repeat !important;background-size: cover !important;}\u00a0\u00bb][vc_column_inner offset=\u00a0\u00bbvc_col-lg-offset-0 vc_col-lg-4 vc_col-md-offset-2 vc_col-md-4 vc_col-sm-offset-0 vc_col-xs-12&Prime;][vc_column_text el_class=\u00a0\u00bbh3category\u00a0\u00bb css=\u00a0\u00bb.vc_custom_1690985451860{margin-top:&#8230;<\/p>\n","protected":false},"author":1286,"featured_media":10819,"parent":0,"menu_order":0,"comment_status":"closed","ping_status":"closed","template":"full_width.php","meta":{"footnotes":""},"categories":[],"tags":[],"class_list":["post-11954","page","type-page","status-publish","has-post-thumbnail","hentry"],"_links":{"self":[{"href":"https:\/\/ondulit.it\/fr\/wp-json\/wp\/v2\/pages\/11954","targetHints":{"allow":["GET"]}}],"collection":[{"href":"https:\/\/ondulit.it\/fr\/wp-json\/wp\/v2\/pages"}],"about":[{"href":"https:\/\/ondulit.it\/fr\/wp-json\/wp\/v2\/types\/page"}],"author":[{"embeddable":true,"href":"https:\/\/ondulit.it\/fr\/wp-json\/wp\/v2\/users\/1286"}],"replies":[{"embeddable":true,"href":"https:\/\/ondulit.it\/fr\/wp-json\/wp\/v2\/comments?post=11954"}],"version-history":[{"count":14,"href":"https:\/\/ondulit.it\/fr\/wp-json\/wp\/v2\/pages\/11954\/revisions"}],"predecessor-version":[{"id":15620,"href":"https:\/\/ondulit.it\/fr\/wp-json\/wp\/v2\/pages\/11954\/revisions\/15620"}],"wp:featuredmedia":[{"embeddable":true,"href":"https:\/\/ondulit.it\/fr\/wp-json\/wp\/v2\/media\/10819"}],"wp:attachment":[{"href":"https:\/\/ondulit.it\/fr\/wp-json\/wp\/v2\/media?parent=11954"}],"wp:term":[{"taxonomy":"category","embeddable":true,"href":"https:\/\/ondulit.it\/fr\/wp-json\/wp\/v2\/categories?post=11954"},{"taxonomy":"post_tag","embeddable":true,"href":"https:\/\/ondulit.it\/fr\/wp-json\/wp\/v2\/tags?post=11954"}],"curies":[{"name":"wp","href":"https:\/\/api.w.org\/{rel}","templated":true}]}}