{"id":6384,"date":"2020-11-18T11:12:14","date_gmt":"2020-11-18T10:12:14","guid":{"rendered":"https:\/\/ondulit.it\/?page_id=6384"},"modified":"2025-01-20T18:19:17","modified_gmt":"2025-01-20T16:19:17","slug":"politica-de-calidad","status":"publish","type":"page","link":"https:\/\/ondulit.it\/es\/politica-de-calidad\/","title":{"rendered":"Pol\u00edtica de calidad"},"content":{"rendered":"<div class=\"wpb-content-wrapper\"><p>[vc_row css_animation=\u00bb\u00bb row_type=\u00bbrow\u00bb use_row_as_full_screen_section=\u00bbno\u00bb type=\u00bbfull_width\u00bb angled_section=\u00bbno\u00bb text_align=\u00bbleft\u00bb background_image_as_pattern=\u00bbwithout_pattern\u00bb z_index=\u00bb0&#8243;][vc_column css=\u00bb.vc_custom_1587666993726{margin-top: 0px !important;padding-top: 0px !important;}\u00bb]\n\t\t\t<!-- START Politica della qualit\u00e0 REVOLUTION SLIDER 6.7.21 --><p class=\"rs-p-wp-fix\"><\/p>\n\t\t\t<rs-module-wrap id=\"rev_slider_20_1_wrapper\" data-source=\"gallery\" style=\"visibility:hidden;background:transparent;padding:0;margin:0px auto;margin-top:0;margin-bottom:0;\">\n\t\t\t\t<rs-module id=\"rev_slider_20_1\" style=\"\" data-version=\"6.7.21\">\n\t\t\t\t\t<rs-slides style=\"overflow: hidden; position: absolute;\">\n\t\t\t\t\t\t<rs-slide style=\"position: absolute;\" data-key=\"rs-65\" data-title=\"Slide\" data-anim=\"ms:1000;r:0;\" data-in=\"o:0;\" data-out=\"a:false;\">\n\t\t\t\t\t\t\t<img decoding=\"async\" src=\"\/\/ondulit.it\/wp-content\/plugins\/revslider\/sr6\/assets\/assets\/dummy.png\" alt=\"Politica della qualit\u00e0\" title=\"politica-della-qualita\" width=\"1920\" height=\"868\" class=\"rev-slidebg tp-rs-img rs-lazyload\" data-lazyload=\"\/\/ondulit.it\/wp-content\/uploads\/2020\/06\/politica-della-qualita.jpg\" data-no-retina>\n<!---->\t\t\t\t\t<\/rs-slide>\n\t\t\t\t\t\t<rs-slide style=\"position: absolute;\" data-key=\"rs-66\" data-title=\"Slide\" data-anim=\"ms:1000;r:0;\" data-in=\"o:0;\" data-out=\"a:false;\">\n\t\t\t\t\t\t\t<img decoding=\"async\" src=\"\/\/ondulit.it\/wp-content\/plugins\/revslider\/sr6\/assets\/assets\/dummy.png\" alt=\"\" title=\"politica-della-qualita\" width=\"1920\" height=\"868\" class=\"rev-slidebg tp-rs-img rs-lazyload\" data-lazyload=\"\/\/ondulit.it\/wp-content\/uploads\/2020\/06\/politica-della-qualita-2.jpg\" data-no-retina>\n<!---->\t\t\t\t\t<\/rs-slide>\n\t\t\t\t\t<\/rs-slides>\n\t\t\t\t<\/rs-module>\n\t\t\t\t<script>\n\t\t\t\t\tsetREVStartSize({c: 'rev_slider_20_1',rl:[1240,1240,778,480],el:[700,700,960,720],gw:[1240,1240,778,480],gh:[700,700,600,650],type:'standard',justify:'',layout:'fullwidth',mh:\"0\"});if (window.RS_MODULES!==undefined && window.RS_MODULES.modules!==undefined && window.RS_MODULES.modules[\"revslider201\"]!==undefined) {window.RS_MODULES.modules[\"revslider201\"].once = false;window.revapi20 = undefined;if (window.RS_MODULES.checkMinimal!==undefined) window.RS_MODULES.checkMinimal()}\n\t\t\t\t<\/script>\n\t\t\t<\/rs-module-wrap>\n\t\t\t<!-- END REVOLUTION SLIDER -->\n[\/vc_column][\/vc_row][vc_row css_animation=\u00bb\u00bb row_type=\u00bbrow\u00bb use_row_as_full_screen_section=\u00bbno\u00bb type=\u00bbfull_width\u00bb angled_section=\u00bbno\u00bb text_align=\u00bbleft\u00bb background_image_as_pattern=\u00bbwithout_pattern\u00bb z_index=\u00bb99&#8243; css=\u00bb.vc_custom_1591027158425{background-color: #f2f2f2 !important;}\u00bb][vc_column][vc_row_inner row_type=\u00bbrow\u00bb type=\u00bbfull_width\u00bb text_align=\u00bbcenter\u00bb css_animation=\u00bb\u00bb css=\u00bb.vc_custom_1591026826543{margin-top: -300px !important;margin-bottom: 0px !important;padding-bottom: 60px !important;background-image: url(https:\/\/ondulit.it\/wp-content\/uploads\/2020\/05\/Diagonal_contatti-1.png?id=1297) !important;background-position: center !important;background-repeat: no-repeat !important;background-size: cover !important;}\u00bb el_id=\u00bbmobilepadding\u00bb][vc_column_inner width=\u00bb1\/4&#8243;][\/vc_column_inner][vc_column_inner width=\u00bb1\/2&#8243;][vc_empty_space height=\u00bb200px\u00bb][vc_column_text]<\/p>\n<h3 class=\"p1\" style=\"text-align: center;\"><span style=\"color: #ffffff;\">Pol\u00edtica de Calidad Ondulit<\/span><\/h3>\n<p>[\/vc_column_text][vc_empty_space height=\u00bb200px\u00bb][\/vc_column_inner][vc_column_inner width=\u00bb1\/4&#8243;][\/vc_column_inner][\/vc_row_inner][\/vc_column][\/vc_row][vc_row css_animation=\u00bb\u00bb row_type=\u00bbrow\u00bb use_row_as_full_screen_section=\u00bbno\u00bb type=\u00bbfull_width\u00bb angled_section=\u00bbno\u00bb text_align=\u00bbleft\u00bb background_image_as_pattern=\u00bbwithout_pattern\u00bb css=\u00bb.vc_custom_1591203046847{background-position: center !important;background-repeat: no-repeat !important;background-size: cover !important;}\u00bb z_index=\u00bb30&#8243; anchor=\u00bbcaratteristiche\u00bb][vc_column][vc_row_inner row_type=\u00bbrow\u00bb type=\u00bbgrid\u00bb text_align=\u00bbcenter\u00bb css_animation=\u00bb\u00bb css=\u00bb.vc_custom_1588064030972{margin-bottom: 0px !important;padding-top: 20px !important;padding-bottom: 0px !important;background-color: #f2f2f2 !important;background-position: center !important;background-repeat: no-repeat !important;background-size: cover !important;}\u00bb][vc_column_inner width=\u00bb1\/6&#8243;][\/vc_column_inner][vc_column_inner offset=\u00bbvc_col-lg-8 vc_col-md-8 vc_col-xs-12&#8243;][vc_column_text]<\/p>\n<h2 style=\"text-align: left;\"><span style=\"color: #e32219;\">La empresa<\/span><\/h2>\n<p>[\/vc_column_text][vc_empty_space height=\u00bb20px\u00bb][vc_column_text el_class=\u00bbjustify\u00bb]<\/p>\n<p style=\"text-align: left;\">Ondulit Italiana dise\u00f1a y fabrica sistemas de cubiertas desde 1953.<\/p>\n<p style=\"text-align: left;\">Tecnolog\u00eda, experiencia y know-how destacan y califican a la empresa.<\/p>\n<p style=\"text-align: left;\">Una Oficina T\u00e9cnica especializada y una Red Comercial presente en todo el territorio nacional y en el exterior permiten identificar soluciones de cubierta adecuadas a cada necesidad t\u00e9cnica y de dise\u00f1o y capaces de asegurar confort y ahorro en el tiempo.<\/p>\n<p style=\"text-align: left;\">La producci\u00f3n de placas Ondulit se caracteriza por una exclusiva tecnolog\u00eda de Protecci\u00f3n Multiestrato del Acero.<\/p>\n<p style=\"text-align: left;\">Gracias a un proceso de fabricaci\u00f3n continuo, los diversos componentes del sistema multiestrato &#8211; acero, aluminio y compuesto pl\u00e1stico &#8211; se integran entre s\u00ed para originar un material de cubierta compacto, ligero, irrompible y resistente.<\/p>\n<p style=\"text-align: left;\">Las prestaciones \u00fanicas resultantes permiten que los sistemas Ondulit-Coverib respondan perfectamente a las gravosas condiciones de ejercicio a las que generalmente est\u00e1 sometida la cubierta de un edificio.<\/p>\n<p style=\"text-align: left;\">Resistencia a la corrosi\u00f3n, confort t\u00e9rmico y ac\u00fastico son las caracter\u00edsticas gracias a las cuales las cubiertas Ondulit aseguran bienestar y ahorro en el tiempo para los que viven en el edificio.<\/p>\n<p style=\"text-align: left;\">En virtud de su propia composici\u00f3n, las cubiertas Ondulit-Coverib son las \u00fanicas placas multiestrato que ofrecen la durabilidad certificada y la estratificaci\u00f3n requeridas por la norma EN 14782: 2006 para el marcado CE.<\/p>\n<p style=\"text-align: left;\">Adem\u00e1s, los productos multiestrato cuentan con una garant\u00eda de impermeabilidad de hasta 30 a\u00f1os, impermeabilidad que es una prerrogativa esencial para un techo. Dicha garant\u00eda no est\u00e1 condicionada por la distancia del mar o por la altitud a la que se encuentra el edificio, no requiere un mantenimiento peri\u00f3dico espec\u00edfico, ni tampoco distingue entre edificios industriales y residenciales.<\/p>\n<p>[\/vc_column_text][vc_empty_space height=\u00bb20px\u00bb][\/vc_column_inner][vc_column_inner width=\u00bb1\/6&#8243;][\/vc_column_inner][\/vc_row_inner][vc_row_inner row_type=\u00bbrow\u00bb type=\u00bbgrid\u00bb text_align=\u00bbleft\u00bb css_animation=\u00bb\u00bb][vc_column_inner][vc_empty_space height=\u00bb50px\u00bb][\/vc_column_inner][\/vc_row_inner][vc_row_inner row_type=\u00bbrow\u00bb type=\u00bbgrid\u00bb text_align=\u00bbcenter\u00bb css_animation=\u00bb\u00bb css=\u00bb.vc_custom_1588064030972{margin-bottom: 0px !important;padding-top: 20px !important;padding-bottom: 0px !important;background-color: #f2f2f2 !important;background-position: center !important;background-repeat: no-repeat !important;background-size: cover !important;}\u00bb][vc_column_inner offset=\u00bbvc_col-lg-4 vc_col-md-4&#8243;][vc_column_text]<\/p>\n<h2 style=\"text-align: left;\"><span style=\"color: #e32219;\">Objetivos<\/span><\/h2>\n<p>[\/vc_column_text][vc_empty_space height=\u00bb40px\u00bb][\/vc_column_inner][vc_column_inner offset=\u00bbvc_col-lg-8 vc_col-md-8&#8243;][vc_column_text el_class=\u00bbjustify\u00bb]<\/p>\n<p style=\"text-align: left;\"><strong><span style=\"color: #e32219;\">1. Defensa y revitalizaci\u00f3n de la identidad (objetivo en mantenimiento)<br \/>\n<\/span><\/strong><\/p>\n<ul>\n<li style=\"text-align: left;\">Inversiones en las l\u00edneas de producci\u00f3n asegurando la constancia de los par\u00e1metros productivos y el m\u00e1ximo control de producci\u00f3n<\/li>\n<li style=\"text-align: left;\">Calificaci\u00f3n rigurosa de materias primas<\/li>\n<li style=\"text-align: left;\">Actualizaci\u00f3n de los requisitos de calidad del producto con la participaci\u00f3n de todas las funciones de la empresa<\/li>\n<li style=\"text-align: left;\">Sistema de delegaci\u00f3n<\/li>\n<li style=\"text-align: left;\">Desarrollo de la gama de productos<\/li>\n<li style=\"text-align: left;\">Web<\/li>\n<li style=\"text-align: left;\">Nuevo software de dise\u00f1o para el cliente dise\u00f1ador<\/li>\n<\/ul>\n<p>[\/vc_column_text][vc_empty_space height=\u00bb20px\u00bb][vc_column_text el_class=\u00bbjustify\u00bb]<\/p>\n<p style=\"text-align: left;\"><span style=\"color: #e32219;\"><strong>2. Reorganizaci\u00f3n y profesionalizaci\u00f3n de la estructura<br \/>\n<\/strong><\/span><\/p>\n<ul>\n<li style=\"text-align: left;\">Formaci\u00f3n continua y capacitaci\u00f3n del personal<\/li>\n<\/ul>\n<p>[\/vc_column_text][vc_empty_space height=\u00bb20px\u00bb][vc_column_text el_class=\u00bbjustify\u00bb]<\/p>\n<p style=\"text-align: left;\"><span style=\"color: #e32219;\"><strong>3. Investigaci\u00f3n y desarrollo<br \/>\n<\/strong><\/span><\/p>\n<ul>\n<li style=\"text-align: left;\">Definici\u00f3n de un producto para cubierta de alto rendimiento innovador con caracter\u00edsticas avanzadas<\/li>\n<li style=\"text-align: left;\">Estudio de nuevos perfiles m\u00e1s prestacionales desde el punto de vista de la resistencia mec\u00e1nica<\/li>\n<li style=\"text-align: left;\">Incremento y mejora del rendimiento energ\u00e9tico certificado de la actual tecnolog\u00eda frente a una chapa prelacada (simple o panel), mediante tecnolog\u00edas del tipo \u00abtecho fr\u00edo\u201d<\/li>\n<li style=\"text-align: left;\">Transposici\u00f3n CAM (Criterios Ambientales M\u00ednimos, Decreto Ministerial Italiano 11\/10\/2017) al producto<\/li>\n<\/ul>\n<p>[\/vc_column_text][vc_empty_space height=\u00bb20px\u00bb][vc_column_text el_class=\u00bbjustify\u00bb]<\/p>\n<p style=\"text-align: left;\"><span style=\"color: #e32219;\"><strong>4. Estrategia comercial<br \/>\n<\/strong><\/span><\/p>\n<ul>\n<li style=\"text-align: left;\">Ampliaci\u00f3n de la gama de productos tanto en cubierta como en accesorios<\/li>\n<li style=\"text-align: left;\">Expansi\u00f3n de los mercados extranjeros y consolidaci\u00f3n en los pa\u00edses m\u00e1s importantes<\/li>\n<li style=\"text-align: left;\">Nuevas iniciativas en apoyo a la presencia en el mercado nacional<\/li>\n<li style=\"text-align: left;\">Desarrollo de colaboraciones continuas con la Administraci\u00f3n P\u00fablica<\/li>\n<\/ul>\n<p>[\/vc_column_text][\/vc_column_inner][\/vc_row_inner][vc_row_inner row_type=\u00bbrow\u00bb type=\u00bbgrid\u00bb text_align=\u00bbleft\u00bb css_animation=\u00bb\u00bb][vc_column_inner][vc_separator type=\u00bbnormal\u00bb color=\u00bb#dadada\u00bb up=\u00bb35&#8243; down=\u00bb25&#8243;][\/vc_column_inner][\/vc_row_inner][vc_row_inner row_type=\u00bbrow\u00bb type=\u00bbgrid\u00bb text_align=\u00bbcenter\u00bb css_animation=\u00bb\u00bb css=\u00bb.vc_custom_1588064030972{margin-bottom: 0px !important;padding-top: 20px !important;padding-bottom: 0px !important;background-color: #f2f2f2 !important;background-position: center !important;background-repeat: no-repeat !important;background-size: cover !important;}\u00bb][vc_column_inner offset=\u00bbvc_col-lg-4 vc_col-md-4&#8243;][vc_column_text]<\/p>\n<h2 style=\"text-align: left;\"><span style=\"color: #e32219;\">Ondulit se compromete a<\/span><\/h2>\n<p>[\/vc_column_text][vc_empty_space height=\u00bb40px\u00bb][\/vc_column_inner][vc_column_inner offset=\u00bbvc_col-lg-8 vc_col-md-8&#8243;][vc_column_text el_class=\u00bbjustify\u00bb]<\/p>\n<ul>\n<li style=\"text-align: left;\">cumplir con los requisitos del cliente<\/li>\n<li style=\"text-align: left;\">respetar a sus trabajadores<\/li>\n<li style=\"text-align: left;\">mejorar su impacto en el medio ambiente y prevenir la contaminaci\u00f3n<\/li>\n<li style=\"text-align: left;\">cumplir con los requisitos aplicables<\/li>\n<li style=\"text-align: left;\">prevenir riesgos para la salud y seguridad del personal<\/li>\n<\/ul>\n<p>[\/vc_column_text][vc_empty_space height=\u00bb20px\u00bb][\/vc_column_inner][\/vc_row_inner][vc_row_inner row_type=\u00bbrow\u00bb type=\u00bbgrid\u00bb text_align=\u00bbleft\u00bb css_animation=\u00bb\u00bb][vc_column_inner][vc_separator type=\u00bbnormal\u00bb color=\u00bb#dadada\u00bb up=\u00bb25&#8243; down=\u00bb25&#8243;][\/vc_column_inner][\/vc_row_inner][vc_row_inner row_type=\u00bbrow\u00bb type=\u00bbgrid\u00bb text_align=\u00bbcenter\u00bb css_animation=\u00bb\u00bb css=\u00bb.vc_custom_1588064030972{margin-bottom: 0px !important;padding-top: 20px !important;padding-bottom: 0px !important;background-color: #f2f2f2 !important;background-position: center !important;background-repeat: no-repeat !important;background-size: cover !important;}\u00bb][vc_column_inner offset=\u00bbvc_col-lg-4 vc_col-md-4&#8243;][vc_column_text]<\/p>\n<h2 style=\"text-align: left;\"><span style=\"color: #e32219;\">Esta pol\u00edtica<\/span><\/h2>\n<p>[\/vc_column_text][vc_empty_space height=\u00bb40px\u00bb][\/vc_column_inner][vc_column_inner offset=\u00bbvc_col-lg-8 vc_col-md-8&#8243;][vc_column_text el_class=\u00bbjustify\u00bb]<\/p>\n<ul>\n<li style=\"text-align: left;\">es apropiada para la organizaci\u00f3n<\/li>\n<li style=\"text-align: left;\">proporciona un marco estructural para establecer y revisar objetivos<\/li>\n<li style=\"text-align: left;\">se comunica y es recibida dentro de la organizaci\u00f3n<\/li>\n<li style=\"text-align: left;\">se revisa anualmente<\/li>\n<li style=\"text-align: left;\">se pone a disposici\u00f3n del p\u00fablico<\/li>\n<\/ul>\n<p>[\/vc_column_text][vc_empty_space height=\u00bb20px\u00bb][\/vc_column_inner][\/vc_row_inner][vc_row_inner row_type=\u00bbrow\u00bb type=\u00bbgrid\u00bb text_align=\u00bbleft\u00bb css_animation=\u00bb\u00bb][vc_column_inner][vc_empty_space height=\u00bb50px\u00bb][\/vc_column_inner][\/vc_row_inner][vc_empty_space height=\u00bb70px\u00bb el_class=\u00bbno-mobile\u00bb css=\u00bb.vc_custom_1591215014415{background-color: #f2f2f2 !important;}\u00bb][vc_empty_space height=\u00bb40px\u00bb css=\u00bb.vc_custom_1589525958389{background-color: #f2f2f2 !important;}\u00bb][\/vc_column][\/vc_row][vc_row css_animation=\u00bb\u00bb row_type=\u00bbrow\u00bb use_row_as_full_screen_section=\u00bbno\u00bb type=\u00bbfull_width\u00bb angled_section=\u00bbno\u00bb text_align=\u00bbleft\u00bb background_image_as_pattern=\u00bbwithout_pattern\u00bb][vc_column][vc_single_image image=\u00bb73&#8243; img_size=\u00bbfull\u00bb qode_css_animation=\u00bb\u00bb css=\u00bb.vc_custom_1588082369465{margin-bottom: 0px !important;padding-bottom: 0px !important;}\u00bb][\/vc_column][\/vc_row]<\/p>\n<\/div>","protected":false},"excerpt":{"rendered":"<p>[vc_row css_animation=\u00bb\u00bb row_type=\u00bbrow\u00bb use_row_as_full_screen_section=\u00bbno\u00bb type=\u00bbfull_width\u00bb angled_section=\u00bbno\u00bb text_align=\u00bbleft\u00bb background_image_as_pattern=\u00bbwithout_pattern\u00bb z_index=\u00bb0&#8243;][vc_column css=\u00bb.vc_custom_1587666993726{margin-top: 0px !important;padding-top: 0px !important;}\u00bb][\/vc_column][\/vc_row][vc_row css_animation=\u00bb\u00bb row_type=\u00bbrow\u00bb use_row_as_full_screen_section=\u00bbno\u00bb type=\u00bbfull_width\u00bb angled_section=\u00bbno\u00bb text_align=\u00bbleft\u00bb background_image_as_pattern=\u00bbwithout_pattern\u00bb z_index=\u00bb99&#8243; css=\u00bb.vc_custom_1591027158425{background-color: #f2f2f2 !important;}\u00bb][vc_column][vc_row_inner row_type=\u00bbrow\u00bb type=\u00bbfull_width\u00bb text_align=\u00bbcenter\u00bb css_animation=\u00bb\u00bb css=\u00bb.vc_custom_1591026826543{margin-top: -300px !important;margin-bottom: 0px !important;padding-bottom: 60px !important;background-image: url(https:\/\/ondulit.it\/wp-content\/uploads\/2020\/05\/Diagonal_contatti-1.png?id=1297) !important;background-position: center !important;background-repeat: no-repeat !important;background-size: cover !important;}\u00bb el_id=\u00bbmobilepadding\u00bb][vc_column_inner&#8230;<\/p>\n","protected":false},"author":2,"featured_media":15709,"parent":0,"menu_order":0,"comment_status":"closed","ping_status":"closed","template":"full_width.php","meta":{"footnotes":""},"categories":[],"tags":[],"class_list":["post-6384","page","type-page","status-publish","has-post-thumbnail","hentry"],"_links":{"self":[{"href":"https:\/\/ondulit.it\/es\/wp-json\/wp\/v2\/pages\/6384","targetHints":{"allow":["GET"]}}],"collection":[{"href":"https:\/\/ondulit.it\/es\/wp-json\/wp\/v2\/pages"}],"about":[{"href":"https:\/\/ondulit.it\/es\/wp-json\/wp\/v2\/types\/page"}],"author":[{"embeddable":true,"href":"https:\/\/ondulit.it\/es\/wp-json\/wp\/v2\/users\/2"}],"replies":[{"embeddable":true,"href":"https:\/\/ondulit.it\/es\/wp-json\/wp\/v2\/comments?post=6384"}],"version-history":[{"count":2,"href":"https:\/\/ondulit.it\/es\/wp-json\/wp\/v2\/pages\/6384\/revisions"}],"predecessor-version":[{"id":16132,"href":"https:\/\/ondulit.it\/es\/wp-json\/wp\/v2\/pages\/6384\/revisions\/16132"}],"wp:featuredmedia":[{"embeddable":true,"href":"https:\/\/ondulit.it\/es\/wp-json\/wp\/v2\/media\/15709"}],"wp:attachment":[{"href":"https:\/\/ondulit.it\/es\/wp-json\/wp\/v2\/media?parent=6384"}],"wp:term":[{"taxonomy":"category","embeddable":true,"href":"https:\/\/ondulit.it\/es\/wp-json\/wp\/v2\/categories?post=6384"},{"taxonomy":"post_tag","embeddable":true,"href":"https:\/\/ondulit.it\/es\/wp-json\/wp\/v2\/tags?post=6384"}],"curies":[{"name":"wp","href":"https:\/\/api.w.org\/{rel}","templated":true}]}}