{"id":6353,"date":"2020-11-17T23:39:23","date_gmt":"2020-11-17T22:39:23","guid":{"rendered":"https:\/\/ondulit.it\/?page_id=6353"},"modified":"2025-01-20T18:24:59","modified_gmt":"2025-01-20T16:24:59","slug":"ventilcover","status":"publish","type":"page","link":"https:\/\/ondulit.it\/es\/ventilcover\/","title":{"rendered":"Ventilcover"},"content":{"rendered":"<div class=\"wpb-content-wrapper\"><p>[vc_row css_animation=\u00bb\u00bb row_type=\u00bbrow\u00bb use_row_as_full_screen_section=\u00bbno\u00bb type=\u00bbfull_width\u00bb angled_section=\u00bbno\u00bb text_align=\u00bbleft\u00bb background_image_as_pattern=\u00bbwithout_pattern\u00bb css=\u00bb.vc_custom_1588061097153{background-color: #ffffff !important;background-position: center !important;background-repeat: no-repeat !important;background-size: cover !important;}\u00bb z_index=\u00bb30&#8243;][vc_column][vc_empty_space height=\u00bb80px\u00bb el_class=\u00bbno-desk\u00bb][vc_empty_space height=\u00bb100px\u00bb el_class=\u00bbno-mobile\u00bb][vc_row_inner row_type=\u00bbrow\u00bb type=\u00bbgrid\u00bb text_align=\u00bbcenter\u00bb css_animation=\u00bb\u00bb css=\u00bb.vc_custom_1588059442074{margin-bottom: 0px !important;padding-bottom: 0px !important;background-position: center !important;background-repeat: no-repeat !important;background-size: cover !important;}\u00bb][vc_column_inner offset=\u00bbvc_col-lg-offset-0 vc_col-lg-4 vc_col-md-offset-2 vc_col-md-6 vc_col-sm-offset-0 vc_col-xs-12&#8243;][vc_column_text el_class=\u00bbextreme\u00bb css=\u00bb.vc_custom_1605653395778{margin-top: 0px !important;margin-bottom: -12% !important;padding-top: 0px !important;}\u00bb]<\/p>\n<h1 style=\"text-align: left;\">Soluciones in situ<\/h1>\n<p>[\/vc_column_text][vc_column_text]<\/p>\n<h2 style=\"text-align: left;\"><span style=\"color: #e32219;\">Ventilcover<\/span><\/h2>\n<p>[\/vc_column_text][vc_column_text el_class=\u00bbtesto3&#8243; css=\u00bb.vc_custom_1605652913752{padding-top: 10px !important;}\u00bb]<\/p>\n<h3 style=\"text-align: left;\"><span style=\"color: #e32219;\">Sistema integrado para convertir cubiertas planas en cubiertas inclinadas<\/span><\/h3>\n<p>[\/vc_column_text][vc_empty_space][vc_column_text el_class=\u00bbjustify\u00bb css=\u00bb.vc_custom_1605652923264{padding-bottom: 100px !important;}\u00bb]Esta soluci\u00f3n resuelve los problemas inherentes a las cubiertas planas. Permite disponer del agua de lluvia fuera del techado, evitando infiltraciones. El sistema es modular, ligero y mejora la eficiencia energ\u00e9tica del edificio.[\/vc_column_text][\/vc_column_inner][vc_column_inner css=\u00bb.vc_custom_1596207933963{padding-left: 30px !important;}\u00bb offset=\u00bbvc_col-lg-offset-0 vc_col-lg-8 vc_col-md-offset-2 vc_col-md-6 vc_col-sm-offset-0 vc_col-xs-12&#8243;][vc_empty_space height=\u00bb50px\u00bb][vc_single_image image=\u00bb1777&#8243; img_size=\u00bbfull\u00bb alignment=\u00bbcenter\u00bb qode_css_animation=\u00bb\u00bb][\/vc_column_inner][\/vc_row_inner][vc_row_inner row_type=\u00bbrow\u00bb type=\u00bbfull_width\u00bb text_align=\u00bbleft\u00bb css_animation=\u00bb\u00bb css=\u00bb.vc_custom_1588061027048{padding-top: 50px !important;}\u00bb][vc_column_inner width=\u00bb1\/3&#8243;][\/vc_column_inner][vc_column_inner width=\u00bb1\/3&#8243;]<span data-type=\"normal\"  class=\"qode_icon_shortcode  q_font_awsome_icon fa-lg pull-center \" style=\" \"><a class=\"anchor\" itemprop=\"url\" href=\"#caratteristiche\" target=\"_self\"><i class=\"qode_icon_font_awesome fa fa-apple qode_icon_element\" style=\"font-size: 80px;color: #e32219;\" ><\/i><\/a><\/span>[\/vc_column_inner][vc_column_inner width=\u00bb1\/3&#8243;][\/vc_column_inner][\/vc_row_inner][\/vc_column][\/vc_row][vc_row css_animation=\u00bb\u00bb row_type=\u00bbrow\u00bb use_row_as_full_screen_section=\u00bbno\u00bb type=\u00bbfull_width\u00bb angled_section=\u00bbno\u00bb text_align=\u00bbleft\u00bb background_image_as_pattern=\u00bbwithout_pattern\u00bb css=\u00bb.vc_custom_1588064081028{background-position: center !important;background-repeat: no-repeat !important;background-size: cover !important;}\u00bb z_index=\u00bb30&#8243; anchor=\u00bbcaratteristiche\u00bb][vc_column][vc_row_inner row_type=\u00bbrow\u00bb type=\u00bbfull_width\u00bb text_align=\u00bbcenter\u00bb css_animation=\u00bb\u00bb css=\u00bb.vc_custom_1588059212993{margin-bottom: 0px !important;padding-bottom: 0px !important;background-position: center !important;background-repeat: no-repeat !important;background-size: cover !important;}\u00bb][vc_column_inner][vc_single_image image=\u00bb981&#8243; img_size=\u00bbfull\u00bb qode_css_animation=\u00bb\u00bb][\/vc_column_inner][\/vc_row_inner][vc_row_inner row_type=\u00bbrow\u00bb type=\u00bbgrid\u00bb text_align=\u00bbcenter\u00bb css_animation=\u00bb\u00bb css=\u00bb.vc_custom_1588064030972{margin-bottom: 0px !important;padding-top: 20px !important;padding-bottom: 0px !important;background-color: #f2f2f2 !important;background-position: center !important;background-repeat: no-repeat !important;background-size: cover !important;}\u00bb][vc_column_inner][vc_empty_space height=\u00bb60px\u00bb el_class=\u00bbno-mobile\u00bb][\/vc_column_inner][\/vc_row_inner][vc_row_inner row_type=\u00bbrow\u00bb type=\u00bbgrid\u00bb text_align=\u00bbcenter\u00bb css_animation=\u00bb\u00bb css=\u00bb.vc_custom_1589470492130{background-color: #f2f2f2 !important;background-position: center !important;background-repeat: no-repeat !important;background-size: cover !important;}\u00bb][vc_column_inner offset=\u00bbvc_col-lg-4 vc_col-md-4 vc_col-xs-12&#8243;][vc_column_text]<\/p>\n<h2 style=\"text-align: center;\"><span style=\"color: #e32219;\">Ventajas<\/span><\/h2>\n<p>[\/vc_column_text][vc_empty_space height=\u00bb40px\u00bb][\/vc_column_inner][vc_column_inner offset=\u00bbvc_col-lg-8 vc_col-md-8 vc_col-xs-12&#8243;][vc_column_text el_class=\u00bbdescrizione-icone\u00bb]<\/p>\n<ol>\n<li style=\"text-align: left;\"><strong>Garantiza la impermeabilidad regimentando la escorrent\u00eda de las agua de lluvia<\/strong><\/li>\n<li style=\"text-align: left;\"><strong>Incrementa la eficiencia energ\u00e9tica del edificio al transformar la cubierta plana en una cubierta aislada y ventilada<\/strong><\/li>\n<li style=\"text-align: left;\"><strong>A pie de obra la gesti\u00f3n del sistema es r\u00e1pida y limpia y no interfiere con las actividades dentro del edificio<\/strong><\/li>\n<li style=\"text-align: left;\"><strong>Es un sistema ligero<\/strong><\/li>\n<li style=\"text-align: left;\">\n<div><strong>Se vale de la durabilidad garantizada por la tecnolog\u00eda multiestrato Ondulit<\/strong><\/div>\n<\/li>\n<li style=\"text-align: left;\"><strong>Es un sistema certificado EN 1090: 1-2009 + A1: 2011<\/strong><\/li>\n<li style=\"text-align: left;\"><strong>No cambia el aspecto arquitect\u00f3nico de la fachada del edificio<\/strong><\/li>\n<li style=\"text-align: left;\"><strong>Se adapta a cualquier forma de cubierta y a cualquier estratificaci\u00f3n<\/strong><\/li>\n<\/ol>\n<p>[\/vc_column_text][\/vc_column_inner][\/vc_row_inner][vc_empty_space height=\u00bb40px\u00bb el_class=\u00bbno-mobile\u00bb css=\u00bb.vc_custom_1589525952640{background-color: #f2f2f2 !important;}\u00bb][vc_empty_space height=\u00bb40px\u00bb css=\u00bb.vc_custom_1589525958389{background-color: #f2f2f2 !important;}\u00bb][vc_row_inner row_type=\u00bbrow\u00bb type=\u00bbgrid\u00bb text_align=\u00bbcenter\u00bb css_animation=\u00bb\u00bb css=\u00bb.vc_custom_1589470507844{margin-bottom: 0px !important;padding-bottom: 0px !important;background-color: #f2f2f2 !important;background-position: center !important;background-repeat: no-repeat !important;background-size: cover !important;}\u00bb][vc_column_inner width=\u00bb1\/6&#8243;][\/vc_column_inner][vc_column_inner width=\u00bb2\/3&#8243;][vc_column_text el_class=\u00bbtesto3&#8243;]<\/p>\n<h3 style=\"text-align: center;\"><span style=\"color: #e32219;\">Cont\u00e1ctenos para recibir ficha t\u00e9cnica <\/span><\/h3>\n<h3 style=\"text-align: center;\"><span style=\"color: #e32219;\">e instrucciones de montaje<\/span><\/h3>\n<p>[\/vc_column_text][\/vc_column_inner][vc_column_inner width=\u00bb1\/6&#8243;][\/vc_column_inner][\/vc_row_inner][vc_row_inner row_type=\u00bbexpandable\u00bb text_align=\u00bbleft\u00bb button_position=\u00bbcenter\u00bb css=\u00bb.vc_custom_1588063157361{margin-top: 0px !important;margin-right: 0px !important;padding-top: 0px !important;}\u00bb background_color=\u00bb#f2f2f2&#8243; expandable_content_top_padding=\u00bb20&#8243; el_class=\u00bbslantedDivA\u00bb][vc_column_inner css=\u00bb.vc_custom_1589559216091{margin-top: 0px !important;padding-top: 0px !important;background-color: #f2f2f2 !important;}\u00bb][qode_elements_holder background_color=\u00bbf2f2f2&#8243; number_of_columns=\u00bbtwo_columns\u00bb][qode_elements_holder_item vertical_alignment=\u00bbmiddle\u00bb horizontal_alignment=\u00bbcenter\u00bb advanced_animations=\u00bbno\u00bb background_color=\u00bb#f2f2f2&#8243;][vc_raw_html]JTNDc2NyaXB0JTIwZGF0YS1iMjQtZm9ybSUzRCUyMmlubGluZSUyRjM5JTJGcWtsb3VtJTIyJTIwZGF0YS1za2lwLW1vdmluZyUzRCUyMnRydWUlMjIlM0UlQzIlQTAlMjhmdW5jdGlvbiUyOHclMkNkJTJDdSUyOSU3QiVDMiVBMHZhciUyMHMlM0RkLmNyZWF0ZUVsZW1lbnQlMjglMjdzY3JpcHQlMjclMjklM0JzLmFzeW5jJTNEdHJ1ZSUzQnMuc3JjJTNEdSUyQiUyNyUzRiUyNyUyQiUyOERhdGUubm93JTI4JTI5JTJGMTgwMDAwJTdDMCUyOSUzQiVDMiVBMHZhciUyMGglM0RkLmdldEVsZW1lbnRzQnlUYWdOYW1lJTI4JTI3c2NyaXB0JTI3JTI5JTVCMCU1RCUzQmgucGFyZW50Tm9kZS5pbnNlcnRCZWZvcmUlMjhzJTJDaCUyOSUzQiVDMiVBMCU3RCUyOSUyOHdpbmRvdyUyQ2RvY3VtZW50JTJDJTI3aHR0cHMlM0ElMkYlMkZteS5vbmR1bGl0Lml0JTJGdXBsb2FkJTJGY3JtJTJGZm9ybSUyRmxvYWRlcl8zOV9xa2xvdW0uanMlMjclMjklM0IlMjAlM0MlMkZzY3JpcHQlM0UlMEE=[\/vc_raw_html][\/qode_elements_holder_item][qode_elements_holder_item vertical_alignment=\u00bbmiddle\u00bb horizontal_alignment=\u00bbleft\u00bb advanced_animations=\u00bbno\u00bb background_color=\u00bb#f2f2f2&#8243; item_padding_1280_1440=\u00bb0px 30px 0px 30px\u00bb item_padding_1024_1280=\u00bb0px 30px 0px 30px\u00bb item_padding_768_1024=\u00bb0px 20px 0px 20px\u00bb item_padding_600_768=\u00bb0px 10px 0px 100px\u00bb item_padding_480_600=\u00bb0px 10px 300px 10px\u00bb item_padding_480=\u00bb0px 10px 0px 10px\u00bb][vc_column_text css=\u00bb.vc_custom_1606213437065{padding-bottom: 20px !important;}\u00bb]<\/p>\n<h3><span style=\"color: #e32219;\">Cont\u00e1ctenos<\/span><\/h3>\n<p>[\/vc_column_text][vc_column_text el_class=\u00bbdescrizione-icone pad-bottom\u00bb]<span style=\"color: #818181;\"><strong>Necesita de:<\/strong><\/span>[\/vc_column_text][vc_column_text el_class=\u00bbdescrizione-icone variante-par\u00bb css=\u00bb.vc_custom_1606213453624{padding-bottom: 20px !important;}\u00bb]<\/p>\n<p style=\"padding-left: 40px;\"><span style=\"color: #818181;\"><strong><span style=\"color: #ff2f20;\">\u2022<\/span> apoyo para Sus proyectos<br \/>\n<\/strong><\/span><span style=\"color: #818181;\"><strong><span style=\"color: #ff2f20;\">\u2022<\/span> m\u00e1s informaci\u00f3n t\u00e9cnica<br \/>\n<\/strong><\/span><span style=\"color: #818181;\"><strong><span style=\"color: #ff2f20;\">\u2022<\/span> precios, listas de precios y tiempos de entrega<br \/>\n<\/strong><\/span><\/p>\n<p>[\/vc_column_text][vc_column_text el_class=\u00bbdescrizione-icone pad-bottom\u00bb]<span style=\"color: #818181;\"><strong>Nos pondremos en contacto con Usted lo antes posible<\/strong><\/span>[\/vc_column_text][vc_separator type=\u00bbsmall\u00bb position=\u00bbleft\u00bb width_in_percentages=\u00bbyes\u00bb color=\u00bb#e32219&#8243; width=\u00bb10&#8243; thickness=\u00bb5&#8243;][\/qode_elements_holder_item][\/qode_elements_holder][\/vc_column_inner][\/vc_row_inner][\/vc_column][\/vc_row][vc_row css_animation=\u00bb\u00bb row_type=\u00bbrow\u00bb use_row_as_full_screen_section=\u00bbno\u00bb type=\u00bbfull_width\u00bb angled_section=\u00bbno\u00bb text_align=\u00bbleft\u00bb background_image_as_pattern=\u00bbwithout_pattern\u00bb css=\u00bb.vc_custom_1588058820641{margin-top: -30px !important;background-color: #ffffff !important;background-position: center !important;background-repeat: no-repeat !important;background-size: cover !important;}\u00bb z_index=\u00bb\u00bb][vc_column][qode_elements_holder number_of_columns=\u00bbtwo_columns\u00bb][qode_elements_holder_item vertical_alignment=\u00bbmiddle\u00bb horizontal_alignment=\u00bbleft\u00bb advanced_animations=\u00bbno\u00bb item_padding=\u00bb0px 0px 100px 0px\u00bb item_padding_1280_1440=\u00bb0px 30px 0px 30px\u00bb item_padding_1024_1280=\u00bb0px 30px 0px 30px\u00bb item_padding_768_1024=\u00bb0px 50px 0px 50px\u00bb item_padding_600_768=\u00bb0px 10px 0px 10px\u00bb item_padding_480_600=\u00bb0px 10px 0px 10px\u00bb item_padding_480=\u00bb0px 10px 0px 10px\u00bb custom_class=\u00bbtesto-no-padding\u00bb][vc_empty_space height=\u00bb70px\u00bb el_class=\u00bbno-desk\u00bb][vc_column_text el_class=\u00bbtesto3&#8243; el_id=\u00bbrientro\u00bb]<\/p>\n<h3><span style=\"color: #e32219;\">Sistema constructivo certificado, ligero y transitable. No altera la conformaci\u00f3n del edificio<\/span><\/h3>\n<p>[\/vc_column_text][vc_empty_space height=\u00bb30px\u00bb][vc_column_text el_class=\u00bbjustify testo-gallery\u00bb]<\/p>\n<p style=\"text-align: left;\">A trav\u00e9s de un dise\u00f1o a medida, Ventilcover permite crear cubiertas inclinadas, hasta complejas. Con respecto a las soluciones de carpinter\u00eda in situ con paneles sandwich o membranas de vario tipo, Ventilcover garantiza confort t\u00e9rmico y ac\u00fastico y una absoluta impermeabilizaci\u00f3n. Por lo tanto, es ideal para cualquier tipo de edificio residencial, social, industrial, tanto en el caso de obra nueva como de reforma. Puede acomodar f\u00e1cilmente un sistema fotovoltaico.<\/p>\n<p>[\/vc_column_text][\/qode_elements_holder_item][qode_elements_holder_item vertical_alignment=\u00bbmiddle\u00bb horizontal_alignment=\u00bbcenter\u00bb advanced_animations=\u00bbno\u00bb][vc_gallery interval=\u00bb3&#8243; images=\u00bb2458,2460,1763,7130&#8243; img_size=\u00bbfull\u00bb][\/qode_elements_holder_item][\/qode_elements_holder][\/vc_column][\/vc_row][vc_row css_animation=\u00bb\u00bb row_type=\u00bbrow\u00bb use_row_as_full_screen_section=\u00bbno\u00bb type=\u00bbfull_width\u00bb angled_section=\u00bbno\u00bb text_align=\u00bbleft\u00bb background_image_as_pattern=\u00bbwithout_pattern\u00bb css=\u00bb.vc_custom_1590509315790{margin-top: -250px !important;background-image: url(https:\/\/ondulit.it\/wp-content\/uploads\/2020\/05\/Coverib1000_Unal1000_Texture_diagonale.png?id=1244) !important;}\u00bb z_index=\u00bb20&#8243; el_class=\u00bbbg-diagonal\u00bb el_id=\u00bbmobileremoved\u00bb][vc_column][vc_empty_space height=\u00bb450px\u00bb][\/vc_column][\/vc_row][vc_row css_animation=\u00bb\u00bb row_type=\u00bbrow\u00bb use_row_as_full_screen_section=\u00bbno\u00bb type=\u00bbfull_width\u00bb angled_section=\u00bbno\u00bb text_align=\u00bbleft\u00bb background_image_as_pattern=\u00bbwithout_pattern\u00bb][vc_column][vc_column_text css=\u00bb.vc_custom_1605653336210{padding-bottom: 20px !important;}\u00bb]<\/p>\n<h2 style=\"text-align: center;\"><span style=\"color: #e32219;\">\u00c1rea de descargas<\/span><\/h2>\n<p>[\/vc_column_text][vc_column_text el_class=\u00bbdescrizione-icone\u00bb]<\/p>\n<h5 style=\"text-align: center;\">Accede al \u00e1rea privada y descargue todos los materiales t\u00e9cnicos sobre los productos Ondulit.<\/h5>\n<p>[\/vc_column_text][vc_empty_space height=\u00bb40px\u00bb][\/vc_column][\/vc_row][vc_row css_animation=\u00bb\u00bb row_type=\u00bbrow\u00bb use_row_as_full_screen_section=\u00bbno\u00bb type=\u00bbgrid\u00bb angled_section=\u00bbno\u00bb text_align=\u00bbleft\u00bb background_image_as_pattern=\u00bbwithout_pattern\u00bb css=\u00bb.vc_custom_1590571025926{padding-top: 40px !important;padding-bottom: 100px !important;background-color: #ffffff !important;}\u00bb z_index=\u00bb\u00bb][vc_column width=\u00bb1\/3&#8243; css=\u00bb.vc_custom_1589981930794{padding-top: 0px !important;}\u00bb el_id=\u00bbno-border\u00bb][vc_row_inner row_type=\u00bbrow\u00bb type=\u00bbfull_width\u00bb text_align=\u00bbleft\u00bb css_animation=\u00bb\u00bb][vc_column_inner width=\u00bb1\/3&#8243; css=\u00bb.vc_custom_1588025972179{margin-left: 0px !important;padding-left: 0px !important;}\u00bb][vc_single_image image=\u00bb287&#8243; img_size=\u00bbfull\u00bb qode_css_animation=\u00bb\u00bb css=\u00bb.vc_custom_1589527299434{padding-bottom: 20px !important;}\u00bb el_class=\u00bbicona-dwg\u00bb][\/vc_column_inner][vc_column_inner width=\u00bb2\/3&#8243;][vc_empty_space height=\u00bb20px\u00bb el_class=\u00bbno-mobile-tablet\u00bb][vc_column_text el_class=\u00bblink-hover dwg\u00bb]<span style=\"color: #d1d1d1;\"><strong>Descargar archivo dwg<\/strong><\/span>[\/vc_column_text][vc_empty_space height=\u00bb70px\u00bb][\/vc_column_inner][vc_column_inner][\/vc_column_inner][\/vc_row_inner][\/vc_column][vc_column css=\u00bb.vc_custom_1595429631648{padding-top: 0px !important;}\u00bb offset=\u00bbvc_col-lg-4 vc_col-md-8 vc_col-xs-12&#8243;][vc_empty_space height=\u00bb20px\u00bb]<a  itemprop=\"url\" href=\"https:\/\/my.ondulit.it\/~Cmu5V\" target=\"_self\" data-hover-background-color=\"#ff2f20\" data-hover-border-color=\"#ff2f20\" data-hover-color=\"#ffffff\" class=\"qbutton  large center default button-ondulit\" style=\"color: #ffffff; border-color: #ff2f20; background-color:#ff2f20;\">Ficha T\u00e9cnica<\/a>[\/vc_column][vc_column offset=\u00bbvc_col-lg-4 vc_col-md-8 vc_col-xs-12&#8243;][vc_empty_space height=\u00bb20px\u00bb]<a  itemprop=\"url\" href=\"https:\/\/my.ondulit.it\/~OwFEY\" target=\"_self\" data-hover-background-color=\"#ff2f20\" data-hover-border-color=\"#ff2f20\" data-hover-color=\"#ffffff\" class=\"qbutton  large center default button-ondulit\" style=\"color: #ffffff; border-color: #ff2f20; background-color:#ff2f20;\">Ficha de Montaje<\/a>[\/vc_column][\/vc_row][vc_row css_animation=\u00bb\u00bb row_type=\u00bbrow\u00bb use_row_as_full_screen_section=\u00bbno\u00bb type=\u00bbfull_width\u00bb angled_section=\u00bbno\u00bb text_align=\u00bbleft\u00bb background_image_as_pattern=\u00bbwithout_pattern\u00bb css=\u00bb.vc_custom_1590571168538{margin-top: 0px !important;margin-bottom: 0px !important;padding-top: 0px !important;padding-bottom: 0px !important;background-color: #ffffff !important;background-position: center !important;background-repeat: no-repeat !important;background-size: cover !important;}\u00bb z_index=\u00bb\u00bb el_class=\u00bbflag\u00bb side_padding=\u00bb0&#8243; padding_top=\u00bb0&#8243;][vc_column css=\u00bb.vc_custom_1588178891415{margin-top: 0px !important;margin-bottom: 0px !important;padding-top: 0px !important;padding-bottom: 0px !important;}\u00bb][vc_single_image image=\u00bb73&#8243; img_size=\u00bbfull\u00bb qode_css_animation=\u00bb\u00bb css=\u00bb.vc_custom_1588178725142{margin-top: 0px !important;margin-bottom: 0px !important;padding-top: 0px !important;padding-bottom: 0px !important;}\u00bb][\/vc_column][\/vc_row]<\/p>\n<\/div>","protected":false},"excerpt":{"rendered":"<p>[vc_row css_animation=\u00bb\u00bb row_type=\u00bbrow\u00bb use_row_as_full_screen_section=\u00bbno\u00bb type=\u00bbfull_width\u00bb angled_section=\u00bbno\u00bb text_align=\u00bbleft\u00bb background_image_as_pattern=\u00bbwithout_pattern\u00bb css=\u00bb.vc_custom_1588061097153{background-color: #ffffff !important;background-position: center !important;background-repeat: no-repeat !important;background-size: cover !important;}\u00bb z_index=\u00bb30&#8243;][vc_column][vc_empty_space height=\u00bb80px\u00bb el_class=\u00bbno-desk\u00bb][vc_empty_space height=\u00bb100px\u00bb el_class=\u00bbno-mobile\u00bb][vc_row_inner row_type=\u00bbrow\u00bb type=\u00bbgrid\u00bb text_align=\u00bbcenter\u00bb css_animation=\u00bb\u00bb css=\u00bb.vc_custom_1588059442074{margin-bottom: 0px !important;padding-bottom: 0px !important;background-position: center !important;background-repeat: no-repeat !important;background-size: cover !important;}\u00bb][vc_column_inner offset=\u00bbvc_col-lg-offset-0 vc_col-lg-4 vc_col-md-offset-2 vc_col-md-6 vc_col-sm-offset-0 vc_col-xs-12&#8243;][vc_column_text el_class=\u00bbextreme\u00bb css=\u00bb.vc_custom_1605653395778{margin-top:&#8230;<\/p>\n","protected":false},"author":2,"featured_media":0,"parent":0,"menu_order":0,"comment_status":"closed","ping_status":"closed","template":"full_width.php","meta":{"footnotes":""},"categories":[],"tags":[],"class_list":["post-6353","page","type-page","status-publish","hentry"],"_links":{"self":[{"href":"https:\/\/ondulit.it\/es\/wp-json\/wp\/v2\/pages\/6353","targetHints":{"allow":["GET"]}}],"collection":[{"href":"https:\/\/ondulit.it\/es\/wp-json\/wp\/v2\/pages"}],"about":[{"href":"https:\/\/ondulit.it\/es\/wp-json\/wp\/v2\/types\/page"}],"author":[{"embeddable":true,"href":"https:\/\/ondulit.it\/es\/wp-json\/wp\/v2\/users\/2"}],"replies":[{"embeddable":true,"href":"https:\/\/ondulit.it\/es\/wp-json\/wp\/v2\/comments?post=6353"}],"version-history":[{"count":2,"href":"https:\/\/ondulit.it\/es\/wp-json\/wp\/v2\/pages\/6353\/revisions"}],"predecessor-version":[{"id":15585,"href":"https:\/\/ondulit.it\/es\/wp-json\/wp\/v2\/pages\/6353\/revisions\/15585"}],"wp:attachment":[{"href":"https:\/\/ondulit.it\/es\/wp-json\/wp\/v2\/media?parent=6353"}],"wp:term":[{"taxonomy":"category","embeddable":true,"href":"https:\/\/ondulit.it\/es\/wp-json\/wp\/v2\/categories?post=6353"},{"taxonomy":"post_tag","embeddable":true,"href":"https:\/\/ondulit.it\/es\/wp-json\/wp\/v2\/tags?post=6353"}],"curies":[{"name":"wp","href":"https:\/\/api.w.org\/{rel}","templated":true}]}}