{"id":4358,"date":"2020-10-09T17:13:12","date_gmt":"2020-10-09T16:13:12","guid":{"rendered":"https:\/\/ondulit.it\/?page_id=4358"},"modified":"2025-01-14T16:13:14","modified_gmt":"2025-01-14T14:13:14","slug":"estratificaciones-de-cubierta","status":"publish","type":"page","link":"https:\/\/ondulit.it\/es\/estratificaciones-de-cubierta\/","title":{"rendered":"Estratificaciones de cubierta"},"content":{"rendered":"<div class=\"wpb-content-wrapper\"><p>[vc_row css_animation=\u00bb\u00bb row_type=\u00bbrow\u00bb use_row_as_full_screen_section=\u00bbno\u00bb type=\u00bbfull_width\u00bb angled_section=\u00bbno\u00bb text_align=\u00bbleft\u00bb background_image_as_pattern=\u00bbwithout_pattern\u00bb z_index=\u00bb0&#8243;][vc_column css=\u00bb.vc_custom_1587666993726{margin-top: 0px !important;padding-top: 0px !important;}\u00bb]\n\t\t\t<!-- START Stratigrafie REVOLUTION SLIDER 6.7.21 --><p class=\"rs-p-wp-fix\"><\/p>\n\t\t\t<rs-module-wrap id=\"rev_slider_7_1_wrapper\" data-source=\"gallery\" style=\"visibility:hidden;background:transparent;padding:0;margin:0px auto;margin-top:0;margin-bottom:0;\">\n\t\t\t\t<rs-module id=\"rev_slider_7_1\" style=\"\" data-version=\"6.7.21\">\n\t\t\t\t\t<rs-slides style=\"overflow: hidden; position: absolute;\">\n\t\t\t\t\t\t<rs-slide style=\"position: absolute;\" data-key=\"rs-77\" data-title=\"Slide\" data-in=\"o:0;\" data-out=\"a:false;\">\n\t\t\t\t\t\t\t<img decoding=\"async\" src=\"\/\/ondulit.it\/wp-content\/plugins\/revslider\/sr6\/assets\/assets\/dummy.png\" alt=\"\" title=\"stratigrafie\" width=\"1920\" height=\"868\" class=\"rev-slidebg tp-rs-img rs-lazyload\" data-lazyload=\"\/\/ondulit.it\/wp-content\/uploads\/2020\/06\/stratigrafie.jpg\" data-no-retina>\n<!--\n\t\t\t\t\t\t\t--><rs-layer\n\t\t\t\t\t\t\t\tid=\"slider-7-slide-77-layer-2\" \n\t\t\t\t\t\t\t\tdata-type=\"shape\"\n\t\t\t\t\t\t\t\tdata-rsp_ch=\"on\"\n\t\t\t\t\t\t\t\tdata-xy=\"x:c;y:m;\"\n\t\t\t\t\t\t\t\tdata-text=\"w:normal;s:20,20,12,7;l:0,0,15,9;\"\n\t\t\t\t\t\t\t\tdata-dim=\"w:1883px,1883px,1180px,728px;h:1130px,1130px,708px,436px;\"\n\t\t\t\t\t\t\t\tdata-frame_999=\"o:0;st:w;\"\n\t\t\t\t\t\t\t\tstyle=\"z-index:5;background-color:rgba(0,0,0,0.1);\"\n\t\t\t\t\t\t\t> \n\t\t\t\t\t\t\t<\/rs-layer><!--\n-->\t\t\t\t\t<\/rs-slide>\n\t\t\t\t\t\t<rs-slide style=\"position: absolute;\" data-key=\"rs-22\" data-title=\"Slide\" data-anim=\"ms:1000;r:0;\" data-in=\"o:0;\" data-out=\"a:false;\">\n\t\t\t\t\t\t\t<img decoding=\"async\" src=\"\/\/ondulit.it\/wp-content\/plugins\/revslider\/sr6\/assets\/assets\/dummy.png\" alt=\"\" title=\"Estratificaciones de cubierta\" class=\"rev-slidebg tp-rs-img rs-lazyload\" data-lazyload=\"\/\/ondulit.it\/wp-content\/uploads\/2020\/05\/Archyt_slider.jpg\" data-no-retina>\n<!--\n\t\t\t\t\t\t\t--><rs-layer\n\t\t\t\t\t\t\t\tid=\"slider-7-slide-22-layer-0\" \n\t\t\t\t\t\t\t\tdata-type=\"shape\"\n\t\t\t\t\t\t\t\tdata-rsp_ch=\"on\"\n\t\t\t\t\t\t\t\tdata-text=\"w:normal;s:20,20,12,7;l:0,0,15,9;\"\n\t\t\t\t\t\t\t\tdata-dim=\"w:100%;h:100%;\"\n\t\t\t\t\t\t\t\tdata-basealign=\"slide\"\n\t\t\t\t\t\t\t\tdata-frame_999=\"o:0;st:w;\"\n\t\t\t\t\t\t\t\tstyle=\"z-index:5;background-color:rgba(0,0,0,0.2);\"\n\t\t\t\t\t\t\t> \n\t\t\t\t\t\t\t<\/rs-layer><!--\n-->\t\t\t\t\t<\/rs-slide>\n\t\t\t\t\t\t<rs-slide style=\"position: absolute;\" data-key=\"rs-146\" data-title=\"Slide\" data-in=\"o:0;\" data-out=\"a:false;\">\n\t\t\t\t\t\t\t<img decoding=\"async\" src=\"\/\/ondulit.it\/wp-content\/plugins\/revslider\/sr6\/assets\/assets\/dummy.png\" alt=\"\" title=\"stratigrafie\" width=\"1920\" height=\"868\" class=\"rev-slidebg tp-rs-img rs-lazyload\" data-lazyload=\"\/\/ondulit.it\/wp-content\/uploads\/2020\/06\/stratigrafie.jpg\" data-no-retina>\n<!--\n\t\t\t\t\t\t\t--><rs-layer\n\t\t\t\t\t\t\t\tid=\"slider-7-slide-146-layer-2\" \n\t\t\t\t\t\t\t\tdata-type=\"shape\"\n\t\t\t\t\t\t\t\tdata-rsp_ch=\"on\"\n\t\t\t\t\t\t\t\tdata-xy=\"x:c;y:m;\"\n\t\t\t\t\t\t\t\tdata-text=\"w:normal;s:20,20,12,7;l:0,0,15,9;\"\n\t\t\t\t\t\t\t\tdata-dim=\"w:1883px,1883px,1180px,728px;h:1130px,1130px,708px,436px;\"\n\t\t\t\t\t\t\t\tdata-frame_999=\"o:0;st:w;\"\n\t\t\t\t\t\t\t\tstyle=\"z-index:5;background-color:rgba(0,0,0,0.1);\"\n\t\t\t\t\t\t\t> \n\t\t\t\t\t\t\t<\/rs-layer><!--\n-->\t\t\t\t\t<\/rs-slide>\n\t\t\t\t\t<\/rs-slides>\n\t\t\t\t<\/rs-module>\n\t\t\t\t<script>\n\t\t\t\t\tsetREVStartSize({c: 'rev_slider_7_1',rl:[1240,1240,778,480],el:[700,700,960,720],gw:[1240,1240,778,480],gh:[700,700,600,650],type:'standard',justify:'',layout:'fullwidth',mh:\"0\"});if (window.RS_MODULES!==undefined && window.RS_MODULES.modules!==undefined && window.RS_MODULES.modules[\"revslider71\"]!==undefined) {window.RS_MODULES.modules[\"revslider71\"].once = false;window.revapi7 = undefined;if (window.RS_MODULES.checkMinimal!==undefined) window.RS_MODULES.checkMinimal()}\n\t\t\t\t<\/script>\n\t\t\t<\/rs-module-wrap>\n\t\t\t<!-- END REVOLUTION SLIDER -->\n[\/vc_column][\/vc_row][vc_row css_animation=\u00bb\u00bb row_type=\u00bbrow\u00bb use_row_as_full_screen_section=\u00bbno\u00bb type=\u00bbfull_width\u00bb angled_section=\u00bbno\u00bb text_align=\u00bbleft\u00bb background_image_as_pattern=\u00bbwithout_pattern\u00bb z_index=\u00bb99&#8243;][vc_column][vc_row_inner row_type=\u00bbrow\u00bb type=\u00bbfull_width\u00bb text_align=\u00bbcenter\u00bb css_animation=\u00bb\u00bb css=\u00bb.vc_custom_1590158028012{margin-top: -300px !important;margin-bottom: 0px !important;padding-bottom: 60px !important;background-image: url(https:\/\/ondulit.it\/wp-content\/uploads\/2020\/05\/Diagonale-1.png?id=1536) !important;background-position: center !important;background-repeat: no-repeat !important;background-size: cover !important;}\u00bb el_id=\u00bbmobilepadding\u00bb][vc_column_inner width=\u00bb1\/4&#8243;][\/vc_column_inner][vc_column_inner width=\u00bb1\/2&#8243;][vc_empty_space height=\u00bb200px\u00bb][vc_column_text]<\/p>\n<h3 style=\"text-align: center;\"><span style=\"color: #ffffff;\">Estratificaciones<\/span><br \/>\n<span style=\"color: #ffffff;\">Descubra todas las soluciones Ondulit<\/span><\/h3>\n<p>[\/vc_column_text][vc_empty_space height=\u00bb200px\u00bb][\/vc_column_inner][vc_column_inner width=\u00bb1\/4&#8243;][\/vc_column_inner][\/vc_row_inner][\/vc_column][\/vc_row][vc_row css_animation=\u00bb\u00bb row_type=\u00bbrow\u00bb use_row_as_full_screen_section=\u00bbno\u00bb type=\u00bbgrid\u00bb angled_section=\u00bbno\u00bb text_align=\u00bbleft\u00bb background_image_as_pattern=\u00bbwithout_pattern\u00bb z_index=\u00bb\u00bb][vc_column][vc_empty_space height=\u00bb50px\u00bb el_class=\u00bbno-mobile-tablet\u00bb][vc_row_inner row_type=\u00bbrow\u00bb type=\u00bbfull_width\u00bb text_align=\u00bbleft\u00bb css_animation=\u00bb\u00bb][vc_column_inner][vc_column_text el_class=\u00bbextreme\u00bb css=\u00bb.vc_custom_1605897830153{margin-bottom: -4% !important;}\u00bb]<\/p>\n<h1 style=\"text-align: center;\">Nuestras<\/h1>\n<p>[\/vc_column_text][vc_column_text]<\/p>\n<h2 style=\"text-align: center;\"><span style=\"color: #e32219;\">Soluciones<\/span><\/h2>\n<p>[\/vc_column_text][\/vc_column_inner][\/vc_row_inner][vc_empty_space height=\u00bb60px\u00bb el_class=\u00bbno-mobile\u00bb][\/vc_column][\/vc_row][vc_row css_animation=\u00bb\u00bb row_type=\u00bbrow\u00bb use_row_as_full_screen_section=\u00bbno\u00bb type=\u00bbgrid\u00bb angled_section=\u00bbno\u00bb text_align=\u00bbleft\u00bb background_image_as_pattern=\u00bbwithout_pattern\u00bb css=\u00bb.vc_custom_1595430393108{padding-top: 40px !important;padding-bottom: 100px !important;background-position: center !important;background-repeat: no-repeat !important;background-size: cover !important;}\u00bb z_index=\u00bb\u00bb][vc_column css=\u00bb.vc_custom_1588082248059{margin-bottom: 0px !important;padding-bottom: 0px !important;}\u00bb][vc_row_inner row_type=\u00bbrow\u00bb type=\u00bbfull_width\u00bb text_align=\u00bbleft\u00bb css_animation=\u00bb\u00bb][vc_column_inner width=\u00bb1\/4&#8243; offset=\u00bbvc_col-sm-offset-0&#8243;][vc_single_image image=\u00bb1812&#8243; img_size=\u00bbfull\u00bb onclick=\u00bbcustom_link\u00bb qode_css_animation=\u00bb\u00bb qode_hover_animation=\u00bbzoom_in\u00bb el_class=\u00bbbottom-red\u00bb css=\u00bb.vc_custom_1606228808370{background-color: #f7f7f7 !important;}\u00bb link=\u00bbhttps:\/\/ondulit.it\/es\/estratificacion-sobre-estructura-metalica\/\u00bb][vc_empty_space height=\u00bb20px\u00bb][vc_column_text el_class=\u00bbh4mod\u00bb]<\/p>\n<h4><span style=\"color: #e31818;\"><strong>Soluci\u00f3n 1<\/strong><\/span><\/h4>\n<p>[\/vc_column_text][vc_empty_space height=\u00bb20px\u00bb el_class=\u00bbno-mobile-tablet\u00bb][vc_column_text el_class=\u00bbdescrizione-lastra\u00bb]Estratificaci\u00f3n sobre estructura met\u00e1lica con placa externa con protecci\u00f3n multiestrato Ondulit\/Coverib.[\/vc_column_text][vc_empty_space height=\u00bb30&#8243; el_class=\u00bbno-mobile-tablet\u00bb][vc_empty_space height=\u00bb10&#8243;]<a  itemprop=\"url\" href=\"https:\/\/ondulit.it\/es\/estratificacion-sobre-estructura-metalica\/\" target=\"_self\"  class=\"qbutton  medium default button-ondulit\" style=\"color: #ffffff; \">Descubra<\/a>[vc_empty_space height=\u00bb100&#8243;][\/vc_column_inner][vc_column_inner width=\u00bb1\/4&#8243;][vc_single_image image=\u00bb1807&#8243; img_size=\u00bbfull\u00bb onclick=\u00bbcustom_link\u00bb qode_css_animation=\u00bb\u00bb qode_hover_animation=\u00bbzoom_in\u00bb el_class=\u00bbbottom-red\u00bb css=\u00bb.vc_custom_1606228872654{background-color: #f7f7f7 !important;}\u00bb link=\u00bbhttps:\/\/ondulit.it\/es\/estratificacion-sobre-estructura-metalica-con-proteccion-multiestrato\/\u00bb][vc_empty_space height=\u00bb20px\u00bb][vc_column_text el_class=\u00bbh4mod\u00bb]<\/p>\n<h4><span style=\"color: #e31818;\"><strong>Soluci\u00f3n 2<\/strong><\/span><\/h4>\n<p>[\/vc_column_text][vc_empty_space height=\u00bb20px\u00bb el_class=\u00bbno-mobile-tablet\u00bb][vc_column_text el_class=\u00bbdescrizione-lastra\u00bb]Estratificaci\u00f3n sobre estructura met\u00e1lica con placa externa con protecci\u00f3n multiestrato Ondulit\/Coverib.[\/vc_column_text][vc_empty_space height=\u00bb20&#8243; el_class=\u00bbno-mobile-tablet\u00bb][vc_empty_space height=\u00bb10&#8243;][vc_empty_space height=\u00bb10&#8243; el_class=\u00bbnodesk\u00bb]<a  itemprop=\"url\" href=\"https:\/\/ondulit.it\/es\/estratificacion-sobre-estructura-metalica-con-proteccion-multiestrato\/\" target=\"_self\"  class=\"qbutton  medium default button-ondulit\" style=\"color: #ffffff; \">Descubra<\/a>[vc_empty_space height=\u00bb100&#8243;][\/vc_column_inner][vc_column_inner width=\u00bb1\/4&#8243;][vc_single_image image=\u00bb1808&#8243; img_size=\u00bbfull\u00bb onclick=\u00bbcustom_link\u00bb qode_css_animation=\u00bb\u00bb qode_hover_animation=\u00bbzoom_in\u00bb el_class=\u00bbbottom-red\u00bb css=\u00bb.vc_custom_1606228891848{background-color: #f7f7f7 !important;}\u00bb link=\u00bbhttps:\/\/ondulit.it\/es\/estratificacion-sobre-losa-de-madera\/\u00bb][vc_empty_space height=\u00bb20px\u00bb][vc_column_text el_class=\u00bbh4mod\u00bb]<\/p>\n<h4><span style=\"color: #e31818;\"><strong>Soluci\u00f3n 3<\/strong><\/span><\/h4>\n<p>[\/vc_column_text][vc_empty_space height=\u00bb20px\u00bb el_class=\u00bbno-mobile-tablet\u00bb][vc_column_text el_class=\u00bbdescrizione-lastra\u00bb]Estratificaci\u00f3n sobre losa de madera con placa externa con protecci\u00f3n multiestrato Ondulit\/Coverib.[\/vc_column_text][vc_empty_space height=\u00bb30&#8243; el_class=\u00bbno-mobile-tablet\u00bb][vc_empty_space height=\u00bb10&#8243;]<a  itemprop=\"url\" href=\"https:\/\/ondulit.it\/es\/estratificacion-sobre-losa-de-madera\/\" target=\"_self\"  class=\"qbutton  medium default button-ondulit\" style=\"color: #ffffff; \">Descubra<\/a>[vc_empty_space height=\u00bb100&#8243;][\/vc_column_inner][vc_column_inner width=\u00bb1\/4&#8243;][vc_single_image image=\u00bb1809&#8243; img_size=\u00bbfull\u00bb onclick=\u00bbcustom_link\u00bb qode_css_animation=\u00bb\u00bb qode_hover_animation=\u00bbzoom_in\u00bb el_class=\u00bbbottom-red\u00bb css=\u00bb.vc_custom_1606228912526{background-color: #f7f7f7 !important;}\u00bb link=\u00bbhttps:\/\/ondulit.it\/es\/estratificacion-sobre-losa-de-hormigon\/\u00bb][vc_empty_space height=\u00bb20px\u00bb][vc_column_text el_class=\u00bbh4mod\u00bb]<\/p>\n<h4><span style=\"color: #e31818;\"><strong>Soluci\u00f3n 4<\/strong><\/span><\/h4>\n<p>[\/vc_column_text][vc_empty_space height=\u00bb20px\u00bb el_class=\u00bbno-mobile-tablet\u00bb][vc_column_text el_class=\u00bbdescrizione-lastra\u00bb]Estratificaci\u00f3n sobre losa de hormig\u00f3n con placa externa con protecci\u00f3n multiestrato Ondulit\/Coverib.[\/vc_column_text][vc_empty_space height=\u00bb30&#8243; el_class=\u00bbno-mobile-tablet\u00bb][vc_empty_space height=\u00bb10&#8243;]<a  itemprop=\"url\" href=\"https:\/\/ondulit.it\/es\/estratificacion-sobre-losa-de-hormigon\/\" target=\"_self\"  class=\"qbutton  medium default button-ondulit\" style=\"color: #ffffff; \">Descubra<\/a>[vc_empty_space height=\u00bb100&#8243;][\/vc_column_inner][\/vc_row_inner][vc_empty_space height=\u00bb50px\u00bb el_class=\u00bbno-mobile\u00bb][vc_row_inner row_type=\u00bbrow\u00bb type=\u00bbfull_width\u00bb text_align=\u00bbleft\u00bb css_animation=\u00bb\u00bb][vc_column_inner width=\u00bb1\/4&#8243;][vc_single_image image=\u00bb1814&#8243; img_size=\u00bbfull\u00bb onclick=\u00bbcustom_link\u00bb qode_css_animation=\u00bb\u00bb qode_hover_animation=\u00bbzoom_in\u00bb el_class=\u00bbbottom-red\u00bb css=\u00bb.vc_custom_1606228978993{background-color: #f7f7f7 !important;}\u00bb link=\u00bbhttps:\/\/ondulit.it\/es\/estratificacion-con-doble-ventilacion\/\u00bb][vc_empty_space height=\u00bb20px\u00bb][vc_column_text el_class=\u00bbh4mod\u00bb]<\/p>\n<h4><span style=\"color: #e31818;\"><strong>Soluci\u00f3n 5<\/strong><\/span><\/h4>\n<p>[\/vc_column_text][vc_empty_space height=\u00bb20px\u00bb el_class=\u00bbno-mobile-tablet\u00bb][vc_column_text el_class=\u00bbdescrizione-lastra\u00bb]Estratificaci\u00f3n sobre losa de madera con doble ventilaci\u00f3n y placa externa con protecci\u00f3n multiestrato Ondulit\/Coverib<br \/>\n[\/vc_column_text][vc_empty_space height=\u00bb30&#8243; el_class=\u00bbno-mobile-tablet\u00bb][vc_empty_space height=\u00bb10&#8243;]<a  itemprop=\"url\" href=\"https:\/\/ondulit.it\/es\/estratificacion-con-doble-ventilacion\/\" target=\"_self\"  class=\"qbutton  medium default button-ondulit\" style=\"color: #ffffff; \">Descubra<\/a>[vc_empty_space height=\u00bb100&#8243;][\/vc_column_inner][vc_column_inner width=\u00bb1\/4&#8243;][vc_single_image image=\u00bb1811&#8243; img_size=\u00bbfull\u00bb onclick=\u00bbcustom_link\u00bb qode_css_animation=\u00bb\u00bb qode_hover_animation=\u00bbzoom_in\u00bb el_class=\u00bbbottom-red\u00bb css=\u00bb.vc_custom_1606228999645{background-color: #f7f7f7 !important;}\u00bb link=\u00bbhttps:\/\/ondulit.it\/es\/estratificacion-con-proteccion-multiestrato\/\u00bb][vc_empty_space height=\u00bb20px\u00bb][vc_column_text el_class=\u00bbh4mod\u00bb]<\/p>\n<h4><span style=\"color: #e31818;\"><strong>Soluci\u00f3n 6<\/strong><\/span><\/h4>\n<p>[\/vc_column_text][vc_empty_space height=\u00bb20px\u00bb el_class=\u00bbno-mobile-tablet\u00bb][vc_column_text el_class=\u00bbdescrizione-lastra\u00bb]Estratificaci\u00f3n sobre losa de madera con placa externa con protecci\u00f3n multiestrato CoverTile.[\/vc_column_text][vc_empty_space height=\u00bb30&#8243; el_class=\u00bbno-mobile-tablet\u00bb][vc_empty_space height=\u00bb10&#8243;]<a  itemprop=\"url\" href=\"https:\/\/ondulit.it\/es\/estratificacion-con-proteccion-multiestrato\/\" target=\"_self\"  class=\"qbutton  medium default button-ondulit\" style=\"color: #ffffff; \">Descubra<\/a>[vc_empty_space height=\u00bb100&#8243;][\/vc_column_inner][vc_column_inner width=\u00bb1\/4&#8243;][vc_single_image image=\u00bb1813&#8243; img_size=\u00bbfull\u00bb onclick=\u00bbcustom_link\u00bb qode_css_animation=\u00bb\u00bb qode_hover_animation=\u00bbzoom_in\u00bb el_class=\u00bbbottom-red\u00bb css=\u00bb.vc_custom_1606229020896{background-color: #f7f7f7 !important;}\u00bb link=\u00bbhttps:\/\/ondulit.it\/es\/estratificacion-sobre-estructura-metalica-y-panel\/\u00bb][vc_empty_space height=\u00bb20px\u00bb][vc_column_text el_class=\u00bbh4mod\u00bb]<\/p>\n<h4><span style=\"color: #e31818;\"><strong>Soluci\u00f3n 7<\/strong><\/span><\/h4>\n<p>[\/vc_column_text][vc_empty_space height=\u00bb20px\u00bb el_class=\u00bbno-mobile-tablet\u00bb][vc_column_text el_class=\u00bbdescrizione-lastra\u00bb]<\/p>\n<div>Estratificaci\u00f3n sobre estructura met\u00e1lica con panel sandwich con protecci\u00f3n multiestrato CoverPi\u00f9.<\/div>\n<p>[\/vc_column_text][vc_empty_space height=\u00bb30&#8243; el_class=\u00bbno-mobile-tablet\u00bb][vc_empty_space height=\u00bb10&#8243;]<a  itemprop=\"url\" href=\"https:\/\/ondulit.it\/es\/estratificacion-sobre-estructura-metalica-y-panel\/\" target=\"_self\"  class=\"qbutton  medium default button-ondulit\" style=\"color: #ffffff; \">Descubra<\/a>[vc_empty_space height=\u00bb100&#8243;][\/vc_column_inner][vc_column_inner width=\u00bb1\/4&#8243;][vc_single_image image=\u00bb1810&#8243; img_size=\u00bbfull\u00bb onclick=\u00bbcustom_link\u00bb qode_css_animation=\u00bb\u00bb qode_hover_animation=\u00bbzoom_in\u00bb el_class=\u00bbbottom-red\u00bb css=\u00bb.vc_custom_1606229049103{background-color: #f7f7f7 !important;}\u00bb link=\u00bbhttps:\/\/ondulit.it\/es\/estratificacion-con-panel\/\u00bb][vc_empty_space height=\u00bb20px\u00bb][vc_column_text el_class=\u00bbh4mod\u00bb]<\/p>\n<h4><span style=\"color: #e31818;\"><strong>Soluci\u00f3n 8<\/strong><\/span><\/h4>\n<p>[\/vc_column_text][vc_empty_space height=\u00bb20px\u00bb el_class=\u00bbno-mobile-tablet\u00bb][vc_column_text el_class=\u00bbdescrizione-lastra\u00bb]Soluci\u00f3n con panel sandwich con protecci\u00f3n multiestrato CoverPi\u00f9 sobre estructura met\u00e1lica.[\/vc_column_text][vc_empty_space height=\u00bb30&#8243; el_class=\u00bbno-mobile-tablet\u00bb][vc_empty_space height=\u00bb10&#8243;]<a  itemprop=\"url\" href=\"https:\/\/ondulit.it\/es\/estratificacion-con-panel\/\" target=\"_self\"  class=\"qbutton  medium default button-ondulit\" style=\"color: #ffffff; \">Descubra<\/a>[vc_empty_space height=\u00bb100&#8243;][\/vc_column_inner][\/vc_row_inner][vc_empty_space height=\u00bb50px\u00bb el_class=\u00bbno-mobile\u00bb][vc_row_inner row_type=\u00bbrow\u00bb type=\u00bbfull_width\u00bb text_align=\u00bbleft\u00bb css_animation=\u00bb\u00bb][vc_column_inner width=\u00bb1\/4&#8243;][vc_single_image image=\u00bb1806&#8243; img_size=\u00bbfull\u00bb onclick=\u00bbcustom_link\u00bb qode_css_animation=\u00bb\u00bb qode_hover_animation=\u00bbzoom_in\u00bb el_class=\u00bbbottom-red\u00bb css=\u00bb.vc_custom_1606229070515{background-color: #f7f7f7 !important;}\u00bb link=\u00bbhttps:\/\/ondulit.it\/es\/estratificacion-sobre-losa-de-madera-y-proteccion-multiestrato\/\u00bb][vc_empty_space height=\u00bb20px\u00bb][vc_column_text el_class=\u00bbh4mod\u00bb]<\/p>\n<h4><span style=\"color: #e31818;\"><strong>Soluci\u00f3n 9<\/strong><\/span><\/h4>\n<p>[\/vc_column_text][vc_empty_space height=\u00bb20px\u00bb el_class=\u00bbno-mobile-tablet\u00bb][vc_column_text el_class=\u00bbdescrizione-lastra\u00bb]Estraticaci\u00f3n sobre losa de madera con panel sandwich CoverPi\u00f9 Mono con protecci\u00f3n multiestrato.[\/vc_column_text][vc_empty_space height=\u00bb30&#8243; el_class=\u00bbno-mobile-tablet\u00bb][vc_empty_space height=\u00bb10&#8243;]<a  itemprop=\"url\" href=\"https:\/\/ondulit.it\/es\/estratificacion-sobre-losa-de-madera-y-proteccion-multiestrato\/\" target=\"_self\"  class=\"qbutton  medium default button-ondulit\" style=\"color: #ffffff; \">Descubra<\/a>[vc_empty_space height=\u00bb100&#8243;][\/vc_column_inner][vc_column_inner width=\u00bb1\/4&#8243;][vc_single_image image=\u00bb1805&#8243; img_size=\u00bbfull\u00bb onclick=\u00bbcustom_link\u00bb qode_css_animation=\u00bb\u00bb qode_hover_animation=\u00bbzoom_in\u00bb el_class=\u00bbbottom-red\u00bb css=\u00bb.vc_custom_1606228831749{background-color: #f7f7f7 !important;}\u00bb link=\u00bbhttps:\/\/ondulit.it\/es\/estratificacion-sobre-losa-de-hormigon-y-panel-multiestrato\/\u00bb][vc_empty_space height=\u00bb20px\u00bb][vc_column_text el_class=\u00bbh4mod\u00bb]<\/p>\n<h4><span style=\"color: #e31818;\"><strong>Soluci\u00f3n 10<\/strong><\/span><\/h4>\n<p>[\/vc_column_text][vc_empty_space height=\u00bb20px\u00bb el_class=\u00bbno-mobile-tablet\u00bb][vc_column_text el_class=\u00bbdescrizione-lastra\u00bb]Panel sandwich con protecci\u00f3n multiestrato CoverPi\u00f9 Mono sobre losa de hormig\u00f3n.[\/vc_column_text][vc_empty_space height=\u00bb30&#8243; el_class=\u00bbno-mobile-tablet\u00bb][vc_empty_space height=\u00bb10&#8243;]<a  itemprop=\"url\" href=\"https:\/\/ondulit.it\/es\/estratificacion-sobre-losa-de-hormigon-y-panel-multiestrato\/\" target=\"_self\"  class=\"qbutton  medium default button-ondulit\" style=\"color: #ffffff; \">Descubra<\/a>[vc_empty_space height=\u00bb100&#8243;][\/vc_column_inner][vc_column_inner width=\u00bb1\/4&#8243;][\/vc_column_inner][vc_column_inner width=\u00bb1\/4&#8243;][\/vc_column_inner][\/vc_row_inner][\/vc_column][\/vc_row][vc_row css_animation=\u00bb\u00bb row_type=\u00bbrow\u00bb use_row_as_full_screen_section=\u00bbno\u00bb type=\u00bbfull_width\u00bb angled_section=\u00bbno\u00bb text_align=\u00bbleft\u00bb background_image_as_pattern=\u00bbwithout_pattern\u00bb css=\u00bb.vc_custom_1588839040885{margin-top: 0px !important;margin-bottom: 0px !important;padding-top: 0px !important;padding-bottom: 0px !important;background-color: #ffffff !important;background-position: center !important;background-repeat: no-repeat !important;background-size: cover !important;}\u00bb z_index=\u00bb\u00bb el_class=\u00bbflag\u00bb side_padding=\u00bb0&#8243; padding_top=\u00bb0&#8243;][vc_column css=\u00bb.vc_custom_1588178891415{margin-top: 0px !important;margin-bottom: 0px !important;padding-top: 0px !important;padding-bottom: 0px !important;}\u00bb][vc_single_image image=\u00bb73&#8243; img_size=\u00bbfull\u00bb qode_css_animation=\u00bb\u00bb css=\u00bb.vc_custom_1588178725142{margin-top: 0px !important;margin-bottom: 0px !important;padding-top: 0px !important;padding-bottom: 0px !important;}\u00bb][\/vc_column][\/vc_row]<\/p>\n<\/div>","protected":false},"excerpt":{"rendered":"<p>[vc_row css_animation=\u00bb\u00bb row_type=\u00bbrow\u00bb use_row_as_full_screen_section=\u00bbno\u00bb type=\u00bbfull_width\u00bb angled_section=\u00bbno\u00bb text_align=\u00bbleft\u00bb background_image_as_pattern=\u00bbwithout_pattern\u00bb z_index=\u00bb0&#8243;][vc_column css=\u00bb.vc_custom_1587666993726{margin-top: 0px !important;padding-top: 0px !important;}\u00bb][\/vc_column][\/vc_row][vc_row css_animation=\u00bb\u00bb row_type=\u00bbrow\u00bb use_row_as_full_screen_section=\u00bbno\u00bb type=\u00bbfull_width\u00bb angled_section=\u00bbno\u00bb text_align=\u00bbleft\u00bb background_image_as_pattern=\u00bbwithout_pattern\u00bb z_index=\u00bb99&#8243;][vc_column][vc_row_inner row_type=\u00bbrow\u00bb type=\u00bbfull_width\u00bb text_align=\u00bbcenter\u00bb css_animation=\u00bb\u00bb css=\u00bb.vc_custom_1590158028012{margin-top: -300px !important;margin-bottom: 0px !important;padding-bottom: 60px !important;background-image: url(https:\/\/ondulit.it\/wp-content\/uploads\/2020\/05\/Diagonale-1.png?id=1536) !important;background-position: center !important;background-repeat: no-repeat !important;background-size: cover !important;}\u00bb el_id=\u00bbmobilepadding\u00bb][vc_column_inner width=\u00bb1\/4&#8243;][\/vc_column_inner][vc_column_inner width=\u00bb1\/2&#8243;][vc_empty_space height=\u00bb200px\u00bb][vc_column_text]&#8230;<\/p>\n","protected":false},"author":2,"featured_media":0,"parent":0,"menu_order":0,"comment_status":"closed","ping_status":"closed","template":"full_width.php","meta":{"footnotes":""},"categories":[],"tags":[],"class_list":["post-4358","page","type-page","status-publish","hentry"],"_links":{"self":[{"href":"https:\/\/ondulit.it\/es\/wp-json\/wp\/v2\/pages\/4358","targetHints":{"allow":["GET"]}}],"collection":[{"href":"https:\/\/ondulit.it\/es\/wp-json\/wp\/v2\/pages"}],"about":[{"href":"https:\/\/ondulit.it\/es\/wp-json\/wp\/v2\/types\/page"}],"author":[{"embeddable":true,"href":"https:\/\/ondulit.it\/es\/wp-json\/wp\/v2\/users\/2"}],"replies":[{"embeddable":true,"href":"https:\/\/ondulit.it\/es\/wp-json\/wp\/v2\/comments?post=4358"}],"version-history":[{"count":2,"href":"https:\/\/ondulit.it\/es\/wp-json\/wp\/v2\/pages\/4358\/revisions"}],"predecessor-version":[{"id":16098,"href":"https:\/\/ondulit.it\/es\/wp-json\/wp\/v2\/pages\/4358\/revisions\/16098"}],"wp:attachment":[{"href":"https:\/\/ondulit.it\/es\/wp-json\/wp\/v2\/media?parent=4358"}],"wp:term":[{"taxonomy":"category","embeddable":true,"href":"https:\/\/ondulit.it\/es\/wp-json\/wp\/v2\/categories?post=4358"},{"taxonomy":"post_tag","embeddable":true,"href":"https:\/\/ondulit.it\/es\/wp-json\/wp\/v2\/tags?post=4358"}],"curies":[{"name":"wp","href":"https:\/\/api.w.org\/{rel}","templated":true}]}}