{"id":4195,"date":"2020-10-09T16:27:36","date_gmt":"2020-10-09T15:27:36","guid":{"rendered":"https:\/\/ondulit.it\/?page_id=4195"},"modified":"2024-08-09T15:27:27","modified_gmt":"2024-08-09T13:27:27","slug":"cover-tray","status":"publish","type":"page","link":"https:\/\/ondulit.it\/es\/cover-tray\/","title":{"rendered":"Cover Tray"},"content":{"rendered":"<div class=\"wpb-content-wrapper\"><p>[vc_row css_animation=\u00bb\u00bb row_type=\u00bbrow\u00bb use_row_as_full_screen_section=\u00bbno\u00bb type=\u00bbfull_width\u00bb angled_section=\u00bbno\u00bb text_align=\u00bbleft\u00bb background_image_as_pattern=\u00bbwithout_pattern\u00bb css=\u00bb.vc_custom_1588061097153{background-color: #ffffff !important;background-position: center !important;background-repeat: no-repeat !important;background-size: cover !important;}\u00bb z_index=\u00bb30&#8243;][vc_column][vc_empty_space height=\u00bb80px\u00bb el_class=\u00bbno-desk\u00bb][vc_empty_space height=\u00bb100px\u00bb el_class=\u00bbno-mobile\u00bb][vc_row_inner row_type=\u00bbrow\u00bb type=\u00bbgrid\u00bb text_align=\u00bbcenter\u00bb css_animation=\u00bb\u00bb css=\u00bb.vc_custom_1588059442074{margin-bottom: 0px !important;padding-bottom: 0px !important;background-position: center !important;background-repeat: no-repeat !important;background-size: cover !important;}\u00bb][vc_column_inner offset=\u00bbvc_col-lg-offset-0 vc_col-lg-4 vc_col-md-offset-2 vc_col-md-8 vc_col-sm-offset-0 vc_col-xs-12&#8243;][vc_column_text el_class=\u00bbextreme\u00bb css=\u00bb.vc_custom_1605199329363{margin-top: 0px !important;margin-bottom: -12% !important;padding-top: 0px !important;}\u00bb]<\/p>\n<h1 style=\"text-align: left;\">Elementos estructurales<\/h1>\n<p>[\/vc_column_text][vc_column_text]<\/p>\n<h2 style=\"text-align: left;\"><span style=\"color: #e32219;\">Cover Tray<\/span><\/h2>\n<p>[\/vc_column_text][vc_empty_space][vc_column_text el_class=\u00bbjustify\u00bb]El Cover Tray es un soporte estructural ligero, vers\u00e1til, sostenible y certificado, que se puede utilizar tanto en cubierta como en fachada.[\/vc_column_text][\/vc_column_inner][vc_column_inner css=\u00bb.vc_custom_1596207743211{padding-left: 30px !important;}\u00bb offset=\u00bbvc_col-lg-offset-0 vc_col-lg-8 vc_col-md-offset-2 vc_col-md-8 vc_col-sm-offset-0 vc_col-xs-12&#8243;][vc_empty_space height=\u00bb50px\u00bb][vc_gallery interval=\u00bb3&#8243; images=\u00bb9404,15719&#8243; img_size=\u00bbfull\u00bb onclick=\u00bb\u00bb enable_drag=\u00bbyes\u00bb direction_nav=\u00bbno\u00bb control_nav=\u00bbyes\u00bb pause_on_hover=\u00bbyes\u00bb][\/vc_column_inner][\/vc_row_inner][vc_row_inner row_type=\u00bbrow\u00bb type=\u00bbfull_width\u00bb text_align=\u00bbleft\u00bb css_animation=\u00bb\u00bb css=\u00bb.vc_custom_1588061027048{padding-top: 50px !important;}\u00bb][vc_column_inner width=\u00bb1\/3&#8243;][\/vc_column_inner][vc_column_inner width=\u00bb1\/3&#8243;]<span data-type=\"normal\"  class=\"qode_icon_shortcode  q_font_awsome_icon fa-lg pull-center \" style=\" \"><a class=\"anchor\" itemprop=\"url\" href=\"#caratteristiche\" target=\"_self\"><i class=\"qode_icon_font_awesome fa fa-apple qode_icon_element\" style=\"font-size: 80px;color: #e32219;\" ><\/i><\/a><\/span>[\/vc_column_inner][vc_column_inner width=\u00bb1\/3&#8243;][\/vc_column_inner][\/vc_row_inner][\/vc_column][\/vc_row][vc_row css_animation=\u00bb\u00bb row_type=\u00bbrow\u00bb use_row_as_full_screen_section=\u00bbno\u00bb type=\u00bbfull_width\u00bb angled_section=\u00bbno\u00bb text_align=\u00bbleft\u00bb background_image_as_pattern=\u00bbwithout_pattern\u00bb css=\u00bb.vc_custom_1588064081028{background-position: center !important;background-repeat: no-repeat !important;background-size: cover !important;}\u00bb z_index=\u00bb30&#8243; anchor=\u00bbcaratteristiche\u00bb][vc_column][vc_row_inner row_type=\u00bbrow\u00bb type=\u00bbfull_width\u00bb text_align=\u00bbcenter\u00bb css_animation=\u00bb\u00bb css=\u00bb.vc_custom_1588059212993{margin-bottom: 0px !important;padding-bottom: 0px !important;background-position: center !important;background-repeat: no-repeat !important;background-size: cover !important;}\u00bb][vc_column_inner][vc_single_image image=\u00bb981&#8243; img_size=\u00bbfull\u00bb qode_css_animation=\u00bb\u00bb][\/vc_column_inner][\/vc_row_inner][vc_row_inner row_type=\u00bbrow\u00bb type=\u00bbgrid\u00bb text_align=\u00bbcenter\u00bb css_animation=\u00bb\u00bb css=\u00bb.vc_custom_1588064030972{margin-bottom: 0px !important;padding-top: 20px !important;padding-bottom: 0px !important;background-color: #f2f2f2 !important;background-position: center !important;background-repeat: no-repeat !important;background-size: cover !important;}\u00bb][vc_column_inner][vc_column_text]<\/p>\n<h2 style=\"text-align: center;\"><span style=\"color: #e32219;\">Caracter\u00edsticas distintivas<\/span><\/h2>\n<p>[\/vc_column_text][vc_empty_space height=\u00bb60px\u00bb el_class=\u00bbno-mobile\u00bb][\/vc_column_inner][\/vc_row_inner][vc_row_inner row_type=\u00bbrow\u00bb type=\u00bbgrid\u00bb text_align=\u00bbcenter\u00bb css_animation=\u00bb\u00bb css=\u00bb.vc_custom_1589470492130{background-color: #f2f2f2 !important;background-position: center !important;background-repeat: no-repeat !important;background-size: cover !important;}\u00bb][vc_column_inner width=\u00bb1\/5&#8243;][vc_single_image image=\u00bb1738&#8243; img_size=\u00bbfull\u00bb alignment=\u00bbcenter\u00bb qode_css_animation=\u00bb\u00bb el_class=\u00bbicona-ondulit\u00bb][vc_column_text el_class=\u00bbdescrizione-icone\u00bb]<\/p>\n<p style=\"text-align: center;\"><b>Innovaci\u00f3n<\/b><\/p>\n<p>[\/vc_column_text][vc_empty_space height=\u00bb20px\u00bb][\/vc_column_inner][vc_column_inner width=\u00bb1\/5&#8243;][vc_single_image image=\u00bb1410&#8243; img_size=\u00bbfull\u00bb alignment=\u00bbcenter\u00bb qode_css_animation=\u00bb\u00bb el_class=\u00bbicona-ondulit\u00bb][vc_column_text el_class=\u00bbdescrizione-icone\u00bb]<\/p>\n<p style=\"text-align: center;\"><b>Integraci\u00f3n<br \/>\n<\/b><\/p>\n<p style=\"text-align: center;\"><b>arquitect\u00f3nica<\/b><\/p>\n<p>[\/vc_column_text][vc_empty_space height=\u00bb20px\u00bb][\/vc_column_inner][vc_column_inner width=\u00bb1\/5&#8243;][vc_single_image image=\u00bb1219&#8243; img_size=\u00bbfull\u00bb alignment=\u00bbcenter\u00bb qode_css_animation=\u00bb\u00bb el_class=\u00bbicona-ondulit\u00bb][vc_column_text el_class=\u00bbdescrizione-icone\u00bb]<\/p>\n<p style=\"text-align: center;\"><b>Ligereza<\/b><\/p>\n<p>[\/vc_column_text][vc_empty_space height=\u00bb20px\u00bb][\/vc_column_inner][vc_column_inner width=\u00bb1\/5&#8243;][vc_single_image image=\u00bb1737&#8243; img_size=\u00bbfull\u00bb alignment=\u00bbcenter\u00bb qode_css_animation=\u00bb\u00bb el_class=\u00bbicona-ondulit\u00bb][vc_column_text el_class=\u00bbdescrizione-icone\u00bb]<\/p>\n<p style=\"text-align: center;\"><b>Rendimiento<br \/>\n<\/b><\/p>\n<p style=\"text-align: center;\"><b>est\u00e9tico<\/b><\/p>\n<p>[\/vc_column_text][vc_empty_space height=\u00bb20px\u00bb][\/vc_column_inner][vc_column_inner width=\u00bb1\/5&#8243;][vc_single_image image=\u00bb1206&#8243; img_size=\u00bbfull\u00bb alignment=\u00bbcenter\u00bb qode_css_animation=\u00bb\u00bb el_class=\u00bbicona-ondulit\u00bb][vc_column_text el_class=\u00bbdescrizione-icone\u00bb]<\/p>\n<p style=\"text-align: center;\"><b>Versatilidad<\/b><\/p>\n<p>[\/vc_column_text][vc_empty_space height=\u00bb20px\u00bb][\/vc_column_inner][\/vc_row_inner][vc_empty_space height=\u00bb40px\u00bb el_class=\u00bbno-mobile\u00bb css=\u00bb.vc_custom_1589525952640{background-color: #f2f2f2 !important;}\u00bb][vc_empty_space height=\u00bb40px\u00bb css=\u00bb.vc_custom_1589525958389{background-color: #f2f2f2 !important;}\u00bb][vc_row_inner row_type=\u00bbrow\u00bb type=\u00bbgrid\u00bb text_align=\u00bbcenter\u00bb css_animation=\u00bb\u00bb css=\u00bb.vc_custom_1589470507844{margin-bottom: 0px !important;padding-bottom: 0px !important;background-color: #f2f2f2 !important;background-position: center !important;background-repeat: no-repeat !important;background-size: cover !important;}\u00bb][vc_column_inner width=\u00bb1\/6&#8243;][\/vc_column_inner][vc_column_inner width=\u00bb2\/3&#8243;][vc_column_text el_class=\u00bbtesto3&#8243;]<\/p>\n<h3 style=\"text-align: center;\"><span style=\"color: #e32219;\">Cont\u00e1ctenos para recibir ficha t\u00e9cnica <\/span><\/h3>\n<h3 style=\"text-align: center;\"><span style=\"color: #e32219;\">e instrucciones de montaje<\/span><\/h3>\n<p>[\/vc_column_text][\/vc_column_inner][vc_column_inner width=\u00bb1\/6&#8243;][\/vc_column_inner][\/vc_row_inner][vc_row_inner row_type=\u00bbexpandable\u00bb text_align=\u00bbleft\u00bb button_position=\u00bbcenter\u00bb css=\u00bb.vc_custom_1588063157361{margin-top: 0px !important;margin-right: 0px !important;padding-top: 0px !important;}\u00bb background_color=\u00bb#f2f2f2&#8243; expandable_content_top_padding=\u00bb20&#8243; el_class=\u00bbslantedDivA\u00bb][vc_column_inner css=\u00bb.vc_custom_1589559216091{margin-top: 0px !important;padding-top: 0px !important;background-color: #f2f2f2 !important;}\u00bb][qode_elements_holder background_color=\u00bbf2f2f2&#8243; number_of_columns=\u00bbtwo_columns\u00bb][qode_elements_holder_item vertical_alignment=\u00bbmiddle\u00bb horizontal_alignment=\u00bbcenter\u00bb advanced_animations=\u00bbno\u00bb background_color=\u00bb#f2f2f2&#8243;][vc_raw_html]JTNDc2NyaXB0JTIwZGF0YS1iMjQtZm9ybSUzRCUyMmlubGluZSUyRjM5JTJGcWtsb3VtJTIyJTIwZGF0YS1za2lwLW1vdmluZyUzRCUyMnRydWUlMjIlM0UlQzIlQTAlMjhmdW5jdGlvbiUyOHclMkNkJTJDdSUyOSU3QiVDMiVBMHZhciUyMHMlM0RkLmNyZWF0ZUVsZW1lbnQlMjglMjdzY3JpcHQlMjclMjklM0JzLmFzeW5jJTNEdHJ1ZSUzQnMuc3JjJTNEdSUyQiUyNyUzRiUyNyUyQiUyOERhdGUubm93JTI4JTI5JTJGMTgwMDAwJTdDMCUyOSUzQiVDMiVBMHZhciUyMGglM0RkLmdldEVsZW1lbnRzQnlUYWdOYW1lJTI4JTI3c2NyaXB0JTI3JTI5JTVCMCU1RCUzQmgucGFyZW50Tm9kZS5pbnNlcnRCZWZvcmUlMjhzJTJDaCUyOSUzQiVDMiVBMCU3RCUyOSUyOHdpbmRvdyUyQ2RvY3VtZW50JTJDJTI3aHR0cHMlM0ElMkYlMkZteS5vbmR1bGl0Lml0JTJGdXBsb2FkJTJGY3JtJTJGZm9ybSUyRmxvYWRlcl8zOV9xa2xvdW0uanMlMjclMjklM0IlMjAlM0MlMkZzY3JpcHQlM0UlMEE=[\/vc_raw_html][\/qode_elements_holder_item][qode_elements_holder_item vertical_alignment=\u00bbmiddle\u00bb horizontal_alignment=\u00bbleft\u00bb advanced_animations=\u00bbno\u00bb background_color=\u00bb#f2f2f2&#8243; item_padding_1280_1440=\u00bb0px 30px 0px 30px\u00bb item_padding_1024_1280=\u00bb0px 30px 0px 30px\u00bb item_padding_768_1024=\u00bb0px 20px 0px 20px\u00bb item_padding_600_768=\u00bb0px 10px 0px 100px\u00bb item_padding_480_600=\u00bb0px 10px 300px 10px\u00bb item_padding_480=\u00bb0px 10px 0px 10px\u00bb][vc_column_text css=\u00bb.vc_custom_1606212198736{padding-bottom: 20px !important;}\u00bb]<\/p>\n<h3><span style=\"color: #e32219;\">Cont\u00e1ctenos<\/span><\/h3>\n<p>[\/vc_column_text][vc_column_text el_class=\u00bbdescrizione-icone pad-bottom\u00bb]<span style=\"color: #818181;\"><strong>Necesita de:<\/strong><\/span>[\/vc_column_text][vc_column_text el_class=\u00bbdescrizione-icone variante-par\u00bb css=\u00bb.vc_custom_1606212212485{padding-bottom: 20px !important;}\u00bb]<\/p>\n<p style=\"padding-left: 40px;\"><span style=\"color: #818181;\"><strong><span style=\"color: #ff2f20;\">\u2022<\/span> apoyo para Sus proyectos<br \/>\n<\/strong><\/span><span style=\"color: #818181;\"><strong><span style=\"color: #ff2f20;\">\u2022<\/span> m\u00e1s informaci\u00f3n t\u00e9cnica<br \/>\n<\/strong><\/span><span style=\"color: #818181;\"><strong><span style=\"color: #ff2f20;\">\u2022<\/span> precios, listas de precios y tiempos de entrega<br \/>\n<\/strong><\/span><\/p>\n<p>[\/vc_column_text][vc_column_text el_class=\u00bbdescrizione-icone pad-bottom\u00bb]<span style=\"color: #818181;\"><strong>Nos pondremos en con Usted contigo lo antes posible<\/strong><\/span>[\/vc_column_text][vc_separator type=\u00bbsmall\u00bb position=\u00bbleft\u00bb width_in_percentages=\u00bbyes\u00bb color=\u00bb#e32219&#8243; width=\u00bb10&#8243; thickness=\u00bb5&#8243;][\/qode_elements_holder_item][\/qode_elements_holder][\/vc_column_inner][\/vc_row_inner][\/vc_column][\/vc_row][vc_row css_animation=\u00bb\u00bb row_type=\u00bbrow\u00bb use_row_as_full_screen_section=\u00bbno\u00bb type=\u00bbfull_width\u00bb angled_section=\u00bbno\u00bb text_align=\u00bbleft\u00bb background_image_as_pattern=\u00bbwithout_pattern\u00bb css=\u00bb.vc_custom_1588058820641{margin-top: -30px !important;background-color: #ffffff !important;background-position: center !important;background-repeat: no-repeat !important;background-size: cover !important;}\u00bb z_index=\u00bb\u00bb][vc_column][qode_elements_holder number_of_columns=\u00bbtwo_columns\u00bb][qode_elements_holder_item vertical_alignment=\u00bbmiddle\u00bb horizontal_alignment=\u00bbleft\u00bb advanced_animations=\u00bbno\u00bb item_padding=\u00bb0px 0px 100px 0px\u00bb item_padding_1280_1440=\u00bb0px 30px 0px 30px\u00bb item_padding_1024_1280=\u00bb0px 30px 0px 30px\u00bb item_padding_768_1024=\u00bb0px 10px 0px 10px\u00bb item_padding_600_768=\u00bb0px 10px 0px 10px\u00bb item_padding_480_600=\u00bb0px 10px 0px 10px\u00bb item_padding_480=\u00bb0px 10px 0px 10px\u00bb custom_class=\u00bbtesto-no-padding\u00bb][vc_empty_space height=\u00bb70px\u00bb el_class=\u00bbno-desk\u00bb][vc_column_text el_class=\u00bbtesto3&#8243;]<\/p>\n<h3><span style=\"color: #e32219;\">Ideal para estratificaciones constructivas de alto rendimiento<\/span><\/h3>\n<p>[\/vc_column_text][vc_empty_space height=\u00bb30px\u00bb][vc_column_text el_class=\u00bbjustify testo-gallery\u00bb]<\/p>\n<p style=\"text-align: left;\">Esta chapa estructural perfilada es el soporte ideal para paquetes de cubiertas de alto contenido tecnol\u00f3gico que se pueden realizar en seco sobre estructuras discontinuas a medianas y grandes luces.<\/p>\n<p>[\/vc_column_text][\/qode_elements_holder_item][qode_elements_holder_item vertical_alignment=\u00bbmiddle\u00bb horizontal_alignment=\u00bbcenter\u00bb advanced_animations=\u00bbno\u00bb][vc_gallery interval=\u00bb3&#8243; images=\u00bb1679,1678,7086&#8243; img_size=\u00bbfull\u00bb][\/qode_elements_holder_item][\/qode_elements_holder][\/vc_column][\/vc_row][vc_row css_animation=\u00bb\u00bb row_type=\u00bbrow\u00bb use_row_as_full_screen_section=\u00bbno\u00bb type=\u00bbfull_width\u00bb angled_section=\u00bbno\u00bb text_align=\u00bbleft\u00bb background_image_as_pattern=\u00bbwithout_pattern\u00bb css=\u00bb.vc_custom_1590566687283{margin-top: -250px !important;background-image: url(https:\/\/ondulit.it\/wp-content\/uploads\/2020\/05\/Texture_diagonale_cassette.png?id=1741) !important;}\u00bb z_index=\u00bb20&#8243; el_class=\u00bbbg-diagonal\u00bb el_id=\u00bbmobileremoved\u00bb][vc_column][vc_empty_space height=\u00bb450px\u00bb][\/vc_column][\/vc_row][vc_row css_animation=\u00bb\u00bb row_type=\u00bbrow\u00bb use_row_as_full_screen_section=\u00bbno\u00bb type=\u00bbfull_width\u00bb angled_section=\u00bbno\u00bb text_align=\u00bbleft\u00bb background_image_as_pattern=\u00bbwithout_pattern\u00bb css=\u00bb.vc_custom_1588023701691{padding-bottom: 100px !important;background-color: #ffffff !important;}\u00bb z_index=\u00bb\u00bb][vc_column][vc_row_inner row_type=\u00bbrow\u00bb type=\u00bbgrid\u00bb text_align=\u00bbleft\u00bb css_animation=\u00bb\u00bb css=\u00bb.vc_custom_1588063716342{padding-top: 30px !important;}\u00bb][vc_column_inner width=\u00bb1\/6&#8243;][\/vc_column_inner][vc_column_inner width=\u00bb2\/3&#8243;][vc_column_text el_class=\u00bbextreme\u00bb css=\u00bb.vc_custom_1676979349670{margin-bottom: -6% !important;}\u00bb]<\/p>\n<h1 style=\"text-align: center;\">Cover Tray<\/h1>\n<p>[\/vc_column_text][vc_column_text]<\/p>\n<h2 style=\"text-align: center;\"><span style=\"color: #e32219;\">Ficha t\u00e9cnica<\/span><\/h2>\n<p>[\/vc_column_text][\/vc_column_inner][vc_column_inner width=\u00bb1\/6&#8243;][\/vc_column_inner][\/vc_row_inner][\/vc_column][\/vc_row][vc_row css_animation=\u00bb\u00bb row_type=\u00bbrow\u00bb use_row_as_full_screen_section=\u00bbno\u00bb type=\u00bbgrid\u00bb angled_section=\u00bbno\u00bb text_align=\u00bbleft\u00bb background_image_as_pattern=\u00bbwithout_pattern\u00bb css=\u00bb.vc_custom_1588024231674{background-color: #ffffff !important;}\u00bb z_index=\u00bb\u00bb][vc_column][vc_single_image image=\u00bb1743&#8243; img_size=\u00bbfull\u00bb alignment=\u00bbcenter\u00bb qode_css_animation=\u00bb\u00bb][\/vc_column][\/vc_row][vc_row css_animation=\u00bb\u00bb row_type=\u00bbrow\u00bb use_row_as_full_screen_section=\u00bbno\u00bb type=\u00bbgrid\u00bb angled_section=\u00bbno\u00bb text_align=\u00bbleft\u00bb background_image_as_pattern=\u00bbwithout_pattern\u00bb css=\u00bb.vc_custom_1589527165007{padding-top: 40px !important;background-color: #ffffff !important;}\u00bb z_index=\u00bb\u00bb][vc_column width=\u00bb1\/4&#8243; css=\u00bb.vc_custom_1589981930794{padding-top: 0px !important;}\u00bb el_id=\u00bbno-border\u00bb][vc_empty_space][vc_row_inner row_type=\u00bbrow\u00bb type=\u00bbfull_width\u00bb text_align=\u00bbleft\u00bb css_animation=\u00bb\u00bb][vc_column_inner width=\u00bb1\/3&#8243; css=\u00bb.vc_custom_1588025972179{margin-left: 0px !important;padding-left: 0px !important;}\u00bb][vc_single_image image=\u00bb287&#8243; img_size=\u00bbfull\u00bb qode_css_animation=\u00bb\u00bb css=\u00bb.vc_custom_1589527299434{padding-bottom: 20px !important;}\u00bb el_class=\u00bbicona-dwg\u00bb][\/vc_column_inner][vc_column_inner width=\u00bb2\/3&#8243;][vc_empty_space height=\u00bb30px\u00bb el_class=\u00bbno-mobile-tablet\u00bb][vc_column_text el_class=\u00bblink-hover dwg\u00bb]<span style=\"color: #d1d1d1;\"><strong><a href=\"https:\/\/my.ondulit.it\/~d5WBm\">Descargar archivo dwg<\/a><\/strong><\/span><\/p>\n<p>[\/vc_column_text][vc_empty_space height=\u00bb70px\u00bb][\/vc_column_inner][vc_column_inner][\/vc_column_inner][\/vc_row_inner][\/vc_column][vc_column width=\u00bb3\/4&#8243; css=\u00bb.vc_custom_1590603404740{border-left-width: 1px !important;padding-top: 0px !important;padding-left: 10px !important;border-left-color: #c4c4c4 !important;border-left-style: solid !important;}\u00bb el_class=\u00bbborder-col\u00bb][vc_row_inner row_type=\u00bbrow\u00bb type=\u00bbfull_width\u00bb text_align=\u00bbleft\u00bb css_animation=\u00bb\u00bb css=\u00bb.vc_custom_1588054849229{padding-top: 0px !important;padding-left: 50px !important;}\u00bb el_class=\u00bbsezione-colori\u00bb][vc_column_inner][vc_column_text css=\u00bb.vc_custom_1676979406695{padding-bottom: 10px !important;}\u00bb]<\/p>\n<h5>Descubra c\u00f3mo combinar las <span style=\"color: #ff2f20;\"><a style=\"color: #ff2f20;\" href=\"https:\/\/ondulit.it\/es\/estratificaciones-de-cubierta\/\">estratificaciones<\/a><\/span> con el Cover Tray de Ondulit.<\/h5>\n<p>[\/vc_column_text][vc_empty_space height=\u00bb35px\u00bb][vc_column_text el_class=\u00bbtesto-colori\u00bb css=\u00bb.vc_custom_1605199504684{padding-bottom: 10px !important;}\u00bb]<\/p>\n<h3 style=\"text-align: left;\"><span style=\"color: #e32219;\">Dimensiones disponibles<\/span><\/h3>\n<p>[\/vc_column_text][vc_column_text css=\u00bb.vc_custom_1605199545970{padding-bottom: 20px !important;}\u00bb]<\/p>\n<p class=\"p1\"><strong>C\u00f3d.0001<\/strong> \u2013 B: 500 cm H: 80 cm, <strong>C\u00f3d.0002<\/strong> \u2013 B: 600 cm H: 80 cm, <strong>C\u00f3d.0003<\/strong> \u2013 B: 500 cm H: 100 cm, <strong>C\u00f3d.0004<\/strong> \u2013 B: 600 cm H: 100 cm, <strong>C\u00f3d.0005<\/strong> \u2013 B: 500 cm H: 145 cm, <strong>C\u00f3d.0006<\/strong> \u2013 B: 600 cm H: 145 cm, <strong>C\u00f3d.0007<\/strong> \u2013 B: 500 cm H: 180 cm, <strong>C\u00f3d.0008<\/strong> \u2013 B: 600 cm H: 180 cm.<\/p>\n<p>[\/vc_column_text][\/vc_column_inner][\/vc_row_inner][vc_empty_space height=\u00bb55&#8243;][vc_row_inner row_type=\u00bbrow\u00bb type=\u00bbfull_width\u00bb text_align=\u00bbleft\u00bb css_animation=\u00bb\u00bb css=\u00bb.vc_custom_1589982154410{padding-left: 50px !important;}\u00bb el_class=\u00bbsezione-colori\u00bb][vc_column_inner offset=\u00bbvc_col-lg-4 vc_hidden-lg vc_col-md-8 vc_hidden-md vc_col-sm-offset-0 vc_hidden-sm vc_col-xs-12 vc_hidden-xs\u00bb]<a  itemprop=\"url\" href=\"https:\/\/ondulit.it\/en\/download\/\" target=\"_self\" data-hover-background-color=\"#ff2f20\" data-hover-border-color=\"#ff2f20\" data-hover-color=\"#ffffff\" class=\"qbutton  large center default button-ondulit\" style=\"color: #ffffff; border-color: #ff2f20; background-color:#ff2f20;\">Ficha T\u00e9cnica<\/a>[vc_empty_space el_class=\u00bbno-desk\u00bb][\/vc_column_inner][vc_column_inner offset=\u00bbvc_col-lg-4 vc_hidden-lg vc_col-md-8 vc_hidden-md vc_hidden-sm vc_col-xs-12 vc_hidden-xs\u00bb]<a  itemprop=\"url\" href=\"https:\/\/ondulit.it\/en\/download\/\" target=\"_self\" data-hover-background-color=\"#ff2f20\" data-hover-border-color=\"#ff2f20\" data-hover-color=\"#ffffff\" class=\"qbutton  large center default button-ondulit\" style=\"color: #ffffff; border-color: #ff2f20; background-color:#ff2f20;\">Ficha de Montaje<\/a>[\/vc_column_inner][vc_column_inner el_class=\u00bbremovecolumn\u00bb width=\u00bb1\/3&#8243;][\/vc_column_inner][\/vc_row_inner][\/vc_column][\/vc_row][vc_row css_animation=\u00bb\u00bb row_type=\u00bbrow\u00bb use_row_as_full_screen_section=\u00bbno\u00bb type=\u00bbfull_width\u00bb angled_section=\u00bbno\u00bb text_align=\u00bbleft\u00bb background_image_as_pattern=\u00bbwithout_pattern\u00bb css=\u00bb.vc_custom_1588076984118{margin-top: 0px !important;margin-bottom: 0px !important;padding-top: 0px !important;padding-bottom: 0px !important;}\u00bb z_index=\u00bb\u00bb][vc_column][vc_empty_space height=\u00bb150px\u00bb el_class=\u00bbno-mobile\u00bb][vc_empty_space height=\u00bb70px\u00bb el_class=\u00bbno-desk\u00bb][\/vc_column][\/vc_row][vc_row css_animation=\u00bb\u00bb row_type=\u00bbrow\u00bb use_row_as_full_screen_section=\u00bbno\u00bb type=\u00bbfull_width\u00bb angled_section=\u00bbno\u00bb text_align=\u00bbleft\u00bb background_image_as_pattern=\u00bbwithout_pattern\u00bb css=\u00bb.vc_custom_1593772558830{margin-top: 0px !important;margin-bottom: 0px !important;padding-top: 0px !important;padding-bottom: 0px !important;background-position: center !important;background-repeat: no-repeat !important;background-size: cover !important;}\u00bb z_index=\u00bb\u00bb el_class=\u00bbflag\u00bb side_padding=\u00bb0&#8243; padding_top=\u00bb0&#8243;][vc_column css=\u00bb.vc_custom_1588178891415{margin-top: 0px !important;margin-bottom: 0px !important;padding-top: 0px !important;padding-bottom: 0px !important;}\u00bb][vc_single_image image=\u00bb73&#8243; img_size=\u00bbfull\u00bb qode_css_animation=\u00bb\u00bb css=\u00bb.vc_custom_1588178725142{margin-top: 0px !important;margin-bottom: 0px !important;padding-top: 0px !important;padding-bottom: 0px !important;}\u00bb][\/vc_column][\/vc_row]<\/p>\n<\/div>","protected":false},"excerpt":{"rendered":"<p>[vc_row css_animation=\u00bb\u00bb row_type=\u00bbrow\u00bb use_row_as_full_screen_section=\u00bbno\u00bb type=\u00bbfull_width\u00bb angled_section=\u00bbno\u00bb text_align=\u00bbleft\u00bb background_image_as_pattern=\u00bbwithout_pattern\u00bb css=\u00bb.vc_custom_1588061097153{background-color: #ffffff !important;background-position: center !important;background-repeat: no-repeat !important;background-size: cover !important;}\u00bb z_index=\u00bb30&#8243;][vc_column][vc_empty_space height=\u00bb80px\u00bb el_class=\u00bbno-desk\u00bb][vc_empty_space height=\u00bb100px\u00bb el_class=\u00bbno-mobile\u00bb][vc_row_inner row_type=\u00bbrow\u00bb type=\u00bbgrid\u00bb text_align=\u00bbcenter\u00bb css_animation=\u00bb\u00bb css=\u00bb.vc_custom_1588059442074{margin-bottom: 0px !important;padding-bottom: 0px !important;background-position: center !important;background-repeat: no-repeat !important;background-size: cover !important;}\u00bb][vc_column_inner offset=\u00bbvc_col-lg-offset-0 vc_col-lg-4 vc_col-md-offset-2 vc_col-md-8 vc_col-sm-offset-0 vc_col-xs-12&#8243;][vc_column_text el_class=\u00bbextreme\u00bb css=\u00bb.vc_custom_1605199329363{margin-top:&#8230;<\/p>\n","protected":false},"author":2,"featured_media":0,"parent":0,"menu_order":0,"comment_status":"closed","ping_status":"closed","template":"full_width.php","meta":{"footnotes":""},"categories":[],"tags":[],"class_list":["post-4195","page","type-page","status-publish","hentry"],"_links":{"self":[{"href":"https:\/\/ondulit.it\/es\/wp-json\/wp\/v2\/pages\/4195","targetHints":{"allow":["GET"]}}],"collection":[{"href":"https:\/\/ondulit.it\/es\/wp-json\/wp\/v2\/pages"}],"about":[{"href":"https:\/\/ondulit.it\/es\/wp-json\/wp\/v2\/types\/page"}],"author":[{"embeddable":true,"href":"https:\/\/ondulit.it\/es\/wp-json\/wp\/v2\/users\/2"}],"replies":[{"embeddable":true,"href":"https:\/\/ondulit.it\/es\/wp-json\/wp\/v2\/comments?post=4195"}],"version-history":[{"count":6,"href":"https:\/\/ondulit.it\/es\/wp-json\/wp\/v2\/pages\/4195\/revisions"}],"predecessor-version":[{"id":15763,"href":"https:\/\/ondulit.it\/es\/wp-json\/wp\/v2\/pages\/4195\/revisions\/15763"}],"wp:attachment":[{"href":"https:\/\/ondulit.it\/es\/wp-json\/wp\/v2\/media?parent=4195"}],"wp:term":[{"taxonomy":"category","embeddable":true,"href":"https:\/\/ondulit.it\/es\/wp-json\/wp\/v2\/categories?post=4195"},{"taxonomy":"post_tag","embeddable":true,"href":"https:\/\/ondulit.it\/es\/wp-json\/wp\/v2\/tags?post=4195"}],"curies":[{"name":"wp","href":"https:\/\/api.w.org\/{rel}","templated":true}]}}