{"id":12091,"date":"2023-08-04T19:52:55","date_gmt":"2023-08-04T17:52:55","guid":{"rendered":"https:\/\/ondulit.it\/?page_id=12091"},"modified":"2024-07-23T16:47:39","modified_gmt":"2024-07-23T14:47:39","slug":"coverib-1000","status":"publish","type":"page","link":"https:\/\/ondulit.it\/es\/coverib-1000\/","title":{"rendered":"Coverib 1000"},"content":{"rendered":"<div class=\"wpb-content-wrapper\"><p>[vc_row css_animation=\u00bb\u00bb row_type=\u00bbrow\u00bb use_row_as_full_screen_section=\u00bbno\u00bb type=\u00bbfull_width\u00bb angled_section=\u00bbno\u00bb text_align=\u00bbleft\u00bb background_image_as_pattern=\u00bbwithout_pattern\u00bb css=\u00bb.vc_custom_1588061097153{background-color: #ffffff !important;background-position: center !important;background-repeat: no-repeat !important;background-size: cover !important;}\u00bb z_index=\u00bb30&#8243;][vc_column][vc_empty_space height=\u00bb80px\u00bb el_class=\u00bbno-desk\u00bb][vc_empty_space height=\u00bb100px\u00bb el_class=\u00bbno-mobile\u00bb][vc_row_inner row_type=\u00bbrow\u00bb type=\u00bbgrid\u00bb text_align=\u00bbcenter\u00bb css_animation=\u00bb\u00bb css=\u00bb.vc_custom_1588059442074{margin-bottom: 0px !important;padding-bottom: 0px !important;background-position: center !important;background-repeat: no-repeat !important;background-size: cover !important;}\u00bb][vc_column_inner offset=\u00bbvc_col-lg-offset-0 vc_col-lg-4 vc_col-md-offset-2 vc_col-md-4 vc_col-sm-offset-0 vc_col-xs-12&#8243;][vc_column_text el_class=\u00bbh3category\u00bb css=\u00bb.vc_custom_1690900057453{margin-top: 0px !important;margin-bottom: -2.5em !important;padding-top: 0px !important;}\u00bb]<\/p>\n<h3 style=\"text-align: left;\">Placas grecadas<\/h3>\n<p>[\/vc_column_text][vc_column_text el_class=\u00bbh1product\u00bb]<\/p>\n<h1 style=\"text-align: left;\"><span style=\"color: #e32219;\">Coverib 1000<\/span><\/h1>\n<p>[\/vc_column_text][vc_column_text el_class=\u00bbh2text\u00bb css=\u00bb.vc_custom_1690900077350{padding-top: 10px !important;}\u00bb]<\/p>\n<h2 style=\"text-align: left;\"><span style=\"color: #e32219;\">Placa met\u00e1lica grecada de acero con protecci\u00f3n multiestrato.<\/span><\/h2>\n<p>[\/vc_column_text][vc_empty_space][vc_column_text el_class=\u00bbjustify\u00bb]Coverib 1000 es la placa met\u00e1lica con tecnolog\u00eda multiestrato de cuatro grecas. Se utiliza ampliamente en contextos industriales por su resistencia a la corrosi\u00f3n y su durabilidad. Es una placa met\u00e1lica Cool Roof certificada BRoofT3.[\/vc_column_text]\n\n\t<a href=\"#\" target=\"_self\" style=\"color: #ff2f20;font-size: 20px;font-weight: 600;text-transform: none;margin: 30px 0px 10px 0px\" class=\"qode-btn qode-btn-medium qode-btn-simple qode-btn-icon scopri_align qode-btn-default-hover\"  >\n\t    <span class=\"qode-btn-text\">Descubra los detalles<\/span><span class=\"qode-button-v2-icon-holder\" style=\"font-size: 30px;border-color: #ffffff\" ><span aria-hidden=\"true\" class=\"qode_icon_font_elegant arrow_right qode-button-v2-icon-holder-inner\" ><\/span><\/span>\t<\/a>\n\n[\/vc_column_inner][vc_column_inner css=\u00bb.vc_custom_1596207233039{padding-left: 30px !important;}\u00bb offset=\u00bbvc_col-lg-offset-0 vc_col-lg-8 vc_col-md-offset-2 vc_col-md-8 vc_col-sm-offset-0 vc_col-xs-12&#8243;][vc_empty_space height=\u00bb50px\u00bb][vc_single_image image=\u00bb1560&#8243; img_size=\u00bbfull\u00bb alignment=\u00bbcenter\u00bb style=\u00bbzoooom\u00bb qode_css_animation=\u00bb\u00bb][\/vc_column_inner][\/vc_row_inner][vc_row_inner row_type=\u00bbrow\u00bb type=\u00bbfull_width\u00bb text_align=\u00bbleft\u00bb css_animation=\u00bb\u00bb css=\u00bb.vc_custom_1588061027048{padding-top: 50px !important;}\u00bb][vc_column_inner width=\u00bb1\/3&#8243;][\/vc_column_inner][vc_column_inner width=\u00bb1\/3&#8243;]<span data-type=\"normal\"  class=\"qode_icon_shortcode  q_font_awsome_icon fa-lg pull-center \" style=\" \"><a class=\"anchor\" itemprop=\"url\" href=\"#caratteristiche\" target=\"_self\"><i class=\"qode_icon_font_awesome fa fa-apple qode_icon_element\" style=\"font-size: 80px;color: #e32219;\" ><\/i><\/a><\/span>[\/vc_column_inner][vc_column_inner width=\u00bb1\/3&#8243;][\/vc_column_inner][\/vc_row_inner][\/vc_column][\/vc_row][vc_row css_animation=\u00bb\u00bb row_type=\u00bbrow\u00bb use_row_as_full_screen_section=\u00bbno\u00bb type=\u00bbfull_width\u00bb angled_section=\u00bbno\u00bb text_align=\u00bbleft\u00bb background_image_as_pattern=\u00bbwithout_pattern\u00bb css=\u00bb.vc_custom_1588064081028{background-position: center !important;background-repeat: no-repeat !important;background-size: cover !important;}\u00bb z_index=\u00bb30&#8243; anchor=\u00bbcaratteristiche\u00bb][vc_column][vc_row_inner row_type=\u00bbrow\u00bb type=\u00bbfull_width\u00bb text_align=\u00bbcenter\u00bb css_animation=\u00bb\u00bb css=\u00bb.vc_custom_1588059212993{margin-bottom: 0px !important;padding-bottom: 0px !important;background-position: center !important;background-repeat: no-repeat !important;background-size: cover !important;}\u00bb][vc_column_inner][vc_single_image image=\u00bb981&#8243; img_size=\u00bbfull\u00bb qode_css_animation=\u00bb\u00bb][\/vc_column_inner][\/vc_row_inner][vc_row_inner row_type=\u00bbrow\u00bb type=\u00bbgrid\u00bb text_align=\u00bbcenter\u00bb css_animation=\u00bb\u00bb css=\u00bb.vc_custom_1588064030972{margin-bottom: 0px !important;padding-top: 20px !important;padding-bottom: 0px !important;background-color: #f2f2f2 !important;background-position: center !important;background-repeat: no-repeat !important;background-size: cover !important;}\u00bb][vc_column_inner][vc_empty_space height=\u00bb40px\u00bb el_class=\u00bbno-desk\u00bb][vc_column_text]<\/p>\n<h2 style=\"text-align: center;\"><span style=\"color: #e32219;\">Caracter\u00edsticas distintivas de la placa Coverib 1000<\/span><\/h2>\n<p>[\/vc_column_text][vc_empty_space height=\u00bb60px\u00bb el_class=\u00bbno-mobile\u00bb][\/vc_column_inner][\/vc_row_inner][vc_row_inner row_type=\u00bbrow\u00bb type=\u00bbgrid\u00bb text_align=\u00bbcenter\u00bb css_animation=\u00bb\u00bb css=\u00bb.vc_custom_1681391985519{background-color: #f2f2f2 !important;background-position: center !important;background-repeat: no-repeat !important;background-size: cover !important;}\u00bb][vc_column_inner width=\u00bb1\/3&#8243; offset=\u00bbvc_col-md-1\/5 vc_col-xs-12&#8243;][vc_single_image image=\u00bb1203&#8243; img_size=\u00bbfull\u00bb alignment=\u00bbcenter\u00bb qode_css_animation=\u00bb\u00bb el_class=\u00bbicona-ondulit\u00bb][vc_column_text el_class=\u00bbdescrizione-icone\u00bb]<\/p>\n<p style=\"text-align: center;\"><strong>Alta resistencia a la corrosi\u00f3n<\/strong><\/p>\n<p>[\/vc_column_text][vc_empty_space height=\u00bb20px\u00bb][\/vc_column_inner][vc_column_inner width=\u00bb1\/3&#8243; offset=\u00bbvc_col-md-1\/5 vc_col-xs-12&#8243;][vc_single_image image=\u00bb1439&#8243; img_size=\u00bbfull\u00bb alignment=\u00bbcenter\u00bb qode_css_animation=\u00bb\u00bb el_class=\u00bbicona-ondulit\u00bb][vc_column_text el_class=\u00bbdescrizione-icone\u00bb]<\/p>\n<p style=\"text-align: center;\"><strong>Durabilidad<\/strong><\/p>\n<p>[\/vc_column_text][vc_empty_space height=\u00bb20px\u00bb][\/vc_column_inner][vc_column_inner width=\u00bb1\/3&#8243; offset=\u00bbvc_col-md-1\/5 vc_col-xs-12&#8243;][vc_single_image image=\u00bb1206&#8243; img_size=\u00bbfull\u00bb alignment=\u00bbcenter\u00bb qode_css_animation=\u00bb\u00bb el_class=\u00bbicona-ondulit\u00bb][vc_column_text el_class=\u00bbdescrizione-icone\u00bb]<\/p>\n<p style=\"text-align: center;\"><strong>Versatilidad<\/strong><\/p>\n<p>[\/vc_column_text][vc_empty_space height=\u00bb20px\u00bb][\/vc_column_inner][vc_column_inner width=\u00bb1\/3&#8243; offset=\u00bbvc_col-md-1\/5 vc_col-xs-12&#8243;][vc_single_image image=\u00bb1204&#8243; img_size=\u00bbfull\u00bb alignment=\u00bbcenter\u00bb qode_css_animation=\u00bb\u00bb el_class=\u00bbicona-ondulit\u00bb][vc_column_text el_class=\u00bbdescrizione-icone\u00bb]<\/p>\n<p style=\"text-align: center;\"><strong>Confort t\u00e9rmico<\/strong><\/p>\n<p>[\/vc_column_text][vc_empty_space height=\u00bb20px\u00bb][\/vc_column_inner][vc_column_inner width=\u00bb1\/3&#8243; offset=\u00bbvc_col-md-1\/5 vc_col-xs-12&#8243;][vc_single_image image=\u00bb1207&#8243; img_size=\u00bbfull\u00bb alignment=\u00bbcenter\u00bb qode_css_animation=\u00bb\u00bb el_class=\u00bbicona-ondulit\u00bb][vc_column_text el_class=\u00bbdescrizione-icone\u00bb]<\/p>\n<p style=\"text-align: center;\"><strong>Insonorizaci\u00f3n ac\u00fastica<\/strong><\/p>\n<p>[\/vc_column_text][vc_empty_space height=\u00bb20px\u00bb][\/vc_column_inner][\/vc_row_inner][vc_empty_space height=\u00bb60px\u00bb el_class=\u00bbno-mobile\u00bb css=\u00bb.vc_custom_1681480664453{background-color: #f2f2f2 !important;}\u00bb][vc_empty_space height=\u00bb40px\u00bb css=\u00bb.vc_custom_1589525958389{background-color: #f2f2f2 !important;}\u00bb][\/vc_column][\/vc_row][vc_row css_animation=\u00bb\u00bb row_type=\u00bbrow\u00bb use_row_as_full_screen_section=\u00bbno\u00bb type=\u00bbgrid\u00bb angled_section=\u00bbno\u00bb text_align=\u00bbleft\u00bb background_image_as_pattern=\u00bbwithout_pattern\u00bb css=\u00bb.vc_custom_1684488572753{margin-bottom: 0px !important;border-top-width: 1px !important;padding-bottom: 0px !important;background-color: #ffffff !important;border-top-color: #ffffff !important;border-top-style: none !important;}\u00bb z_index=\u00bb\u00bb][vc_column]<div class=\"qode-accordion-holder clearfix qode-toggle qode-initial \">\n\t<h3 class=\"clearfix qode-title-holder\">\n<span class=\"qode-tab-title\">\n\t    <span class=\"qode-tab-title-inner\">\n        Certificaciones    <\/span>\n<\/span>\n<span class=\"qode-accordion-mark\">\n    <span class=\"qode-accordion-mark-icon\">\n        <span class=\"icon_plus\"><\/span>\n        <span class=\"icon_minus-06\"><\/span>\n    <\/span>\n<\/span>\n<\/h3>\n<div  class=\"qode-accordion-content \" >\n    <div class=\"qode-accordion-content-inner\">\n        [vc_column_text css=\u00bb.vc_custom_1693490469399{padding-bottom: 50px !important;}\u00bb]<strong>El sistema de cubierta asegura los siquientes requerimientos prestacionales:<\/strong><\/p>\n<p>&nbsp;<\/p>\n<table class=\"t1 alignleft\" style=\"width: 100%;\" cellspacing=\"0\" cellpadding=\"0\">\n<tbody>\n<tr>\n<td class=\"td1\" valign=\"top\">\n<p class=\"p2\"><b>Resistencia a las cargas concentradas:<\/b><\/p>\n<\/td>\n<td class=\"td2\" valign=\"top\">\n<p class=\"p1\">\u00c9paisseur acier 0,5: <strong>1,2 kN<\/strong> pour entraxe 1,80 m<\/p>\n<p class=\"p2\">Espesor del acero 0,6: <strong>1,2 kN<\/strong> con luz de 1,70 m<\/p>\n<p class=\"p2\">EN 14782 Ap\u00e9ndice B<\/p>\n<\/td>\n<\/tr>\n<tr>\n<td class=\"td1\" valign=\"top\">\n<p class=\"p2\"><b>Reacci\u00f3n al fuego:<\/b><\/p>\n<\/td>\n<td class=\"td2\" valign=\"top\">\n<p class=\"p1\"><strong>Clase B-s1, d0<\/strong><\/p>\n<p class=\"p2\">UNI EN 13501-1; EN 13823; EN ISO 11925-2<\/p>\n<\/td>\n<\/tr>\n<tr>\n<td class=\"td1\" valign=\"top\">\n<p class=\"p2\"><b>Prestaciones al fuego desde el exterior:<\/b><\/p>\n<\/td>\n<td class=\"td2\" valign=\"top\">\n<p class=\"p1\"><strong>Clase BRoof T3<\/strong><\/p>\n<p class=\"p2\">UNI EN 13501-5; UNI CEN\/TS 1187<\/p>\n<\/td>\n<\/tr>\n<tr>\n<td class=\"td1\" valign=\"top\">\n<p class=\"p2\"><b>Durabilidad \u2013 Resistencia a la corrosi\u00f3n en niebla salina:<\/b><\/p>\n<\/td>\n<td class=\"td2\" valign=\"top\">\n<p class=\"p1\"><strong>4000 horas<\/strong><\/p>\n<p class=\"p2\">UNI EN 14782 \u2013 Appendice A; ISO 9227<\/p>\n<\/td>\n<\/tr>\n<tr>\n<td class=\"td1\" valign=\"top\">\n<p class=\"p1\"><strong>Durabilidad \u2013 Resistencia a la humedad:<\/strong><\/p>\n<\/td>\n<td class=\"td2\" valign=\"top\">\n<p class=\"p1\"><strong>3000 horas<\/strong><\/p>\n<p class=\"p2\">UNI EN 14782 \u2013 Ap\u00e9ndice A; EN ISO 6270-1<\/p>\n<\/td>\n<\/tr>\n<tr>\n<td class=\"td1\" valign=\"top\">\n<p class=\"p1\"><strong>Durabilidad \u2013 Resistencia al di\u00f3xido de azufre:<\/strong><\/p>\n<\/td>\n<td class=\"td2\" valign=\"top\">\n<p class=\"p1\"><strong>45 ciclos<\/strong><\/p>\n<p class=\"p2\">UNI EN 14782 \u2013 Ap\u00e9ndice A; EN ISO 6988<\/p>\n<\/td>\n<\/tr>\n<tr>\n<td class=\"td1\" valign=\"top\">\n<p class=\"p1\"><strong>Poder fonoaislante:<\/strong><\/p>\n<\/td>\n<td class=\"td2\" valign=\"top\">\n<p class=\"p1\"><strong>28 dB<\/strong><\/p>\n<p class=\"p2\">UNI EN ISO 10140-2:2010<\/p>\n<\/td>\n<\/tr>\n<tr>\n<td class=\"td1\" valign=\"top\">\n<p class=\"p1\"><strong>Poder de atenuaci\u00f3n sonora del ruido generado por lluvia:<\/strong><\/p>\n<\/td>\n<td class=\"td2\" valign=\"top\">\n<p class=\"p1\"><strong>ISTEDIL<\/strong> cert. N\u00b01302\/202-G 1302\/202-C<\/p>\n<p class=\"p2\"><strong>8,41<\/strong> veces superior a una chapa de aluminio mm 0,7<\/p>\n<p class=\"p2\"><strong>4,17<\/strong> veces superior a una chapa de panel sandwich doble chapa de espesor mm 40<\/p>\n<p class=\"p2\"><strong>52,3 dB<\/strong><\/p>\n<p class=\"p2\">UNI EN ISO 140-18<\/p>\n<\/td>\n<\/tr>\n<tr>\n<td class=\"td1\" valign=\"top\">\n<p class=\"p1\"><strong>Transmitancia T\u00e9rmica Estival:<\/strong><\/p>\n<\/td>\n<td class=\"td2\" valign=\"top\">\n<p class=\"p1\"><strong>1,07 W\/m2K<\/strong><\/p>\n<p class=\"p2\">ISO 6946; ISO 13786<\/p>\n<p class=\"p2\">Versi\u00f3n con cara inferior de Aluminio Natural<\/p>\n<\/td>\n<\/tr>\n<tr>\n<td class=\"td1\" valign=\"top\">\n<p class=\"p1\"><strong>\u00cdndice de Reflectancia Solar (SRI)<\/strong><\/p>\n<\/td>\n<td class=\"td2\" valign=\"top\">\n<p class=\"p1\"><strong>Acabado exteri\u00f3r:<\/strong><\/p>\n<p class=\"p2\">Aluminio Natural (N) <strong>107%<\/strong><\/p>\n<p class=\"p2\"><strong>Alluminio colhoras:<\/strong><\/p>\n<p class=\"p2\">Bianco Grigio RAL 9002 (W) <strong>73%<\/strong><br \/>\nGrigio Ardesia RAL 7012 (D) <strong>34,3%<\/strong><br \/>\nGrigio RAL 7023 (GR) <strong>42,6%<\/strong><br \/>\nBlu (B) <strong>37,3 %<\/strong><br \/>\nVerde Medio (VM) <strong>35,6%<\/strong><br \/>\nRosso Siena RAL 3009 (S) <strong>33,4%<\/strong><br \/>\nTerracotta RAL8004 (T) <strong>37,6%<\/strong><br \/>\nRosso Testa di Moro (R) <strong>35,2%<\/strong><br \/>\nASTM E1980-11<\/p>\n<\/td>\n<\/tr>\n<\/tbody>\n<\/table>\n<p>[\/vc_column_text][vc_empty_space height=\u00bb50px\u00bb]    <\/div>\n<\/div><\/div>[\/vc_column][\/vc_row][vc_row css_animation=\u00bb\u00bb row_type=\u00bbrow\u00bb use_row_as_full_screen_section=\u00bbno\u00bb type=\u00bbfull_width\u00bb angled_section=\u00bbno\u00bb text_align=\u00bbleft\u00bb background_image_as_pattern=\u00bbwithout_pattern\u00bb css=\u00bb.vc_custom_1684488632933{margin-bottom: 0px !important;border-top-width: 1px !important;padding-bottom: 0px !important;background-color: #d1d1d1 !important;border-top-color: #ffffff !important;border-top-style: solid !important;}\u00bb z_index=\u00bb\u00bb][vc_column width=\u00bb1\/6&#8243;][\/vc_column][vc_column width=\u00bb2\/3&#8243; offset=\u00bbvc_col-sm-offset-0 vc_col-xs-offset-1 vc_col-xs-10&#8243;][vc_empty_space height=\u00bb100px\u00bb][vc_column_text el_class=\u00bbprodotto_lavoro left_align_mobile\u00bb css=\u00bb.vc_custom_1688559696630{margin-bottom: -2.5em !important;}\u00bb]<\/p>\n<h2>Coverib 1000<\/h2>\n<p>[\/vc_column_text][vc_column_text el_class=\u00bbh3lavoro left_align_mobile\u00bb]<\/p>\n<h3><span style=\"color: #e32219;\">Para tu proyecto<\/span><\/h3>\n<p>[\/vc_column_text][vc_empty_space height=\u00bb100px\u00bb el_class=\u00bbno-mobile\u00bb][vc_empty_space height=\u00bb70px\u00bb el_class=\u00bbno-desk no-tab\u00bb][\/vc_column][vc_column width=\u00bb1\/6&#8243;][\/vc_column][\/vc_row][vc_row css_animation=\u00bb\u00bb row_type=\u00bbrow\u00bb use_row_as_full_screen_section=\u00bbno\u00bb type=\u00bbfull_width\u00bb angled_section=\u00bbno\u00bb text_align=\u00bbleft\u00bb background_image_as_pattern=\u00bbwithout_pattern\u00bb css=\u00bb.vc_custom_1684488667862{margin-bottom: 0px !important;border-top-width: 1px !important;padding-bottom: 0px !important;background-color: #d1d1d1 !important;border-top-color: #ffffff !important;border-top-style: none !important;}\u00bb z_index=\u00bb\u00bb][vc_column width=\u00bb1\/6&#8243;][\/vc_column][vc_column width=\u00bb2\/3&#8243; offset=\u00bbvc_col-md-4 vc_col-sm-offset-0 vc_col-xs-offset-1 vc_col-xs-10&#8243;][vc_column_text]<\/p>\n<h3 style=\"font-family: rene-bieder-semibo, sans-serif; font-size: 28px; line-height: 34px; text-transform: none;\">Descarga la documentaci\u00f3 t\u00e9cnica<\/h3>\n<p>[\/vc_column_text][vc_empty_space height=\u00bb40px\u00bb el_class=\u00bbno-mobile no-tab\u00bb][vc_empty_space height=\u00bb14px\u00bb el_class=\u00bbno-desk\u00bb][vc_column_text]<\/p>\n<p style=\"font-family: rene-bieder-semibo, sans-serif; font-size: 24px; line-height: 18px; text-transform: none;\"><a href=\"https:\/\/my.ondulit.it\/~W08o7\">Archivo DWG<\/a><\/p>\n<p>[\/vc_column_text][vc_empty_space height=\u00bb10px\u00bb][vc_column_text]<\/p>\n<p style=\"font-family: rene-bieder-semibo, sans-serif; font-size: 24px; line-height: 18px; text-transform: none;\"><a href=\"https:\/\/my.ondulit.it\/~cmRTV\">Ficha t\u00e9cnica<\/a><\/p>\n<p>[\/vc_column_text][vc_empty_space height=\u00bb10px\u00bb][vc_column_text]<\/p>\n<p style=\"font-family: rene-bieder-semibo, sans-serif; font-size: 24px; line-height: 18px; text-transform: none;\"><a href=\"https:\/\/my.ondulit.it\/~NQT7q\">Instrucciones de Montaje<\/a><\/p>\n<p>[\/vc_column_text][vc_empty_space height=\u00bb10px\u00bb][vc_column_text el_class=\u00bbhide\u00bb]<\/p>\n<p style=\"font-family: rene-bieder-semibo, sans-serif; font-size: 24px; line-height: 18px; text-transform: none;\"><a href=\"https:\/\/my.ondulit.it\/~jAKi2 \">Descripci\u00f3n para Prescripci\u00f3n<\/a><\/p>\n<p>[\/vc_column_text][vc_empty_space height=\u00bb160px\u00bb el_class=\u00bbno-mobile no-tab\u00bb][vc_empty_space height=\u00bb70px\u00bb el_class=\u00bbno-desk\u00bb][vc_column_text]<\/p>\n<h3 style=\"font-family: rene-bieder-semibo, sans-serif; font-size: 30px; line-height: 34px; text-transform: none;\">Cont\u00e1ctanos<\/h3>\n<p>[\/vc_column_text][vc_empty_space height=\u00bb14px\u00bb el_class=\u00bbno-desk\u00bb][vc_empty_space height=\u00bb40px\u00bb el_class=\u00bbno-mobile no-tab\u00bb][vc_column_text]<\/p>\n<p style=\"font-family: rene-bieder-semibo, sans-serif; font-size: 20px; line-height: 18px; text-transform: none;\">Tel: <a href=\"tel:+390658330880\">+39 0658330880<\/a><\/p>\n<p>[\/vc_column_text][vc_empty_space height=\u00bb10px\u00bb][vc_column_text]<\/p>\n<p style=\"font-family: rene-bieder-semibo, sans-serif; font-size: 20px; line-height: 18px; text-transform: none;\">Email: <a href=\"mailto:info@ondulit.it\">info@ondulit.it<\/a><\/p>\n<p>[\/vc_column_text][vc_empty_space height=\u00bb70px\u00bb el_class=\u00bbno-desk no-mobile\u00bb css=\u00bb.vc_custom_1683538396926{background-color: #d1d1d1 !important;}\u00bb][\/vc_column][vc_column width=\u00bb2\/3&#8243; offset=\u00bbvc_col-md-offset-0 vc_col-md-4 vc_col-sm-offset-2 vc_hidden-xs\u00bb][vc_column_text]<\/p>\n<h3 style=\"font-family: rene-bieder-semibo, sans-serif; font-size: 28px; line-height: 34px; text-transform: none; text-align: left;\">Env\u00edanos tu solicitud<\/h3>\n<p>[\/vc_column_text][vc_raw_html]JTNDc2NyaXB0JTIwZGF0YS1iMjQtZm9ybSUzRCUyMmlubGluZSUyRjM5JTJGcWtsb3VtJTIyJTIwZGF0YS1za2lwLW1vdmluZyUzRCUyMnRydWUlMjIlM0UlMjhmdW5jdGlvbiUyOHclMkNkJTJDdSUyOSU3QnZhciUyMHMlM0RkLmNyZWF0ZUVsZW1lbnQlMjglMjdzY3JpcHQlMjclMjklM0JzLmFzeW5jJTNEdHJ1ZSUzQnMuc3JjJTNEdSUyQiUyNyUzRiUyNyUyQiUyOERhdGUubm93JTI4JTI5JTJGMTgwMDAwJTdDMCUyOSUzQnZhciUyMGglM0RkLmdldEVsZW1lbnRzQnlUYWdOYW1lJTI4JTI3c2NyaXB0JTI3JTI5JTVCMCU1RCUzQmgucGFyZW50Tm9kZS5pbnNlcnRCZWZvcmUlMjhzJTJDaCUyOSUzQiU3RCUyOSUyOHdpbmRvdyUyQ2RvY3VtZW50JTJDJTI3aHR0cHMlM0ElMkYlMkZteS5vbmR1bGl0Lml0JTJGdXBsb2FkJTJGY3JtJTJGZm9ybSUyRmxvYWRlcl8zOV9xa2xvdW0uanMlMjclMjklM0IlM0MlMkZzY3JpcHQlM0UlMEE=[\/vc_raw_html][\/vc_column][vc_column width=\u00bb1\/6&#8243;][\/vc_column][vc_column][vc_empty_space height=\u00bb80px\u00bb][\/vc_column][\/vc_row][vc_row css_animation=\u00bb\u00bb row_type=\u00bbrow\u00bb use_row_as_full_screen_section=\u00bbno\u00bb type=\u00bbfull_width\u00bb angled_section=\u00bbno\u00bb text_align=\u00bbleft\u00bb background_image_as_pattern=\u00bbwithout_pattern\u00bb css=\u00bb.vc_custom_1681480006159{background-color: #f2f2f2 !important;background-position: center !important;background-repeat: no-repeat !important;background-size: cover !important;}\u00bb z_index=\u00bb\u00bb][vc_column width=\u00bb5\/6&#8243; offset=\u00bbvc_col-lg-offset-1 vc_col-lg-4 vc_col-md-offset-1 vc_col-md-5 vc_col-sm-offset-1 vc_col-xs-offset-1 vc_col-xs-10&#8243;][vc_empty_space height=\u00bb100px\u00bb][vc_column_text el_class=\u00bbh2text\u00bb]<\/p>\n<h2><span style=\"color: #e32219; white-space: normal !important;\">Durable incluso en ambientes corrosivos.<\/span><\/h2>\n<p>[\/vc_column_text][vc_empty_space height=\u00bb30px\u00bb][vc_column_text el_class=\u00bbjustify\u00bb]<\/p>\n<p style=\"text-align: left;\">La placa multiestrato Coverib 1000 tiene una amplia aplicaci\u00f3n en contextos industriales. Esto se debe a que se integra f\u00e1cilmente con cualquier soporte estructural, incluso de grandes dimensiones. Resistente a la corrosi\u00f3n, ligera y transitable. Coverib 1000 es una placa met\u00e1lica Cool Roof gracias a la alta reflectancia de su revestimiento exterior. Certificada BRoofT3, puede albergar sistemas fotovoltaicos a trav\u00e9s del uso del sistema Easyfix.<\/p>\n<p>[\/vc_column_text][vc_empty_space height=\u00bb60px\u00bb][vc_column_text el_class=\u00bbh2text\u00bb]<a href=\"https:\/\/ondulit.it\/es\/placas-metalicas\/\"><span style=\"color: #ff2f20; white-space: normal !important; font-size: 18px;\">Volver a placas<\/span><\/a>[\/vc_column_text][vc_empty_space height=\u00bb60px\u00bb el_class=\u00bbno-desk\u00bb][\/vc_column][vc_column offset=\u00bbvc_col-lg-offset-1 vc_col-lg-6 vc_col-md-offset-0 vc_col-md-6 vc_col-sm-offset-0 vc_col-xs-12&#8243;][vc_gallery interval=\u00bb3&#8243; images=\u00bb2386,2385,1317&#8243; img_size=\u00bbfull\u00bb css=\u00bb.vc_custom_1688380938862{margin-bottom: 0px !important;}\u00bb][\/vc_column][\/vc_row][vc_row css_animation=\u00bb\u00bb row_type=\u00bbrow\u00bb use_row_as_full_screen_section=\u00bbno\u00bb type=\u00bbfull_width\u00bb angled_section=\u00bbno\u00bb text_align=\u00bbleft\u00bb background_image_as_pattern=\u00bbwithout_pattern\u00bb css=\u00bb.vc_custom_1684489831349{margin-top: 0px !important;margin-bottom: 0px !important;padding-top: 0px !important;padding-bottom: 0px !important;background-color: #f2f2f2 !important;background-position: center !important;background-repeat: no-repeat !important;background-size: cover !important;}\u00bb z_index=\u00bb\u00bb el_class=\u00bbflag\u00bb side_padding=\u00bb0&#8243; padding_top=\u00bb0&#8243;][vc_column css=\u00bb.vc_custom_1588178891415{margin-top: 0px !important;margin-bottom: 0px !important;padding-top: 0px !important;padding-bottom: 0px !important;}\u00bb][vc_single_image image=\u00bb73&#8243; img_size=\u00bbfull\u00bb qode_css_animation=\u00bb\u00bb css=\u00bb.vc_custom_1588178725142{margin-top: 0px !important;margin-bottom: 0px !important;padding-top: 0px !important;padding-bottom: 0px !important;}\u00bb][\/vc_column][\/vc_row]<\/p>\n<\/div>","protected":false},"excerpt":{"rendered":"<p>[vc_row css_animation=\u00bb\u00bb row_type=\u00bbrow\u00bb use_row_as_full_screen_section=\u00bbno\u00bb type=\u00bbfull_width\u00bb angled_section=\u00bbno\u00bb text_align=\u00bbleft\u00bb background_image_as_pattern=\u00bbwithout_pattern\u00bb css=\u00bb.vc_custom_1588061097153{background-color: #ffffff !important;background-position: center !important;background-repeat: no-repeat !important;background-size: cover !important;}\u00bb z_index=\u00bb30&#8243;][vc_column][vc_empty_space height=\u00bb80px\u00bb el_class=\u00bbno-desk\u00bb][vc_empty_space height=\u00bb100px\u00bb el_class=\u00bbno-mobile\u00bb][vc_row_inner row_type=\u00bbrow\u00bb type=\u00bbgrid\u00bb text_align=\u00bbcenter\u00bb css_animation=\u00bb\u00bb css=\u00bb.vc_custom_1588059442074{margin-bottom: 0px !important;padding-bottom: 0px !important;background-position: center !important;background-repeat: no-repeat !important;background-size: cover !important;}\u00bb][vc_column_inner offset=\u00bbvc_col-lg-offset-0 vc_col-lg-4 vc_col-md-offset-2 vc_col-md-4 vc_col-sm-offset-0 vc_col-xs-12&#8243;][vc_column_text el_class=\u00bbh3category\u00bb css=\u00bb.vc_custom_1690900057453{margin-top:&#8230;<\/p>\n","protected":false},"author":1286,"featured_media":10714,"parent":0,"menu_order":0,"comment_status":"closed","ping_status":"closed","template":"full_width.php","meta":{"footnotes":""},"categories":[],"tags":[],"class_list":["post-12091","page","type-page","status-publish","has-post-thumbnail","hentry"],"_links":{"self":[{"href":"https:\/\/ondulit.it\/es\/wp-json\/wp\/v2\/pages\/12091","targetHints":{"allow":["GET"]}}],"collection":[{"href":"https:\/\/ondulit.it\/es\/wp-json\/wp\/v2\/pages"}],"about":[{"href":"https:\/\/ondulit.it\/es\/wp-json\/wp\/v2\/types\/page"}],"author":[{"embeddable":true,"href":"https:\/\/ondulit.it\/es\/wp-json\/wp\/v2\/users\/1286"}],"replies":[{"embeddable":true,"href":"https:\/\/ondulit.it\/es\/wp-json\/wp\/v2\/comments?post=12091"}],"version-history":[{"count":14,"href":"https:\/\/ondulit.it\/es\/wp-json\/wp\/v2\/pages\/12091\/revisions"}],"predecessor-version":[{"id":15567,"href":"https:\/\/ondulit.it\/es\/wp-json\/wp\/v2\/pages\/12091\/revisions\/15567"}],"wp:featuredmedia":[{"embeddable":true,"href":"https:\/\/ondulit.it\/es\/wp-json\/wp\/v2\/media\/10714"}],"wp:attachment":[{"href":"https:\/\/ondulit.it\/es\/wp-json\/wp\/v2\/media?parent=12091"}],"wp:term":[{"taxonomy":"category","embeddable":true,"href":"https:\/\/ondulit.it\/es\/wp-json\/wp\/v2\/categories?post=12091"},{"taxonomy":"post_tag","embeddable":true,"href":"https:\/\/ondulit.it\/es\/wp-json\/wp\/v2\/tags?post=12091"}],"curies":[{"name":"wp","href":"https:\/\/api.w.org\/{rel}","templated":true}]}}