{"id":11078,"date":"2023-08-05T19:47:49","date_gmt":"2023-08-05T17:47:49","guid":{"rendered":"https:\/\/ondulit.it\/?page_id=11078"},"modified":"2023-09-01T18:06:47","modified_gmt":"2023-09-01T16:06:47","slug":"paneles-sandwich","status":"publish","type":"page","link":"https:\/\/ondulit.it\/es\/paneles-sandwich\/","title":{"rendered":"Paneles sandwich"},"content":{"rendered":"<div class=\"wpb-content-wrapper\"><p>[vc_row css_animation=\u00bb\u00bb row_type=\u00bbrow\u00bb use_row_as_full_screen_section=\u00bbno\u00bb type=\u00bbfull_width\u00bb angled_section=\u00bbno\u00bb text_align=\u00bbleft\u00bb background_image_as_pattern=\u00bbwithout_pattern\u00bb z_index=\u00bb0&#8243;][vc_column css=\u00bb.vc_custom_1587666993726{margin-top: 0px !important;padding-top: 0px !important;}\u00bb]\n\t\t\t<!-- START Pannelli REVOLUTION SLIDER 6.7.21 --><p class=\"rs-p-wp-fix\"><\/p>\n\t\t\t<rs-module-wrap id=\"rev_slider_5_1_wrapper\" data-source=\"gallery\" style=\"visibility:hidden;background:transparent;padding:0;margin:0px auto;margin-top:0;margin-bottom:0;\">\n\t\t\t\t<rs-module id=\"rev_slider_5_1\" style=\"\" data-version=\"6.7.21\">\n\t\t\t\t\t<rs-slides style=\"overflow: hidden; position: absolute;\">\n\t\t\t\t\t\t<rs-slide style=\"position: absolute;\" data-key=\"rs-14\" data-title=\"Slide\" data-in=\"o:0;\" data-out=\"a:false;\">\n\t\t\t\t\t\t\t<img decoding=\"async\" src=\"\/\/ondulit.it\/wp-content\/plugins\/revslider\/sr6\/assets\/assets\/dummy.png\" alt=\"Pannelli, pannelli coibentati, pannelli sandwich, sandwich panels, paneles sandwich, panneaux sandwich, Ondulit, Ondulit Italiana. \" title=\"Pannelli, pannelli coibentati, pannelli sandwich, sandwich panels, paneles sandwich, panneaux sandwich, Ondulit, Ondulit Italiana.\" width=\"1920\" height=\"868\" class=\"rev-slidebg tp-rs-img rs-lazyload\" data-lazyload=\"\/\/ondulit.it\/wp-content\/uploads\/2020\/06\/pannelli.jpg\" data-no-retina>\n<!---->\t\t\t\t\t<\/rs-slide>\n\t\t\t\t\t\t<rs-slide style=\"position: absolute;\" data-key=\"rs-118\" data-title=\"Slide\" data-in=\"o:0;\" data-out=\"a:false;\">\n\t\t\t\t\t\t\t<img decoding=\"async\" src=\"\/\/ondulit.it\/wp-content\/plugins\/revslider\/sr6\/assets\/assets\/dummy.png\" alt=\"Pannelli, pannelli coibentati, pannelli sandwich, sandwich panels, paneles sandwich, panneaux sandwich, Ondulit, Ondulit Italiana. \" title=\"Pannelli, pannelli coibentati, pannelli sandwich, sandwich panels, paneles sandwich, panneaux sandwich, Ondulit, Ondulit Italiana.\" width=\"1920\" height=\"868\" class=\"rev-slidebg tp-rs-img rs-lazyload\" data-lazyload=\"\/\/ondulit.it\/wp-content\/uploads\/2020\/06\/pannelli-02.jpg\" data-no-retina>\n<!---->\t\t\t\t\t<\/rs-slide>\n\t\t\t\t\t<\/rs-slides>\n\t\t\t\t<\/rs-module>\n\t\t\t\t<script>\n\t\t\t\t\tsetREVStartSize({c: 'rev_slider_5_1',rl:[1240,1240,778,480],el:[700,700,960,720],gw:[1240,1240,778,480],gh:[700,700,600,650],type:'standard',justify:'',layout:'fullwidth',mh:\"0\"});if (window.RS_MODULES!==undefined && window.RS_MODULES.modules!==undefined && window.RS_MODULES.modules[\"revslider51\"]!==undefined) {window.RS_MODULES.modules[\"revslider51\"].once = false;window.revapi5 = undefined;if (window.RS_MODULES.checkMinimal!==undefined) window.RS_MODULES.checkMinimal()}\n\t\t\t\t<\/script>\n\t\t\t<\/rs-module-wrap>\n\t\t\t<!-- END REVOLUTION SLIDER -->\n[\/vc_column][\/vc_row][vc_row css_animation=\u00bb\u00bb row_type=\u00bbrow\u00bb use_row_as_full_screen_section=\u00bbno\u00bb type=\u00bbfull_width\u00bb angled_section=\u00bbno\u00bb text_align=\u00bbleft\u00bb background_image_as_pattern=\u00bbwithout_pattern\u00bb z_index=\u00bb99&#8243;][vc_column][vc_row_inner row_type=\u00bbrow\u00bb type=\u00bbfull_width\u00bb text_align=\u00bbcenter\u00bb css_animation=\u00bb\u00bb css=\u00bb.vc_custom_1690532509340{margin-top: -300px !important;margin-bottom: 0px !important;padding-bottom: 60px !important;background-image: url(https:\/\/ondulit.it\/wp-content\/uploads\/2023\/07\/Diagonal_contatti-1.png?id=12589) !important;background-position: center !important;background-repeat: no-repeat !important;background-size: cover !important;}\u00bb el_id=\u00bbmobilepadding\u00bb][vc_column_inner width=\u00bb1\/4&#8243;][\/vc_column_inner][vc_column_inner width=\u00bb1\/2&#8243;][vc_empty_space height=\u00bb220px\u00bb][vc_column_text]<\/p>\n<h3 style=\"text-align: center;\"><span style=\"color: #ffffff;\">Descubre la gama de paneles aislantes de Ondulit<\/span><\/h3>\n<p>[\/vc_column_text][vc_empty_space height=\u00bb220px\u00bb][\/vc_column_inner][vc_column_inner width=\u00bb1\/4&#8243;][\/vc_column_inner][\/vc_row_inner][\/vc_column][\/vc_row][vc_row css_animation=\u00bb\u00bb row_type=\u00bbrow\u00bb use_row_as_full_screen_section=\u00bbno\u00bb type=\u00bbgrid\u00bb angled_section=\u00bbno\u00bb text_align=\u00bbleft\u00bb background_image_as_pattern=\u00bbwithout_pattern\u00bb z_index=\u00bb\u00bb css=\u00bb.vc_custom_1588789704764{padding-top: 50px !important;}\u00bb][vc_column][vc_row_inner row_type=\u00bbrow\u00bb type=\u00bbfull_width\u00bb text_align=\u00bbleft\u00bb css_animation=\u00bb\u00bb][vc_column_inner][vc_column_text el_class=\u00bbh2subcategory\u00bb css=\u00bb.vc_custom_1690904915208{margin-bottom: -4% !important;}\u00bb]<\/p>\n<h2 style=\"text-align: center;\">Paneles<\/h2>\n<p>[\/vc_column_text][vc_column_text el_class=\u00bbh1category\u00bb]<\/p>\n<h1 style=\"text-align: center;\"><span style=\"color: #e32219;\">Paneles s\u00e1ndwich<br \/>\n<\/span><\/h1>\n<p>[\/vc_column_text][vc_empty_space height=\u00bb60px\u00bb el_class=\u00bbno-mobile\u00bb][\/vc_column_inner][\/vc_row_inner][vc_row_inner row_type=\u00bbrow\u00bb type=\u00bbfull_width\u00bb text_align=\u00bbleft\u00bb css_animation=\u00bb\u00bb][vc_column_inner offset=\u00bbvc_hidden-lg vc_hidden-md vc_hidden-sm vc_hidden-xs\u00bb][vc_column_text el_class=\u00bbdescrizione-lastra\u00bb]<\/p>\n<p style=\"text-align: center;\">Scegliere i pannelli sandwich Ondulit significa migliorare l&#8217;impatto ambientale degli edifici.<\/p>\n<p>[\/vc_column_text][vc_empty_space height=\u00bb60px\u00bb el_class=\u00bbno-mobile\u00bb][\/vc_column_inner][\/vc_row_inner][\/vc_column][\/vc_row][vc_row css_animation=\u00bb\u00bb row_type=\u00bbrow\u00bb use_row_as_full_screen_section=\u00bbno\u00bb type=\u00bbgrid\u00bb angled_section=\u00bbno\u00bb text_align=\u00bbleft\u00bb background_image_as_pattern=\u00bbwithout_pattern\u00bb css=\u00bb.vc_custom_1589524529142{padding-top: 40px !important;padding-bottom: 100px !important;background-position: center !important;background-repeat: no-repeat !important;background-size: cover !important;}\u00bb z_index=\u00bb\u00bb][vc_column css=\u00bb.vc_custom_1588082248059{margin-bottom: 0px !important;padding-bottom: 0px !important;}\u00bb][vc_row_inner row_type=\u00bbrow\u00bb type=\u00bbfull_width\u00bb text_align=\u00bbleft\u00bb css_animation=\u00bb\u00bb][vc_column_inner width=\u00bb1\/4&#8243; offset=\u00bbvc_col-sm-offset-0&#8243;][vc_single_image image=\u00bb11499&#8243; img_size=\u00bbfull\u00bb onclick=\u00bbcustom_link\u00bb qode_css_animation=\u00bb\u00bb qode_hover_animation=\u00bbzoom_in\u00bb el_class=\u00bbbottom-red\u00bb css=\u00bb.vc_custom_1691256944702{background-color: #f7f7f7 !important;}\u00bb link=\u00bbhttps:\/\/ondulit.it\/es\/coverpan\/\u00bb][vc_empty_space height=\u00bb20px\u00bb][vc_column_text el_class=\u00bbh2product\u00bb]<\/p>\n<h2><span style=\"color: #e31818;\"><strong>CoverPan<\/strong><\/span><\/h2>\n<p>[\/vc_column_text][vc_column_text el_class=\u00bbdescrizione-lastra\u00bb]Panel s\u00e1ndwich con protecci\u00f3n multiestrato para cubiertas discontinuas<br \/>\n[\/vc_column_text][vc_empty_space height=\u00bb30&#8243; el_class=\u00bbno-mobile-tablet\u00bb][vc_empty_space height=\u00bb10&#8243;]<a id=\"h3\" itemprop=\"url\" href=\"https:\/\/ondulit.it\/es\/coverpan\/\" target=\"_self\"  class=\"qbutton  medium default button-ondulit\" style=\"color: #ffffff; \">Descubre<\/a>[vc_empty_space height=\u00bb100&#8243;][\/vc_column_inner][vc_column_inner width=\u00bb1\/4&#8243;][vc_single_image image=\u00bb11509&#8243; img_size=\u00bbfull\u00bb onclick=\u00bbcustom_link\u00bb qode_css_animation=\u00bb\u00bb qode_hover_animation=\u00bbzoom_in\u00bb el_class=\u00bbbottom-red\u00bb css=\u00bb.vc_custom_1691257039839{background-color: #f7f7f7 !important;}\u00bb link=\u00bbhttps:\/\/ondulit.it\/es\/coverpan-mono\/\u00bb][vc_empty_space height=\u00bb20px\u00bb][vc_column_text el_class=\u00bbh2product\u00bb]<\/p>\n<h2><span style=\"color: #e31818;\"><strong>CoverPan Mono<\/strong><\/span><\/h2>\n<p>[\/vc_column_text][vc_column_text el_class=\u00bbdescrizione-lastra\u00bb]Panel s\u00e1ndwich monol\u00e1mina con protecci\u00f3n multiestrato para soportes continuos<br \/>\n[\/vc_column_text][vc_empty_space height=\u00bb30&#8243; el_class=\u00bbno-mobile-tablet\u00bb][vc_empty_space height=\u00bb10&#8243;]<a  itemprop=\"url\" href=\"https:\/\/ondulit.it\/es\/coverpan-mono\/\" target=\"_self\"  class=\"qbutton  medium default button-ondulit\" style=\"color: #ffffff; \">Descubre<\/a>[vc_empty_space height=\u00bb100&#8243;][\/vc_column_inner][vc_column_inner width=\u00bb1\/4&#8243;][vc_single_image image=\u00bb11519&#8243; img_size=\u00bbfull\u00bb onclick=\u00bbcustom_link\u00bb qode_css_animation=\u00bb\u00bb qode_hover_animation=\u00bbzoom_in\u00bb el_class=\u00bbbottom-red\u00bb css=\u00bb.vc_custom_1691257132058{background-color: #f7f7f7 !important;}\u00bb link=\u00bbhttps:\/\/ondulit.it\/es\/coverpan-agri\/\u00bb][vc_empty_space height=\u00bb20px\u00bb][vc_column_text el_class=\u00bbh2product\u00bb]<\/p>\n<h2><strong><span style=\"color: #e31818;\">CoverPan Agri<\/span><\/strong><\/h2>\n<p>[\/vc_column_text][vc_column_text el_class=\u00bbdescrizione-lastra\u00bb]Panel s\u00e1ndwich con protecci\u00f3n multiestrato y fibra de vidrio para zootecn\u00eda<br \/>\n[\/vc_column_text][vc_empty_space height=\u00bb30&#8243; el_class=\u00bbno-mobile-tablet\u00bb][vc_empty_space height=\u00bb10&#8243;]<a  itemprop=\"url\" href=\"https:\/\/ondulit.it\/es\/coverpan-agri\/\" target=\"_self\"  class=\"qbutton  medium default button-ondulit\" style=\"color: #ffffff; \">Descubre<\/a>[vc_empty_space height=\u00bb100&#8243;][\/vc_column_inner][vc_column_inner width=\u00bb1\/4&#8243;][vc_single_image image=\u00bb11473&#8243; img_size=\u00bbfull\u00bb onclick=\u00bbcustom_link\u00bb qode_css_animation=\u00bb\u00bb qode_hover_animation=\u00bbzoom_in\u00bb el_class=\u00bbbottom-red\u00bb css=\u00bb.vc_custom_1691257277174{background-color: #f7f7f7 !important;}\u00bb link=\u00bbhttps:\/\/ondulit.it\/es\/ondulpan\/\u00bb][vc_empty_space height=\u00bb20px\u00bb][vc_column_text el_class=\u00bbh2product\u00bb]<\/p>\n<h2><strong><span style=\"color: #e31818;\">OndulPan<\/span><\/strong><\/h2>\n<p>[\/vc_column_text][vc_column_text el_class=\u00bbdescrizione-lastra\u00bb]Panel s\u00e1ndwich con protecci\u00f3n multiestrato y perfil ondulado<br \/>\n[\/vc_column_text][vc_empty_space height=\u00bb30&#8243; el_class=\u00bbno-mobile-tablet\u00bb][vc_empty_space height=\u00bb10&#8243;]<a  itemprop=\"url\" href=\"https:\/\/ondulit.it\/es\/ondulpan\/\" target=\"_self\"  class=\"qbutton  medium default button-ondulit\" style=\"color: #ffffff; \">Descubre<\/a>[vc_empty_space height=\u00bb100&#8243;][\/vc_column_inner][\/vc_row_inner][vc_empty_space height=\u00bb50px\u00bb el_class=\u00bbno-mobile\u00bb][vc_row_inner row_type=\u00bbrow\u00bb type=\u00bbfull_width\u00bb text_align=\u00bbleft\u00bb css_animation=\u00bb\u00bb][vc_column_inner width=\u00bb1\/4&#8243; offset=\u00bbvc_col-sm-offset-0&#8243;][vc_single_image image=\u00bb1542&#8243; img_size=\u00bbfull\u00bb onclick=\u00bbcustom_link\u00bb qode_css_animation=\u00bb\u00bb qode_hover_animation=\u00bbzoom_in\u00bb el_class=\u00bbbottom-red\u00bb css=\u00bb.vc_custom_1691174018784{background-color: #f7f7f7 !important;}\u00bb link=\u00bbhttps:\/\/ondulit.it\/es\/coverpiu\/\u00bb][vc_empty_space height=\u00bb20px\u00bb][vc_column_text el_class=\u00bbh2product\u00bb]<\/p>\n<h2><span style=\"color: #e31818;\"><strong>CoverPi\u00f9<\/strong><\/span><\/h2>\n<p>[\/vc_column_text][vc_column_text el_class=\u00bbdescrizione-lastra\u00bb]Panel s\u00e1ndwich microventilado con protecci\u00f3n multiestrato<br \/>\n[\/vc_column_text][vc_empty_space height=\u00bb30&#8243; el_class=\u00bbno-mobile-tablet\u00bb][vc_empty_space height=\u00bb10&#8243;]<a  itemprop=\"url\" href=\"https:\/\/ondulit.it\/es\/coverpiu\/\" target=\"_self\"  class=\"qbutton  medium default button-ondulit\" style=\"color: #ffffff; \">Descubre<\/a>[vc_empty_space height=\u00bb100&#8243;][\/vc_column_inner][vc_column_inner width=\u00bb1\/4&#8243;][vc_single_image image=\u00bb1543&#8243; img_size=\u00bbfull\u00bb onclick=\u00bbcustom_link\u00bb qode_css_animation=\u00bb\u00bb qode_hover_animation=\u00bbzoom_in\u00bb el_class=\u00bbbottom-red\u00bb css=\u00bb.vc_custom_1691256451350{background-color: #f7f7f7 !important;}\u00bb link=\u00bbhttps:\/\/ondulit.it\/es\/coverpiu-mono\/\u00bb][vc_empty_space height=\u00bb20px\u00bb][vc_column_text el_class=\u00bbh2product\u00bb]<\/p>\n<h2><span style=\"color: #e31818;\"><strong>CoverPi\u00f9 Mono<\/strong><\/span><\/h2>\n<p>[\/vc_column_text][vc_column_text el_class=\u00bbdescrizione-lastra\u00bb]Panel s\u00e1ndwich monol\u00e1mina, microventilado con protecci\u00f3n multiestrato<br \/>\n[\/vc_column_text][vc_empty_space height=\u00bb30&#8243; el_class=\u00bbno-mobile-tablet\u00bb][vc_empty_space height=\u00bb10&#8243;]<a  itemprop=\"url\" href=\"https:\/\/ondulit.it\/es\/coverpiu-mono\/\" target=\"_self\"  class=\"qbutton  medium default button-ondulit\" style=\"color: #ffffff; \">Descubre<\/a>[vc_empty_space height=\u00bb100&#8243;][\/vc_column_inner][vc_column_inner width=\u00bb1\/4&#8243;][vc_single_image image=\u00bb1545&#8243; img_size=\u00bbfull\u00bb onclick=\u00bbcustom_link\u00bb qode_css_animation=\u00bb\u00bb qode_hover_animation=\u00bbzoom_in\u00bb el_class=\u00bbbottom-red\u00bb css=\u00bb.vc_custom_1691256181984{background-color: #f7f7f7 !important;}\u00bb link=\u00bbhttps:\/\/ondulit.it\/es\/coverpiu-curvable\/\u00bb][vc_empty_space height=\u00bb20px\u00bb][vc_column_text el_class=\u00bbh2product\u00bb]<\/p>\n<h2><strong><span style=\"color: #e31818;\">CoverPi\u00f9 Curvable<\/span><\/strong><\/h2>\n<p>[\/vc_column_text][vc_column_text el_class=\u00bbdescrizione-lastra\u00bb]Panel s\u00e1ndwich curvable microventilado<br \/>\n[\/vc_column_text][vc_empty_space height=\u00bb30&#8243; el_class=\u00bbno-mobile-tablet\u00bb][vc_empty_space height=\u00bb10&#8243;]<a  itemprop=\"url\" href=\"https:\/\/ondulit.it\/es\/coverpiu-curvable\/\" target=\"_self\"  class=\"qbutton  medium default button-ondulit\" style=\"color: #ffffff; \">Descubre<\/a>[vc_empty_space height=\u00bb100&#8243;][\/vc_column_inner][vc_column_inner width=\u00bb1\/4&#8243;][vc_single_image image=\u00bb11479&#8243; img_size=\u00bbfull\u00bb onclick=\u00bbcustom_link\u00bb qode_css_animation=\u00bb\u00bb qode_hover_animation=\u00bbzoom_in\u00bb el_class=\u00bbbottom-red\u00bb css=\u00bb.vc_custom_1691257376952{background-color: #f7f7f7 !important;}\u00bb link=\u00bbhttps:\/\/ondulit.it\/es\/covertilepan\/\u00bb][vc_empty_space height=\u00bb20px\u00bb][vc_column_text el_class=\u00bbh2product\u00bb]<\/p>\n<h2><strong><span style=\"color: #e31818;\">CoverTilePan<\/span><\/strong><\/h2>\n<p>[\/vc_column_text][vc_column_text el_class=\u00bbdescrizione-lastra\u00bb]<\/p>\n<p>Panel s\u00e1ndwich con protecci\u00f3n multiestrato y perfil imitaci\u00f3n teja<\/p>\n<p>[\/vc_column_text][vc_empty_space height=\u00bb30&#8243; el_class=\u00bbno-mobile-tablet\u00bb][vc_empty_space height=\u00bb10&#8243;]<a  itemprop=\"url\" href=\"https:\/\/ondulit.it\/es\/covertilepan\/\" target=\"_self\"  class=\"qbutton  medium default button-ondulit\" style=\"color: #ffffff; \">Descubre<\/a>[vc_empty_space height=\u00bb100&#8243;][\/vc_column_inner][\/vc_row_inner][\/vc_column][\/vc_row][vc_row css_animation=\u00bb\u00bb row_type=\u00bbrow\u00bb use_row_as_full_screen_section=\u00bbno\u00bb type=\u00bbfull_width\u00bb angled_section=\u00bbno\u00bb text_align=\u00bbleft\u00bb background_image_as_pattern=\u00bbwithout_pattern\u00bb css=\u00bb.vc_custom_1588839040885{margin-top: 0px !important;margin-bottom: 0px !important;padding-top: 0px !important;padding-bottom: 0px !important;background-color: #ffffff !important;background-position: center !important;background-repeat: no-repeat !important;background-size: cover !important;}\u00bb z_index=\u00bb\u00bb el_class=\u00bbflag\u00bb side_padding=\u00bb0&#8243; padding_top=\u00bb0&#8243;][vc_column css=\u00bb.vc_custom_1588178891415{margin-top: 0px !important;margin-bottom: 0px !important;padding-top: 0px !important;padding-bottom: 0px !important;}\u00bb][vc_single_image image=\u00bb73&#8243; img_size=\u00bbfull\u00bb qode_css_animation=\u00bb\u00bb css=\u00bb.vc_custom_1588178725142{margin-top: 0px !important;margin-bottom: 0px !important;padding-top: 0px !important;padding-bottom: 0px !important;}\u00bb][\/vc_column][\/vc_row]<\/p>\n<\/div>","protected":false},"excerpt":{"rendered":"<p>[vc_row css_animation=\u00bb\u00bb row_type=\u00bbrow\u00bb use_row_as_full_screen_section=\u00bbno\u00bb type=\u00bbfull_width\u00bb angled_section=\u00bbno\u00bb text_align=\u00bbleft\u00bb background_image_as_pattern=\u00bbwithout_pattern\u00bb z_index=\u00bb0&#8243;][vc_column css=\u00bb.vc_custom_1587666993726{margin-top: 0px !important;padding-top: 0px !important;}\u00bb][\/vc_column][\/vc_row][vc_row css_animation=\u00bb\u00bb row_type=\u00bbrow\u00bb use_row_as_full_screen_section=\u00bbno\u00bb type=\u00bbfull_width\u00bb angled_section=\u00bbno\u00bb text_align=\u00bbleft\u00bb background_image_as_pattern=\u00bbwithout_pattern\u00bb z_index=\u00bb99&#8243;][vc_column][vc_row_inner row_type=\u00bbrow\u00bb type=\u00bbfull_width\u00bb text_align=\u00bbcenter\u00bb css_animation=\u00bb\u00bb css=\u00bb.vc_custom_1690532509340{margin-top: -300px !important;margin-bottom: 0px !important;padding-bottom: 60px !important;background-image: url(https:\/\/ondulit.it\/wp-content\/uploads\/2023\/07\/Diagonal_contatti-1.png?id=12589) !important;background-position: center !important;background-repeat: no-repeat !important;background-size: cover !important;}\u00bb el_id=\u00bbmobilepadding\u00bb][vc_column_inner width=\u00bb1\/4&#8243;][\/vc_column_inner][vc_column_inner width=\u00bb1\/2&#8243;][vc_empty_space height=\u00bb220px\u00bb][vc_column_text]&#8230;<\/p>\n","protected":false},"author":2,"featured_media":11319,"parent":0,"menu_order":0,"comment_status":"closed","ping_status":"closed","template":"full_width.php","meta":{"footnotes":""},"categories":[],"tags":[],"class_list":["post-11078","page","type-page","status-publish","has-post-thumbnail","hentry"],"_links":{"self":[{"href":"https:\/\/ondulit.it\/es\/wp-json\/wp\/v2\/pages\/11078","targetHints":{"allow":["GET"]}}],"collection":[{"href":"https:\/\/ondulit.it\/es\/wp-json\/wp\/v2\/pages"}],"about":[{"href":"https:\/\/ondulit.it\/es\/wp-json\/wp\/v2\/types\/page"}],"author":[{"embeddable":true,"href":"https:\/\/ondulit.it\/es\/wp-json\/wp\/v2\/users\/2"}],"replies":[{"embeddable":true,"href":"https:\/\/ondulit.it\/es\/wp-json\/wp\/v2\/comments?post=11078"}],"version-history":[{"count":14,"href":"https:\/\/ondulit.it\/es\/wp-json\/wp\/v2\/pages\/11078\/revisions"}],"predecessor-version":[{"id":13056,"href":"https:\/\/ondulit.it\/es\/wp-json\/wp\/v2\/pages\/11078\/revisions\/13056"}],"wp:featuredmedia":[{"embeddable":true,"href":"https:\/\/ondulit.it\/es\/wp-json\/wp\/v2\/media\/11319"}],"wp:attachment":[{"href":"https:\/\/ondulit.it\/es\/wp-json\/wp\/v2\/media?parent=11078"}],"wp:term":[{"taxonomy":"category","embeddable":true,"href":"https:\/\/ondulit.it\/es\/wp-json\/wp\/v2\/categories?post=11078"},{"taxonomy":"post_tag","embeddable":true,"href":"https:\/\/ondulit.it\/es\/wp-json\/wp\/v2\/tags?post=11078"}],"curies":[{"name":"wp","href":"https:\/\/api.w.org\/{rel}","templated":true}]}}