{"id":12758,"date":"2023-05-22T17:35:20","date_gmt":"2023-05-22T15:35:20","guid":{"rendered":"https:\/\/ondulit.it\/coverpan-agri\/"},"modified":"2024-07-23T17:50:32","modified_gmt":"2024-07-23T15:50:32","slug":"coverpan-agri","status":"publish","type":"page","link":"https:\/\/ondulit.it\/en\/coverpan-agri\/","title":{"rendered":"CoverPan Agri"},"content":{"rendered":"<div class=\"wpb-content-wrapper\"><p>[vc_row css_animation=&#8221;&#8221; row_type=&#8221;row&#8221; use_row_as_full_screen_section=&#8221;no&#8221; type=&#8221;full_width&#8221; angled_section=&#8221;no&#8221; text_align=&#8221;left&#8221; background_image_as_pattern=&#8221;without_pattern&#8221; css=&#8221;.vc_custom_1588061097153{background-color: #ffffff !important;background-position: center !important;background-repeat: no-repeat !important;background-size: cover !important;}&#8221; z_index=&#8221;30&#8243;][vc_column][vc_empty_space height=&#8221;80px&#8221; el_class=&#8221;no-desk&#8221;][vc_empty_space height=&#8221;100px&#8221; el_class=&#8221;no-mobile&#8221;][vc_row_inner row_type=&#8221;row&#8221; type=&#8221;grid&#8221; text_align=&#8221;center&#8221; css_animation=&#8221;&#8221; css=&#8221;.vc_custom_1588059442074{margin-bottom: 0px !important;padding-bottom: 0px !important;background-position: center !important;background-repeat: no-repeat !important;background-size: cover !important;}&#8221;][vc_column_inner offset=&#8221;vc_col-lg-offset-0 vc_col-lg-4 vc_col-md-offset-2 vc_col-md-4 vc_col-sm-offset-0 vc_col-xs-12&#8243;][vc_column_text el_class=&#8221;h3category&#8221; css=&#8221;.vc_custom_1691160716612{margin-top: 0px !important;margin-bottom: -2.5em !important;padding-top: 0px !important;}&#8221;]<\/p>\n<h3 style=\"text-align: left;\">Sandwich panels<\/h3>\n<p>[\/vc_column_text][vc_column_text el_class=&#8221;h1product&#8221;]<\/p>\n<h1 style=\"text-align: left;\"><span style=\"color: #e32219;\">CoverPan Agri<\/span><\/h1>\n<p>[\/vc_column_text][vc_column_text el_class=&#8221;h2text&#8221; css=&#8221;.vc_custom_1691160731475{padding-top: 10px !important;}&#8221;]<\/p>\n<h2 style=\"text-align: left;\"><span style=\"color: #e32219;\">Sandwich panel for corrosive environments.<\/span><\/h2>\n<p>[\/vc_column_text][vc_empty_space][vc_column_text el_class=&#8221;justify&#8221;]CoverPan Agri is the corrosion-resistant sandwich panel. The multi-layer sheet on top ensures acoustic insulation. The EPS insulation provides thermal comfort.<br \/>\n[\/vc_column_text]\n\n\t<a href=\"#\" target=\"_self\" style=\"color: #ff2f20;font-size: 20px;font-weight: 600;text-transform: none;margin: 30px 0px 10px 0px\" class=\"qode-btn qode-btn-medium qode-btn-simple qode-btn-icon scopri_align qode-btn-default-hover\"  >\n\t    <span class=\"qode-btn-text\">Scopri i dettagli<\/span><span class=\"qode-button-v2-icon-holder\" style=\"font-size: 30px;border-color: #ffffff\" ><span aria-hidden=\"true\" class=\"qode_icon_font_elegant arrow_right qode-button-v2-icon-holder-inner\" ><\/span><\/span>\t<\/a>\n\n[\/vc_column_inner][vc_column_inner css=&#8221;.vc_custom_1596207233039{padding-left: 30px !important;}&#8221; offset=&#8221;vc_col-lg-offset-0 vc_col-lg-8 vc_col-md-offset-2 vc_col-md-8 vc_col-sm-offset-0 vc_col-xs-12&#8243;][vc_empty_space height=&#8221;50px&#8221;][vc_single_image image=&#8221;11524&#8243; img_size=&#8221;full&#8221; alignment=&#8221;center&#8221; style=&#8221;zoooom&#8221; qode_css_animation=&#8221;&#8221;][\/vc_column_inner][\/vc_row_inner][vc_row_inner row_type=&#8221;row&#8221; type=&#8221;full_width&#8221; text_align=&#8221;left&#8221; css_animation=&#8221;&#8221; css=&#8221;.vc_custom_1588061027048{padding-top: 50px !important;}&#8221;][vc_column_inner width=&#8221;1\/3&#8243;][\/vc_column_inner][vc_column_inner width=&#8221;1\/3&#8243;]<span data-type=\"normal\"  class=\"qode_icon_shortcode  q_font_awsome_icon fa-lg pull-center \" style=\" \"><a class=\"anchor\" itemprop=\"url\" href=\"#caratteristiche\" target=\"_self\"><i class=\"qode_icon_font_awesome fa fa-apple qode_icon_element\" style=\"font-size: 80px;color: #e32219;\" ><\/i><\/a><\/span>[\/vc_column_inner][vc_column_inner width=&#8221;1\/3&#8243;][\/vc_column_inner][\/vc_row_inner][\/vc_column][\/vc_row][vc_row css_animation=&#8221;&#8221; row_type=&#8221;row&#8221; use_row_as_full_screen_section=&#8221;no&#8221; type=&#8221;full_width&#8221; angled_section=&#8221;no&#8221; text_align=&#8221;left&#8221; background_image_as_pattern=&#8221;without_pattern&#8221; css=&#8221;.vc_custom_1588064081028{background-position: center !important;background-repeat: no-repeat !important;background-size: cover !important;}&#8221; z_index=&#8221;30&#8243; anchor=&#8221;caratteristiche&#8221;][vc_column][vc_row_inner row_type=&#8221;row&#8221; type=&#8221;full_width&#8221; text_align=&#8221;center&#8221; css_animation=&#8221;&#8221; css=&#8221;.vc_custom_1588059212993{margin-bottom: 0px !important;padding-bottom: 0px !important;background-position: center !important;background-repeat: no-repeat !important;background-size: cover !important;}&#8221;][vc_column_inner][vc_single_image image=&#8221;981&#8243; img_size=&#8221;full&#8221; qode_css_animation=&#8221;&#8221;][\/vc_column_inner][\/vc_row_inner][vc_row_inner row_type=&#8221;row&#8221; type=&#8221;grid&#8221; text_align=&#8221;center&#8221; css_animation=&#8221;&#8221; css=&#8221;.vc_custom_1588064030972{margin-bottom: 0px !important;padding-top: 20px !important;padding-bottom: 0px !important;background-color: #f2f2f2 !important;background-position: center !important;background-repeat: no-repeat !important;background-size: cover !important;}&#8221;][vc_column_inner][vc_empty_space height=&#8221;40px&#8221; el_class=&#8221;no-desk&#8221;][vc_column_text]<\/p>\n<h2 style=\"text-align: center;\"><span style=\"color: #e32219;\">Distinctive features of CoverPan Agri<\/span><\/h2>\n<p>[\/vc_column_text][vc_empty_space height=&#8221;60px&#8221; el_class=&#8221;no-mobile&#8221;][\/vc_column_inner][\/vc_row_inner][vc_row_inner row_type=&#8221;row&#8221; type=&#8221;grid&#8221; text_align=&#8221;center&#8221; css_animation=&#8221;&#8221; css=&#8221;.vc_custom_1681391985519{background-color: #f2f2f2 !important;background-position: center !important;background-repeat: no-repeat !important;background-size: cover !important;}&#8221;][vc_column_inner width=&#8221;1\/3&#8243; offset=&#8221;vc_col-md-1\/5 vc_col-xs-12&#8243;][vc_single_image image=&#8221;1203&#8243; img_size=&#8221;full&#8221; alignment=&#8221;center&#8221; qode_css_animation=&#8221;&#8221; el_class=&#8221;icona-ondulit&#8221;][vc_column_text el_class=&#8221;descrizione-icone&#8221;]<\/p>\n<p style=\"text-align: center;\"><strong>High corrosion resistance<br \/>\n<\/strong><\/p>\n<p>[\/vc_column_text][vc_empty_space height=&#8221;20px&#8221;][\/vc_column_inner][vc_column_inner width=&#8221;1\/3&#8243; offset=&#8221;vc_col-md-1\/5 vc_col-xs-12&#8243;][vc_single_image image=&#8221;1207&#8243; img_size=&#8221;full&#8221; alignment=&#8221;center&#8221; qode_css_animation=&#8221;&#8221; el_class=&#8221;icona-ondulit&#8221;][vc_column_text el_class=&#8221;descrizione-icone&#8221;]<\/p>\n<p style=\"text-align: center;\"><strong>Acoustic soundproofing<\/strong><\/p>\n<p>[\/vc_column_text][vc_empty_space height=&#8221;20px&#8221;][\/vc_column_inner][vc_column_inner width=&#8221;1\/3&#8243; offset=&#8221;vc_col-md-1\/5 vc_col-xs-12&#8243;][vc_single_image image=&#8221;1439&#8243; img_size=&#8221;full&#8221; alignment=&#8221;center&#8221; qode_css_animation=&#8221;&#8221; el_class=&#8221;icona-ondulit&#8221;][vc_column_text el_class=&#8221;descrizione-icone&#8221;]<\/p>\n<p style=\"text-align: center;\"><strong>Durability<\/strong><\/p>\n<p>[\/vc_column_text][vc_empty_space height=&#8221;20px&#8221;][\/vc_column_inner][vc_column_inner width=&#8221;1\/3&#8243; offset=&#8221;vc_col-md-1\/5 vc_col-xs-12&#8243;][vc_single_image image=&#8221;1204&#8243; img_size=&#8221;full&#8221; alignment=&#8221;center&#8221; qode_css_animation=&#8221;&#8221; el_class=&#8221;icona-ondulit&#8221;][vc_column_text el_class=&#8221;descrizione-icone&#8221;]<\/p>\n<p style=\"text-align: center;\"><b>Thermal comfort<\/b><\/p>\n<p>[\/vc_column_text][vc_empty_space height=&#8221;20px&#8221;][\/vc_column_inner][vc_column_inner width=&#8221;1\/3&#8243; offset=&#8221;vc_col-md-1\/5 vc_col-xs-12&#8243;][vc_single_image image=&#8221;1229&#8243; img_size=&#8221;full&#8221; alignment=&#8221;center&#8221; qode_css_animation=&#8221;&#8221; el_class=&#8221;icona-ondulit&#8221;][vc_column_text el_class=&#8221;descrizione-icone&#8221;]<\/p>\n<p style=\"text-align: center;\"><strong>BRoofT3 certificate<\/strong><\/p>\n<p>[\/vc_column_text][vc_empty_space height=&#8221;20px&#8221;][\/vc_column_inner][\/vc_row_inner][vc_empty_space height=&#8221;60px&#8221; el_class=&#8221;no-mobile&#8221; css=&#8221;.vc_custom_1681480664453{background-color: #f2f2f2 !important;}&#8221;][vc_empty_space height=&#8221;40px&#8221; css=&#8221;.vc_custom_1589525958389{background-color: #f2f2f2 !important;}&#8221;][\/vc_column][\/vc_row][vc_row css_animation=&#8221;&#8221; row_type=&#8221;row&#8221; use_row_as_full_screen_section=&#8221;no&#8221; type=&#8221;grid&#8221; angled_section=&#8221;no&#8221; text_align=&#8221;left&#8221; background_image_as_pattern=&#8221;without_pattern&#8221; css=&#8221;.vc_custom_1684488572753{margin-bottom: 0px !important;border-top-width: 1px !important;padding-bottom: 0px !important;background-color: #ffffff !important;border-top-color: #ffffff !important;border-top-style: none !important;}&#8221; z_index=&#8221;&#8221;][vc_column]<div class=\"qode-accordion-holder clearfix qode-toggle qode-initial \">\n\t<h3 class=\"clearfix qode-title-holder\">\n<span class=\"qode-tab-title\">\n\t    <span class=\"qode-tab-title-inner\">\n        Certifications    <\/span>\n<\/span>\n<span class=\"qode-accordion-mark\">\n    <span class=\"qode-accordion-mark-icon\">\n        <span class=\"icon_plus\"><\/span>\n        <span class=\"icon_minus-06\"><\/span>\n    <\/span>\n<\/span>\n<\/h3>\n<div  class=\"qode-accordion-content \" >\n    <div class=\"qode-accordion-content-inner\">\n        [vc_column_text css=&#8221;.vc_custom_1693479476002{padding-bottom: 50px !important;}&#8221;]<strong>The roofing system ensures the following performances:<\/strong><\/p>\n<p>&nbsp;<\/p>\n<table class=\"t1 alignleft\" style=\"width: 100%;\" cellspacing=\"0\" cellpadding=\"0\">\n<tbody>\n<tr>\n<td class=\"td1\" valign=\"top\">\n<p class=\"p2\"><b>Reaction to fire:<\/b><\/p>\n<\/td>\n<td class=\"td2\" valign=\"top\">\n<p class=\"p1\"><strong>Class 4<\/strong><\/p>\n<p class=\"p2\">UNI 8457; UNI 9174; DM 26\/6\/1984<\/p>\n<\/td>\n<\/tr>\n<tr>\n<td class=\"td1\" valign=\"top\">\n<p class=\"p2\"><b>Fire forformance from outside:<\/b><\/p>\n<\/td>\n<td class=\"td2\" valign=\"top\">\n<p class=\"p1\"><strong>BRoof T3<\/strong><\/p>\n<p class=\"p2\">UNI EN 13501-5; UNI CEN\/TS 1187<\/p>\n<\/td>\n<\/tr>\n<tr>\n<td class=\"td1\" valign=\"top\">\n<p class=\"p1\"><strong>Thermal transmittance:<\/strong><\/p>\n<\/td>\n<td class=\"td2\" valign=\"top\">\n<p class=\"p1\"><strong>0,32 W\/m2 K<\/strong> for 90 mm thickness<\/p>\n<p class=\"p2\"><strong>0,27 W\/m2 K<\/strong> for 110 mm thickness<\/p>\n<p class=\"p2\"><strong>0,22 W\/m2 K<\/strong> for 130 mm thickness<\/p>\n<p class=\"p2\"><strong>0,19 W\/m2 K<\/strong> for 150 mm thickness<\/p>\n<\/td>\n<\/tr>\n<tr>\n<td class=\"td1\" valign=\"top\">\n<p class=\"p1\"><strong>Solar Reflectance Index (SRI):<\/strong><\/p>\n<\/td>\n<td class=\"td2\" valign=\"top\">\n<p class=\"p1\"><strong>External surface:<\/strong><\/p>\n<p class=\"p2\">Natural aluminium surfacing (N) <strong>107%<\/strong><\/p>\n<p class=\"p2\"><strong>Colored Aluminum:<\/strong><\/p>\n<p class=\"p2\">Off White RAL 9002 (W) <strong>73%<\/strong><br \/>\nGrey RAL 7023 (GR) <strong>42,6%<\/strong><br \/>\nTerracotta RAL 8004 (T) <strong>37,6%<\/strong><br \/>\nASTM E1980-11<\/p>\n<\/td>\n<\/tr>\n<\/tbody>\n<\/table>\n<p>[\/vc_column_text][vc_empty_space height=&#8221;50px&#8221;]    <\/div>\n<\/div><\/div>[\/vc_column][\/vc_row][vc_row css_animation=&#8221;&#8221; row_type=&#8221;row&#8221; use_row_as_full_screen_section=&#8221;no&#8221; type=&#8221;full_width&#8221; angled_section=&#8221;no&#8221; text_align=&#8221;left&#8221; background_image_as_pattern=&#8221;without_pattern&#8221; css=&#8221;.vc_custom_1684488632933{margin-bottom: 0px !important;border-top-width: 1px !important;padding-bottom: 0px !important;background-color: #d1d1d1 !important;border-top-color: #ffffff !important;border-top-style: solid !important;}&#8221; z_index=&#8221;&#8221;][vc_column width=&#8221;2\/3&#8243; offset=&#8221;vc_col-sm-offset-2 vc_col-xs-offset-1 vc_col-xs-10&#8243;][vc_empty_space height=&#8221;100px&#8221;][vc_column_text el_class=&#8221;prodotto_lavoro left_align_mobile&#8221; css=&#8221;.vc_custom_1688561385535{margin-bottom: -2.5em !important;}&#8221;]<\/p>\n<h2>CoverPan Agri<\/h2>\n<p>[\/vc_column_text][vc_column_text el_class=&#8221;h3lavoro left_align_mobile&#8221;]<\/p>\n<h3><span style=\"color: #e32219;\">For your project<\/span><\/h3>\n<p>[\/vc_column_text][vc_empty_space height=&#8221;100px&#8221; el_class=&#8221;no-mobile&#8221;][vc_empty_space height=&#8221;70px&#8221; el_class=&#8221;no-desk no-tab&#8221;][\/vc_column][\/vc_row][vc_row css_animation=&#8221;&#8221; row_type=&#8221;row&#8221; use_row_as_full_screen_section=&#8221;no&#8221; type=&#8221;full_width&#8221; angled_section=&#8221;no&#8221; text_align=&#8221;left&#8221; background_image_as_pattern=&#8221;without_pattern&#8221; css=&#8221;.vc_custom_1717065107242{margin-bottom: 0px !important;border-top-width: 0px !important;padding-bottom: 80px !important;background-color: #d1d1d1 !important;border-top-color: #ffffff !important;border-top-style: none !important;}&#8221; z_index=&#8221;&#8221;][vc_column width=&#8221;2\/3&#8243; offset=&#8221;vc_col-md-4 vc_col-sm-offset-2 vc_col-xs-offset-1 vc_col-xs-10&#8243;][vc_column_text]<\/p>\n<h3 style=\"font-family: rene-bieder-semibo, sans-serif; font-size: 28px; line-height: 34px; text-transform: none;\">Get the technical specifications<\/h3>\n<p>[\/vc_column_text][vc_empty_space height=&#8221;40px&#8221; el_class=&#8221;no-mobile no-tab&#8221;][vc_empty_space height=&#8221;14px&#8221; el_class=&#8221;no-desk&#8221;][vc_column_text]<\/p>\n<p style=\"font-family: rene-bieder-semibo, sans-serif; font-size: 24px; line-height: 18px; text-transform: none;\"><a href=\"https:\/\/my.ondulit.it\/~626Pv\">File DWG<\/a><\/p>\n<p>[\/vc_column_text][vc_empty_space height=&#8221;10px&#8221;][vc_column_text el_class=&#8221;hide&#8221;]<\/p>\n<p style=\"font-family: rene-bieder-semibo, sans-serif; font-size: 24px; line-height: 18px; text-transform: none;\"><a href=\"https:\/\/my.ondulit.it\/~hh5kq\">Technical Data Sheet<br \/>\n<\/a><\/p>\n<p>[\/vc_column_text][vc_empty_space height=&#8221;10px&#8221;][vc_column_text el_class=&#8221;hide&#8221;]<\/p>\n<p style=\"font-family: rene-bieder-semibo, sans-serif; font-size: 24px; line-height: 18px; text-transform: none;\"><a href=\"https:\/\/my.ondulit.it\/~vYSyn\">Installation manual<br \/>\n<\/a><\/p>\n<p>[\/vc_column_text][vc_empty_space height=&#8221;10px&#8221;][vc_column_text el_class=&#8221;hide&#8221;]<\/p>\n<p style=\"font-family: rene-bieder-semibo, sans-serif; font-size: 24px; line-height: 18px; text-transform: none;\"><a href=\"https:\/\/my.ondulit.it\/~mbyXU\">Technical Specifications<br \/>\n<\/a><\/p>\n<p>[\/vc_column_text][vc_empty_space height=&#8221;160px&#8221; el_class=&#8221;no-mobile no-tab&#8221;][vc_empty_space height=&#8221;70px&#8221; el_class=&#8221;no-desk&#8221;][vc_column_text]<\/p>\n<h3 style=\"font-family: rene-bieder-semibo, sans-serif; font-size: 30px; line-height: 34px; text-transform: none;\">Contact our support<\/h3>\n<p>[\/vc_column_text][vc_empty_space height=&#8221;14px&#8221; el_class=&#8221;no-desk&#8221;][vc_empty_space height=&#8221;40px&#8221; el_class=&#8221;no-mobile no-tab&#8221;][vc_column_text]<\/p>\n<p style=\"font-family: rene-bieder-semibo, sans-serif; font-size: 20px; line-height: 18px; text-transform: none;\">Tel: <a href=\"tel:+390658330880\">+39 0658330880<\/a><\/p>\n<p>[\/vc_column_text][vc_empty_space height=&#8221;10px&#8221;][vc_column_text]<\/p>\n<p style=\"font-family: rene-bieder-semibo, sans-serif; font-size: 20px; line-height: 18px; text-transform: none;\">Email: <a href=\"mailto:info@ondulit.it\">info@ondulit.it<\/a><\/p>\n<p>[\/vc_column_text][vc_empty_space height=&#8221;70px&#8221; el_class=&#8221;no-desk no-mobile&#8221; css=&#8221;.vc_custom_1683538396926{background-color: #d1d1d1 !important;}&#8221;][\/vc_column][vc_column width=&#8221;2\/3&#8243; offset=&#8221;vc_col-md-offset-0 vc_col-md-4 vc_col-sm-offset-2 vc_hidden-xs&#8221;][vc_column_text]<\/p>\n<h3 style=\"font-family: rene-bieder-semibo, sans-serif; font-size: 28px; line-height: 34px; text-transform: none; text-align: left;\">Contact our team<\/h3>\n<p>[\/vc_column_text][vc_raw_html]JTNDc2NyaXB0JTIwZGF0YS1iMjQtZm9ybSUzRCUyMmlubGluZSUyRjM1JTJGdzJ4ZXliJTIyJTIwZGF0YS1za2lwLW1vdmluZyUzRCUyMnRydWUlMjIlM0UlMjhmdW5jdGlvbiUyOHclMkNkJTJDdSUyOSU3QnZhciUyMHMlM0RkLmNyZWF0ZUVsZW1lbnQlMjglMjdzY3JpcHQlMjclMjklM0JzLmFzeW5jJTNEdHJ1ZSUzQnMuc3JjJTNEdSUyQiUyNyUzRiUyNyUyQiUyOERhdGUubm93JTI4JTI5JTJGMTgwMDAwJTdDMCUyOSUzQnZhciUyMGglM0RkLmdldEVsZW1lbnRzQnlUYWdOYW1lJTI4JTI3c2NyaXB0JTI3JTI5JTVCMCU1RCUzQmgucGFyZW50Tm9kZS5pbnNlcnRCZWZvcmUlMjhzJTJDaCUyOSUzQiU3RCUyOSUyOHdpbmRvdyUyQ2RvY3VtZW50JTJDJTI3aHR0cHMlM0ElMkYlMkZteS5vbmR1bGl0Lml0JTJGdXBsb2FkJTJGY3JtJTJGZm9ybSUyRmxvYWRlcl8zNV93MnhleWIuanMlMjclMjklM0IlM0MlMkZzY3JpcHQlM0U=[\/vc_raw_html][\/vc_column][\/vc_row][vc_row css_animation=&#8221;&#8221; row_type=&#8221;row&#8221; use_row_as_full_screen_section=&#8221;no&#8221; type=&#8221;full_width&#8221; angled_section=&#8221;no&#8221; text_align=&#8221;left&#8221; background_image_as_pattern=&#8221;without_pattern&#8221; css=&#8221;.vc_custom_1687362300060{background-color: #f2f2f2 !important;background-position: center !important;background-repeat: no-repeat !important;background-size: cover !important;}&#8221; z_index=&#8221;&#8221; el_class=&#8221;hide&#8221;][vc_column width=&#8221;5\/6&#8243; offset=&#8221;vc_col-lg-offset-1 vc_col-lg-4 vc_col-md-offset-1 vc_col-md-5 vc_col-sm-offset-1 vc_col-xs-offset-1 vc_col-xs-10&#8243;][vc_empty_space height=&#8221;100px&#8221;][vc_column_text el_class=&#8221;h2text&#8221;]<\/p>\n<h2><span style=\"color: #e32219; white-space: normal !important;\">Il pannello ideale per l&#8217;isolamento termo-acustico<\/span><\/h2>\n<p>[\/vc_column_text][vc_empty_space height=&#8221;30px&#8221;][vc_column_text el_class=&#8221;justify&#8221;]<\/p>\n<p style=\"text-align: left;\">Nell&#8217;edilizia pubblica o in contesti di gestione immobiliare (SGR) \u00e8 necessario scegliere soluzioni di copertura che garantiscano benessere abitativo e risparmio nel tempo. CoverPi\u00f9 assicura comfort termico ed isolamento acustico. Certificato BRoofT3, \u00e8 il supporto ideale per impianti fotovoltaici.<\/p>\n<p>[\/vc_column_text][vc_empty_space height=&#8221;60px&#8221;][vc_column_text el_class=&#8221;h2text&#8221;]<a href=\"https:\/\/ondulit.it\/en\/sandwich-panels\/\"><span style=\"color: #ff2f20; white-space: normal !important; font-size: 18px;\">Back to sandwich panels<br \/>\n<\/span><\/a>[\/vc_column_text][vc_empty_space height=&#8221;60px&#8221; el_class=&#8221;no-desk&#8221;][\/vc_column][vc_column offset=&#8221;vc_col-lg-offset-1 vc_col-lg-6 vc_col-md-offset-0 vc_col-md-6 vc_col-sm-offset-0 vc_col-xs-12&#8243;][vc_gallery interval=&#8221;3&#8243; img_size=&#8221;full&#8221; css=&#8221;.vc_custom_1688467781373{margin-bottom: 0px !important;}&#8221;][\/vc_column][\/vc_row][vc_row css_animation=&#8221;&#8221; row_type=&#8221;row&#8221; use_row_as_full_screen_section=&#8221;no&#8221; type=&#8221;full_width&#8221; angled_section=&#8221;no&#8221; text_align=&#8221;left&#8221; background_image_as_pattern=&#8221;without_pattern&#8221; css=&#8221;.vc_custom_1684489831349{margin-top: 0px !important;margin-bottom: 0px !important;padding-top: 0px !important;padding-bottom: 0px !important;background-color: #f2f2f2 !important;background-position: center !important;background-repeat: no-repeat !important;background-size: cover !important;}&#8221; z_index=&#8221;&#8221; el_class=&#8221;flag&#8221; side_padding=&#8221;0&#8243; padding_top=&#8221;0&#8243;][vc_column css=&#8221;.vc_custom_1588178891415{margin-top: 0px !important;margin-bottom: 0px !important;padding-top: 0px !important;padding-bottom: 0px !important;}&#8221;][vc_single_image image=&#8221;73&#8243; img_size=&#8221;full&#8221; qode_css_animation=&#8221;&#8221; css=&#8221;.vc_custom_1588178725142{margin-top: 0px !important;margin-bottom: 0px !important;padding-top: 0px !important;padding-bottom: 0px !important;}&#8221;][\/vc_column][\/vc_row]<\/p>\n<\/div>","protected":false},"excerpt":{"rendered":"<p>[vc_row css_animation=&#8221;&#8221; row_type=&#8221;row&#8221; use_row_as_full_screen_section=&#8221;no&#8221; type=&#8221;full_width&#8221; angled_section=&#8221;no&#8221; text_align=&#8221;left&#8221; background_image_as_pattern=&#8221;without_pattern&#8221; css=&#8221;.vc_custom_1588061097153{background-color: #ffffff !important;background-position: center !important;background-repeat: no-repeat !important;background-size: cover !important;}&#8221; z_index=&#8221;30&#8243;][vc_column][vc_empty_space height=&#8221;80px&#8221; el_class=&#8221;no-desk&#8221;][vc_empty_space height=&#8221;100px&#8221; el_class=&#8221;no-mobile&#8221;][vc_row_inner row_type=&#8221;row&#8221; type=&#8221;grid&#8221; text_align=&#8221;center&#8221; css_animation=&#8221;&#8221; css=&#8221;.vc_custom_1588059442074{margin-bottom: 0px !important;padding-bottom: 0px !important;background-position: center !important;background-repeat: no-repeat !important;background-size: cover !important;}&#8221;][vc_column_inner offset=&#8221;vc_col-lg-offset-0 vc_col-lg-4 vc_col-md-offset-2 vc_col-md-4 vc_col-sm-offset-0 vc_col-xs-12&#8243;][vc_column_text el_class=&#8221;h3category&#8221; css=&#8221;.vc_custom_1691160716612{margin-top:&#8230;<\/p>\n","protected":false},"author":1286,"featured_media":11525,"parent":0,"menu_order":0,"comment_status":"closed","ping_status":"closed","template":"full_width.php","meta":{"footnotes":""},"categories":[],"tags":[],"class_list":["post-12758","page","type-page","status-publish","has-post-thumbnail","hentry"],"_links":{"self":[{"href":"https:\/\/ondulit.it\/en\/wp-json\/wp\/v2\/pages\/12758","targetHints":{"allow":["GET"]}}],"collection":[{"href":"https:\/\/ondulit.it\/en\/wp-json\/wp\/v2\/pages"}],"about":[{"href":"https:\/\/ondulit.it\/en\/wp-json\/wp\/v2\/types\/page"}],"author":[{"embeddable":true,"href":"https:\/\/ondulit.it\/en\/wp-json\/wp\/v2\/users\/1286"}],"replies":[{"embeddable":true,"href":"https:\/\/ondulit.it\/en\/wp-json\/wp\/v2\/comments?post=12758"}],"version-history":[{"count":11,"href":"https:\/\/ondulit.it\/en\/wp-json\/wp\/v2\/pages\/12758\/revisions"}],"predecessor-version":[{"id":15594,"href":"https:\/\/ondulit.it\/en\/wp-json\/wp\/v2\/pages\/12758\/revisions\/15594"}],"wp:featuredmedia":[{"embeddable":true,"href":"https:\/\/ondulit.it\/en\/wp-json\/wp\/v2\/media\/11525"}],"wp:attachment":[{"href":"https:\/\/ondulit.it\/en\/wp-json\/wp\/v2\/media?parent=12758"}],"wp:term":[{"taxonomy":"category","embeddable":true,"href":"https:\/\/ondulit.it\/en\/wp-json\/wp\/v2\/categories?post=12758"},{"taxonomy":"post_tag","embeddable":true,"href":"https:\/\/ondulit.it\/en\/wp-json\/wp\/v2\/tags?post=12758"}],"curies":[{"name":"wp","href":"https:\/\/api.w.org\/{rel}","templated":true}]}}